{"id":927,"date":"2012-04-14T18:41:02","date_gmt":"2012-04-14T18:41:02","guid":{"rendered":"http:\/\/176.9.29.233\/~paroqui3\/?page_id=927"},"modified":"2012-04-14T21:20:38","modified_gmt":"2012-04-14T21:20:38","slug":"5o-misterio-glorioso","status":"publish","type":"page","link":"http:\/\/www.paroquiadoscanhas.pt\/?page_id=927","title":{"rendered":"5\u00ba Mist\u00e9rio Glorioso"},"content":{"rendered":"<p><strong>5\u00ba Mist\u00e9rio Glorioso<\/strong><\/p>\n<p><strong>A Coroa\u00e7\u00e3o de Nossa Senhora como Rainha do C\u00e9u e da Terra <a href=\"http:\/\/paroquiadoscanhas.pt\/wp-content\/uploads\/2012\/04\/a5.jpg\"><img loading=\"lazy\" decoding=\"async\" class=\"alignright size-full wp-image-928\" title=\"a5\" src=\"http:\/\/paroquiadoscanhas.pt\/wp-content\/uploads\/2012\/04\/a5.jpg\" alt=\"\" width=\"160\" height=\"214\" \/><\/a><\/strong><\/p>\n<p>O argumento principal, sobre o qual se fundamenta a dignidade r\u00e9gia de Maria, j\u00e1 evidente nos textos da tradi\u00e7\u00e3o antiga e na sagrada liturgia, \u00e9 sem d\u00favida alguma a sua divina maternidade. Com efeito, a prop\u00f3sito do Filho, que ser\u00e1 dado \u00e0 luz pela Virgem, afirma-se nas sagradas Escrituras: &#8220;Ser\u00e1 chamado Filho do Alt\u00edssimo e o Senhor Deus lhe dar\u00e1 o trono de David, seu pai, e ele reinar\u00e1 na casa de Jacob eternamente e o seu reino n\u00e3o ter\u00e1 fim.&#8221; (Lc 1, 3233); e, al\u00e9m disso, Maria \u00e9 proclamada &#8220;m\u00e3e do Senhor&#8221; (ib. 1, 413). Da\u00ed segue logicamente que ela pr\u00f3pria \u00e9 rainha, tendo dado a vida a um Filho, que desde o instante da concep\u00e7\u00e3o, mesmo como homem, era Rei e Senhor de todas as coisas, pela uni\u00e3o hipost\u00e1tica da natureza humana com o Verbo.<\/p>\n<p align=\"right\"><strong>Pio XII, &#8220;<em>ad coeli Reginam<\/em>&#8221;<br \/>\n<\/strong><\/p>\n","protected":false},"excerpt":{"rendered":"<p>5\u00ba Mist\u00e9rio Glorioso A Coroa\u00e7\u00e3o de Nossa Senhora como Rainha do C\u00e9u e da Terra O argumento principal, sobre o qual se fundamenta a dignidade r\u00e9gia de Maria, j\u00e1 evidente nos textos da tradi\u00e7\u00e3o antiga e na sagrada liturgia, \u00e9 &hellip; <a href=\"http:\/\/www.paroquiadoscanhas.pt\/?page_id=927\">Continue reading <span class=\"meta-nav\">&rarr;<\/span><\/a><\/p>\n","protected":false},"author":1,"featured_media":0,"parent":0,"menu_order":0,"comment_status":"closed","ping_status":"closed","template":"","meta":{"footnotes":""},"class_list":["post-927","page","type-page","status-publish","hentry"],"_links":{"self":[{"href":"http:\/\/www.paroquiadoscanhas.pt\/index.php?rest_route=\/wp\/v2\/pages\/927","targetHints":{"allow":["GET"]}}],"collection":[{"href":"http:\/\/www.paroquiadoscanhas.pt\/index.php?rest_route=\/wp\/v2\/pages"}],"about":[{"href":"http:\/\/www.paroquiadoscanhas.pt\/index.php?rest_route=\/wp\/v2\/types\/page"}],"author":[{"embeddable":true,"href":"http:\/\/www.paroquiadoscanhas.pt\/index.php?rest_route=\/wp\/v2\/users\/1"}],"replies":[{"embeddable":true,"href":"http:\/\/www.paroquiadoscanhas.pt\/index.php?rest_route=%2Fwp%2Fv2%2Fcomments&post=927"}],"version-history":[{"count":3,"href":"http:\/\/www.paroquiadoscanhas.pt\/index.php?rest_route=\/wp\/v2\/pages\/927\/revisions"}],"predecessor-version":[{"id":935,"href":"http:\/\/www.paroquiadoscanhas.pt\/index.php?rest_route=\/wp\/v2\/pages\/927\/revisions\/935"}],"wp:attachment":[{"href":"http:\/\/www.paroquiadoscanhas.pt\/index.php?rest_route=%2Fwp%2Fv2%2Fmedia&parent=927"}],"curies":[{"name":"wp","href":"https:\/\/api.w.org\/{rel}","templated":true}]}}