{"id":924,"date":"2012-04-14T18:36:16","date_gmt":"2012-04-14T18:36:16","guid":{"rendered":"http:\/\/176.9.29.233\/~paroqui3\/?page_id=924"},"modified":"2012-04-14T21:28:15","modified_gmt":"2012-04-14T21:28:15","slug":"4o-misterio-glorioso","status":"publish","type":"page","link":"http:\/\/www.paroquiadoscanhas.pt\/?page_id=924","title":{"rendered":"4\u00ba Mist\u00e9rio Glorioso"},"content":{"rendered":"<p><strong>4\u00ba Mist\u00e9rio Glorioso<\/strong><\/p>\n<p><strong>A Assun\u00e7\u00e3o de Nossa Senhora ao C\u00e9u<a href=\"http:\/\/paroquiadoscanhas.pt\/wp-content\/uploads\/2012\/04\/a4.jpg\"><img loading=\"lazy\" decoding=\"async\" class=\"alignright size-full wp-image-925\" title=\"a4\" src=\"http:\/\/paroquiadoscanhas.pt\/wp-content\/uploads\/2012\/04\/a4.jpg\" alt=\"\" width=\"160\" height=\"214\" \/><\/a><\/strong><\/p>\n<p>Depois de termos dirigido a Deus repetidas s\u00faplicas, e de termos invocado a luz do Esp\u00edrito de verdade, para gl\u00f3ria de Deus omnipotente que \u00e0 Virgem Maria concedeu a sua especial benevol\u00eancia para honra do seu Filho, Rei imortal dos s\u00e9culos e triunfador do pecado e da morte, para aumento da gl\u00f3ria da Sua augusta M\u00e3e, e para gozo e j\u00fabilo de toda a Igreja, com a autoridade de Nosso Senhor Jesus Cristo, dos Bem-aventurados Ap\u00f3stolos S.Pedro e S.Paulo, pronunciamos, declaramos e definimos ser dogma divinamente revelado que a Imaculada M\u00e3e de Deus terminado a vida terrena foi elevada ao c\u00e9u em corpo e alma.<\/p>\n<p>\u00a0\u00a0\u00a0\u00a0\u00a0\u00a0\u00a0\u00a0\u00a0\u00a0\u00a0\u00a0\u00a0\u00a0\u00a0\u00a0\u00a0\u00a0\u00a0\u00a0\u00a0\u00a0\u00a0\u00a0\u00a0\u00a0\u00a0\u00a0\u00a0\u00a0\u00a0\u00a0\u00a0\u00a0\u00a0\u00a0\u00a0\u00a0\u00a0\u00a0\u00a0\u00a0\u00a0\u00a0\u00a0\u00a0\u00a0\u00a0\u00a0\u00a0\u00a0\u00a0\u00a0\u00a0\u00a0\u00a0\u00a0\u00a0\u00a0\u00a0\u00a0\u00a0\u00a0\u00a0\u00a0\u00a0\u00a0\u00a0\u00a0\u00a0\u00a0\u00a0\u00a0\u00a0 <strong>Pio XII, &#8220;Munificentissimus Deus&#8221;<br \/>\n1 de Novembro do Ano Santo de 1950<\/strong><\/p>\n<p style=\"text-align: left;\"><a title=\"5\u00ba Mist\u00e9rio Glorioso\" href=\"http:\/\/paroquiadoscanhas.pt\/?page_id=927\">5\u00ba Mist\u00e9rio<\/a><\/p>\n","protected":false},"excerpt":{"rendered":"<p>4\u00ba Mist\u00e9rio Glorioso A Assun\u00e7\u00e3o de Nossa Senhora ao C\u00e9u Depois de termos dirigido a Deus repetidas s\u00faplicas, e de termos invocado a luz do Esp\u00edrito de verdade, para gl\u00f3ria de Deus omnipotente que \u00e0 Virgem Maria concedeu a sua &hellip; <a href=\"http:\/\/www.paroquiadoscanhas.pt\/?page_id=924\">Continue reading <span class=\"meta-nav\">&rarr;<\/span><\/a><\/p>\n","protected":false},"author":1,"featured_media":0,"parent":0,"menu_order":0,"comment_status":"closed","ping_status":"closed","template":"","meta":{"footnotes":""},"class_list":["post-924","page","type-page","status-publish","hentry"],"_links":{"self":[{"href":"http:\/\/www.paroquiadoscanhas.pt\/index.php?rest_route=\/wp\/v2\/pages\/924","targetHints":{"allow":["GET"]}}],"collection":[{"href":"http:\/\/www.paroquiadoscanhas.pt\/index.php?rest_route=\/wp\/v2\/pages"}],"about":[{"href":"http:\/\/www.paroquiadoscanhas.pt\/index.php?rest_route=\/wp\/v2\/types\/page"}],"author":[{"embeddable":true,"href":"http:\/\/www.paroquiadoscanhas.pt\/index.php?rest_route=\/wp\/v2\/users\/1"}],"replies":[{"embeddable":true,"href":"http:\/\/www.paroquiadoscanhas.pt\/index.php?rest_route=%2Fwp%2Fv2%2Fcomments&post=924"}],"version-history":[{"count":3,"href":"http:\/\/www.paroquiadoscanhas.pt\/index.php?rest_route=\/wp\/v2\/pages\/924\/revisions"}],"predecessor-version":[{"id":941,"href":"http:\/\/www.paroquiadoscanhas.pt\/index.php?rest_route=\/wp\/v2\/pages\/924\/revisions\/941"}],"wp:attachment":[{"href":"http:\/\/www.paroquiadoscanhas.pt\/index.php?rest_route=%2Fwp%2Fv2%2Fmedia&parent=924"}],"curies":[{"name":"wp","href":"https:\/\/api.w.org\/{rel}","templated":true}]}}