{"id":919,"date":"2012-04-14T18:30:42","date_gmt":"2012-04-14T18:30:42","guid":{"rendered":"http:\/\/176.9.29.233\/~paroqui3\/?page_id=919"},"modified":"2012-04-14T21:27:09","modified_gmt":"2012-04-14T21:27:09","slug":"3o-misterio-glorioso","status":"publish","type":"page","link":"http:\/\/www.paroquiadoscanhas.pt\/?page_id=919","title":{"rendered":"3\u00ba Mist\u00e9rio Glorioso"},"content":{"rendered":"<p><strong>3\u00ba Mist\u00e9rio Glorioso<\/strong><\/p>\n<p><strong>A Descida do Esp\u00edrito Santo sobre os Ap\u00f3stolos<a href=\"http:\/\/paroquiadoscanhas.pt\/wp-content\/uploads\/2012\/04\/a3.jpg\"><img loading=\"lazy\" decoding=\"async\" class=\"alignright size-full wp-image-920\" title=\"a3\" src=\"http:\/\/paroquiadoscanhas.pt\/wp-content\/uploads\/2012\/04\/a3.jpg\" alt=\"\" width=\"160\" height=\"214\" \/><\/a><\/strong><\/p>\n<p style=\"text-align: justify;\">Quando chegou o dia do Pentecostes, encontravam-se todos reunidos no mesmo lugar. Subitamente ressoou, vindo do C\u00e9u, um som compar\u00e1vel ao de uma forte rajada de vento, que encheu toda a casa. Viram, ent\u00e3o, aparecer umas l\u00ednguas, \u00e0 maneira de fogo, que se iam dividindo, e poisou uma sobre cada um deles. Todos ficaram cheios do Esp\u00edrito Santo e come\u00e7aram a falar outras l\u00ednguas, conforme o Esp\u00edrito lhes inspirava que se exprimissem. Ora, residiam em Jerusal\u00e9m judeus piedosos provenientes de todas as na\u00e7\u00f5es que h\u00e1 debaixo do C\u00e9u. Ao ouvir aquele som poderoso, a multid\u00e3o reuniu-se e ficou estupefacta, pois cada um os ouvia falar na sua pr\u00f3pria l\u00edngua. At\u00f3nitos e maravilhados, diziam: &#8220;Mas esses que est\u00e3o a falar n\u00e3o s\u00e3o todos da Galileia? Que se passa, ent\u00e3o, para que cada um de n\u00f3s os oi\u00e7a a falar na nossa l\u00edngua materna? Partos, medos, elamitas, habitantes da Mesopot\u00e2mia, da Judeia e da Capad\u00f3cia, do Ponto e da \u00c1sia, da Fr\u00edgia e da Panf\u00edlia, do Egipto e das regi\u00f5es da L\u00edbia, vizinha de Cirene, colonos de Roma, judeus e pros\u00e9litos, cretenses e \u00e1rabes ouvimo-los anunciar, nas nossas l\u00ednguas, as maravilhas de Deus!&#8221;<\/p>\n<p align=\"right\"><strong>Actos dos Ap\u00f3stolos 2, 1-11<\/strong><\/p>\n<p style=\"text-align: left;\" align=\"right\"><a title=\"4\u00ba Mist\u00e9rio Glorioso\" href=\"http:\/\/paroquiadoscanhas.pt\/?page_id=924\">4\u00ba Mist\u00e9rio<\/a><\/p>\n","protected":false},"excerpt":{"rendered":"<p>3\u00ba Mist\u00e9rio Glorioso A Descida do Esp\u00edrito Santo sobre os Ap\u00f3stolos Quando chegou o dia do Pentecostes, encontravam-se todos reunidos no mesmo lugar. Subitamente ressoou, vindo do C\u00e9u, um som compar\u00e1vel ao de uma forte rajada de vento, que encheu &hellip; <a href=\"http:\/\/www.paroquiadoscanhas.pt\/?page_id=919\">Continue reading <span class=\"meta-nav\">&rarr;<\/span><\/a><\/p>\n","protected":false},"author":1,"featured_media":0,"parent":0,"menu_order":0,"comment_status":"closed","ping_status":"closed","template":"","meta":{"footnotes":""},"class_list":["post-919","page","type-page","status-publish","hentry"],"_links":{"self":[{"href":"http:\/\/www.paroquiadoscanhas.pt\/index.php?rest_route=\/wp\/v2\/pages\/919","targetHints":{"allow":["GET"]}}],"collection":[{"href":"http:\/\/www.paroquiadoscanhas.pt\/index.php?rest_route=\/wp\/v2\/pages"}],"about":[{"href":"http:\/\/www.paroquiadoscanhas.pt\/index.php?rest_route=\/wp\/v2\/types\/page"}],"author":[{"embeddable":true,"href":"http:\/\/www.paroquiadoscanhas.pt\/index.php?rest_route=\/wp\/v2\/users\/1"}],"replies":[{"embeddable":true,"href":"http:\/\/www.paroquiadoscanhas.pt\/index.php?rest_route=%2Fwp%2Fv2%2Fcomments&post=919"}],"version-history":[{"count":5,"href":"http:\/\/www.paroquiadoscanhas.pt\/index.php?rest_route=\/wp\/v2\/pages\/919\/revisions"}],"predecessor-version":[{"id":940,"href":"http:\/\/www.paroquiadoscanhas.pt\/index.php?rest_route=\/wp\/v2\/pages\/919\/revisions\/940"}],"wp:attachment":[{"href":"http:\/\/www.paroquiadoscanhas.pt\/index.php?rest_route=%2Fwp%2Fv2%2Fmedia&parent=919"}],"curies":[{"name":"wp","href":"https:\/\/api.w.org\/{rel}","templated":true}]}}