{"id":916,"date":"2012-04-14T18:22:06","date_gmt":"2012-04-14T18:22:06","guid":{"rendered":"http:\/\/176.9.29.233\/~paroqui3\/?page_id=916"},"modified":"2012-04-14T21:26:09","modified_gmt":"2012-04-14T21:26:09","slug":"2o-misterio-glorioso","status":"publish","type":"page","link":"http:\/\/www.paroquiadoscanhas.pt\/?page_id=916","title":{"rendered":"2\u00ba Mist\u00e9rio Glorioso"},"content":{"rendered":"<p><strong><span style=\"font-size: small; color: #000000;\">2\u00ba \u00a0Mist\u00e9rio Glorioso<\/span><\/strong><\/p>\n<h2 style=\"text-align: justify;\"><span style=\"font-size: small; color: #000000;\">A Ascens\u00e3o de Jesus ao C\u00e9u<a href=\"http:\/\/paroquiadoscanhas.pt\/wp-content\/uploads\/2012\/04\/a2.jpg\"><img loading=\"lazy\" decoding=\"async\" class=\"alignright size-full wp-image-917\" title=\"a2\" src=\"http:\/\/paroquiadoscanhas.pt\/wp-content\/uploads\/2012\/04\/a2.jpg\" alt=\"\" width=\"160\" height=\"214\" \/><\/a><\/span><\/h2>\n<p style=\"text-align: justify;\">Estavam todos reunidos, quando Lhe perguntaram: &#8220;Senhor, \u00e9 agora que vais restaurar o reino de Israel? &#8221; Respondeu-lhes: &#8220;N\u00e3o vos compete saber os tempos nem os momentos que o Pai fixou com a Sua autoridade. Mas ides receber uma for\u00e7a, a do Esp\u00edrito Santo, que descer\u00e1 sobre v\u00f3s, e sereis Minhas testemunhas em Jerusal\u00e9m, por toda a Judeia e Samaria, e at\u00e9 aos confins do mundo.&#8221; Dito isto, elevou-Se \u00e0 vista deles e uma nuvem subtraiu-O a seus olhos. E como estavam de olhos fixos no C\u00e9u enquanto Ele se afastava, surgiram de repente dois homens vestidos de branco, que lhes disseram: &#8220;Homens da Galileia, por que estais assim a olhar para o C\u00e9u? Esse Jesus, que vos foi arrebatado para o C\u00e9u, vir\u00e1 da mesma maneira, como agora O vistes partir para o C\u00e9u.&#8221;<\/p>\n<p align=\"right\"><strong>Actos dos Ap\u00f3stolos 1, 6-11<\/strong><\/p>\n<p style=\"text-align: left;\" align=\"right\"><a title=\"3\u00ba Mist\u00e9rio Glorioso\" href=\"http:\/\/paroquiadoscanhas.pt\/?page_id=919\">3\u00ba Mist\u00e9rio<\/a><\/p>\n","protected":false},"excerpt":{"rendered":"<p>2\u00ba \u00a0Mist\u00e9rio Glorioso A Ascens\u00e3o de Jesus ao C\u00e9u Estavam todos reunidos, quando Lhe perguntaram: &#8220;Senhor, \u00e9 agora que vais restaurar o reino de Israel? &#8221; Respondeu-lhes: &#8220;N\u00e3o vos compete saber os tempos nem os momentos que o Pai fixou &hellip; <a href=\"http:\/\/www.paroquiadoscanhas.pt\/?page_id=916\">Continue reading <span class=\"meta-nav\">&rarr;<\/span><\/a><\/p>\n","protected":false},"author":1,"featured_media":0,"parent":0,"menu_order":0,"comment_status":"closed","ping_status":"closed","template":"","meta":{"footnotes":""},"class_list":["post-916","page","type-page","status-publish","hentry"],"_links":{"self":[{"href":"http:\/\/www.paroquiadoscanhas.pt\/index.php?rest_route=\/wp\/v2\/pages\/916","targetHints":{"allow":["GET"]}}],"collection":[{"href":"http:\/\/www.paroquiadoscanhas.pt\/index.php?rest_route=\/wp\/v2\/pages"}],"about":[{"href":"http:\/\/www.paroquiadoscanhas.pt\/index.php?rest_route=\/wp\/v2\/types\/page"}],"author":[{"embeddable":true,"href":"http:\/\/www.paroquiadoscanhas.pt\/index.php?rest_route=\/wp\/v2\/users\/1"}],"replies":[{"embeddable":true,"href":"http:\/\/www.paroquiadoscanhas.pt\/index.php?rest_route=%2Fwp%2Fv2%2Fcomments&post=916"}],"version-history":[{"count":3,"href":"http:\/\/www.paroquiadoscanhas.pt\/index.php?rest_route=\/wp\/v2\/pages\/916\/revisions"}],"predecessor-version":[{"id":939,"href":"http:\/\/www.paroquiadoscanhas.pt\/index.php?rest_route=\/wp\/v2\/pages\/916\/revisions\/939"}],"wp:attachment":[{"href":"http:\/\/www.paroquiadoscanhas.pt\/index.php?rest_route=%2Fwp%2Fv2%2Fmedia&parent=916"}],"curies":[{"name":"wp","href":"https:\/\/api.w.org\/{rel}","templated":true}]}}