{"id":906,"date":"2012-04-14T18:16:46","date_gmt":"2012-04-14T18:16:46","guid":{"rendered":"http:\/\/176.9.29.233\/~paroqui3\/?page_id=906"},"modified":"2012-04-14T21:25:04","modified_gmt":"2012-04-14T21:25:04","slug":"1o-misterio-glorioso","status":"publish","type":"page","link":"http:\/\/www.paroquiadoscanhas.pt\/?page_id=906","title":{"rendered":"1\u00ba Mist\u00e9rio Glorioso"},"content":{"rendered":"<h1><strong><span style=\"font-size: small; color: #000000;\">1\u00ba\u00a0Mist\u00e9rio Glorioso<\/span><\/strong><\/h1>\n<p><strong><span style=\"font-size: small; color: #000000;\">A Ressurrei\u00e7\u00e3o de Nosso Senhor Jesus Cristo<a href=\"http:\/\/paroquiadoscanhas.pt\/wp-content\/uploads\/2012\/04\/a14.jpg\"><img loading=\"lazy\" decoding=\"async\" class=\"alignright size-full wp-image-911\" title=\"a1\" src=\"http:\/\/paroquiadoscanhas.pt\/wp-content\/uploads\/2012\/04\/a14.jpg\" alt=\"\" width=\"160\" height=\"214\" \/><\/a><\/span><\/strong><\/p>\n<p style=\"text-align: justify;\">Maria estava junto ao sepulcro, da parte de fora, a chorar. Enquanto chorava, debru\u00e7ou-se para dentro do sepulcro e viu dois Anjos vestidos de branco sentados, um \u00e0 cabeceira e outro aos p\u00e9s, onde jazera o corpo de Jesus. Perguntaram-lhe eles:\u00a0 &#8220;Mulher, por que choras?&#8221; &#8220;Porque levaram o meu Senhor, respondeu, e n\u00e3o sei onde O puseram.&#8221;Dito isto, voltou-se para tr\u00e1s e viu Jesus de p\u00e9, mas n\u00e3o sabia que era Jesus. Disse-lhe Ele:\u00a0 &#8220;Mulher, por que choras? Quem procuras? &#8221; Pensando que era o jardineiro, ela disse-lhe: &#8220;Senhor, se foste tu que O levaste, diz-me onde O puseste e eu irei busc\u00e1-l&#8217;O.&#8221;Disse-lhe Jesus: &#8220;Maria!&#8221; Ela, aproximando-se exclamou: &#8220;Rabbuni!&#8221; que quer dizer: Mestre! Jesus disse-lhe: &#8220;N\u00e3o Me detenhas, porque ainda n\u00e3o subi para Meu Pai, mas vai ter com os Meus irm\u00e3os e diz-lhes que vou subir para Meu e vosso Pai, Meu Deus e vosso Deus.&#8221; Maria de Magdala foi dar a nova aos disc\u00edpulos: &#8220;Vi o Senhor!&#8221;, contando o que Ele lhe dissera.<\/p>\n<p align=\"right\"><strong>Jo\u00e3o 20, 11-18<\/strong><\/p>\n<p style=\"text-align: left;\" align=\"right\"><a title=\"2\u00ba Mist\u00e9rio Glorioso\" href=\"http:\/\/paroquiadoscanhas.pt\/?page_id=916\">2\u00ba Mist\u00e9rio<\/a><\/p>\n","protected":false},"excerpt":{"rendered":"<p>1\u00ba\u00a0Mist\u00e9rio Glorioso A Ressurrei\u00e7\u00e3o de Nosso Senhor Jesus Cristo Maria estava junto ao sepulcro, da parte de fora, a chorar. Enquanto chorava, debru\u00e7ou-se para dentro do sepulcro e viu dois Anjos vestidos de branco sentados, um \u00e0 cabeceira e outro &hellip; <a href=\"http:\/\/www.paroquiadoscanhas.pt\/?page_id=906\">Continue reading <span class=\"meta-nav\">&rarr;<\/span><\/a><\/p>\n","protected":false},"author":1,"featured_media":0,"parent":0,"menu_order":0,"comment_status":"closed","ping_status":"closed","template":"","meta":{"footnotes":""},"class_list":["post-906","page","type-page","status-publish","hentry"],"_links":{"self":[{"href":"http:\/\/www.paroquiadoscanhas.pt\/index.php?rest_route=\/wp\/v2\/pages\/906","targetHints":{"allow":["GET"]}}],"collection":[{"href":"http:\/\/www.paroquiadoscanhas.pt\/index.php?rest_route=\/wp\/v2\/pages"}],"about":[{"href":"http:\/\/www.paroquiadoscanhas.pt\/index.php?rest_route=\/wp\/v2\/types\/page"}],"author":[{"embeddable":true,"href":"http:\/\/www.paroquiadoscanhas.pt\/index.php?rest_route=\/wp\/v2\/users\/1"}],"replies":[{"embeddable":true,"href":"http:\/\/www.paroquiadoscanhas.pt\/index.php?rest_route=%2Fwp%2Fv2%2Fcomments&post=906"}],"version-history":[{"count":6,"href":"http:\/\/www.paroquiadoscanhas.pt\/index.php?rest_route=\/wp\/v2\/pages\/906\/revisions"}],"predecessor-version":[{"id":938,"href":"http:\/\/www.paroquiadoscanhas.pt\/index.php?rest_route=\/wp\/v2\/pages\/906\/revisions\/938"}],"wp:attachment":[{"href":"http:\/\/www.paroquiadoscanhas.pt\/index.php?rest_route=%2Fwp%2Fv2%2Fmedia&parent=906"}],"curies":[{"name":"wp","href":"https:\/\/api.w.org\/{rel}","templated":true}]}}