{"id":881,"date":"2012-04-08T15:56:17","date_gmt":"2012-04-08T15:56:17","guid":{"rendered":"http:\/\/176.9.29.233\/~paroqui3\/?page_id=881"},"modified":"2012-07-18T22:03:49","modified_gmt":"2012-07-18T22:03:49","slug":"oracao-da-noite","status":"publish","type":"page","link":"http:\/\/www.paroquiadoscanhas.pt\/?page_id=881","title":{"rendered":"Ora\u00e7\u00e3o da noite"},"content":{"rendered":"<p style=\"text-align: justify;\">Jesus<\/p>\n<p style=\"text-align: justify;\">De manh\u00e3 quis receber-Te com devo\u00e7\u00e3o, humildade e fervor, e pedir que fosses a armadura de F\u00e9 para todas as ocasi\u00f5es em que preciso de protec\u00e7\u00e3o e escudo para as ciladas a que o dia, sempre me sujeita.<\/p>\n<p style=\"text-align: justify;\">O dia est\u00e1 a terminar como todos os outros dias mas, este foi ainda mais especial e diferente e antes de ir dormir quero agradecer tudo o que me deste, em particular a fam\u00edlia, o trabalho, os amigos e tantas outras gra\u00e7as e dons que preenchem a minha vida e a mim.<a href=\"http:\/\/paroquiadoscanhas.pt\/wp-content\/uploads\/2012\/04\/Ora\u00e7\u00e3o-da-noite1.jpg\"><img loading=\"lazy\" decoding=\"async\" class=\"alignright  wp-image-889\" title=\"Ora\u00e7\u00e3o da noite\" src=\"http:\/\/paroquiadoscanhas.pt\/wp-content\/uploads\/2012\/04\/Ora\u00e7\u00e3o-da-noite1.jpg\" alt=\"\" width=\"220\" height=\"242\" srcset=\"http:\/\/www.paroquiadoscanhas.pt\/wp-content\/uploads\/2012\/04\/Ora\u00e7\u00e3o-da-noite1.jpg 425w, http:\/\/www.paroquiadoscanhas.pt\/wp-content\/uploads\/2012\/04\/Ora\u00e7\u00e3o-da-noite1-273x300.jpg 273w\" sizes=\"auto, (max-width: 220px) 100vw, 220px\" \/><\/a><\/p>\n<p style=\"text-align: justify;\">Venho dizer que Te entrego nas Tuas m\u00e3os a fadiga, a canseira, as alegrias, o sucesso\u00a0e os desencantos deste dia e pedir perd\u00e3o pelas impaci\u00eancias, pelas palavras pronunciadas enfim, pelos espinhos que cravei na Tua cabe\u00e7a e n\u00e3o quero ir dormir, sem antes sentir a Tua miseric\u00f3rdia. Sei que disseste, que \u201c<strong>Mesmo que os vossos pecados sejam como escarlate, tornar-se-\u00e3o<\/strong> <strong>brancos como a neve<\/strong>\u201d. (Is1,18). Estas palavras s\u00e3o b\u00e1lsamo e conforto para o meu cora\u00e7\u00e3o.<\/p>\n<p style=\"text-align: justify;\">Tamb\u00e9m Te pe\u00e7o, para rasgares do livro da minha vida as p\u00e1ginas com todos os momentos manchados e posso dizer-Te, mas que Tu j\u00e1 sabes, que n\u00e3o h\u00e1 maior tristeza e nada mais me magoa, do que n\u00e3o poder olhar o sorriso dos que j\u00e1 partiram, nem de lhes poder pedir perd\u00e3o.<\/p>\n<p style=\"text-align: justify;\">Vou dormir e no sil\u00eancio da noite aconchega o meu esp\u00edrito, devolve-me a serenidade, conforta o meu cora\u00e7\u00e3o e vela por mim enquanto durmo descansada, tranquila e feliz nos Teus bra\u00e7os.<\/p>\n<p style=\"text-align: justify;\">Amanh\u00e3, quando acordar, uma nova jornada me espera, mas sei que Tu estar\u00e1s ao meu lado em cada segundo.<\/p>\n<p style=\"text-align: justify;\">At\u00e9 amanh\u00e3<\/p>\n<p style=\"text-align: justify;\">Pai Nosso<\/p>\n<p style=\"text-align: justify;\">G\u00f3ria ao Pai<\/p>\n<p style=\"text-align: right;\">I.A.<\/p>\n","protected":false},"excerpt":{"rendered":"<p>Jesus De manh\u00e3 quis receber-Te com devo\u00e7\u00e3o, humildade e fervor, e pedir que fosses a armadura de F\u00e9 para todas as ocasi\u00f5es em que preciso de protec\u00e7\u00e3o e escudo para as ciladas a que o dia, sempre me sujeita. O &hellip; <a href=\"http:\/\/www.paroquiadoscanhas.pt\/?page_id=881\">Continue reading <span class=\"meta-nav\">&rarr;<\/span><\/a><\/p>\n","protected":false},"author":1,"featured_media":0,"parent":0,"menu_order":0,"comment_status":"closed","ping_status":"closed","template":"","meta":{"footnotes":""},"class_list":["post-881","page","type-page","status-publish","hentry"],"_links":{"self":[{"href":"http:\/\/www.paroquiadoscanhas.pt\/index.php?rest_route=\/wp\/v2\/pages\/881","targetHints":{"allow":["GET"]}}],"collection":[{"href":"http:\/\/www.paroquiadoscanhas.pt\/index.php?rest_route=\/wp\/v2\/pages"}],"about":[{"href":"http:\/\/www.paroquiadoscanhas.pt\/index.php?rest_route=\/wp\/v2\/types\/page"}],"author":[{"embeddable":true,"href":"http:\/\/www.paroquiadoscanhas.pt\/index.php?rest_route=\/wp\/v2\/users\/1"}],"replies":[{"embeddable":true,"href":"http:\/\/www.paroquiadoscanhas.pt\/index.php?rest_route=%2Fwp%2Fv2%2Fcomments&post=881"}],"version-history":[{"count":26,"href":"http:\/\/www.paroquiadoscanhas.pt\/index.php?rest_route=\/wp\/v2\/pages\/881\/revisions"}],"predecessor-version":[{"id":2045,"href":"http:\/\/www.paroquiadoscanhas.pt\/index.php?rest_route=\/wp\/v2\/pages\/881\/revisions\/2045"}],"wp:attachment":[{"href":"http:\/\/www.paroquiadoscanhas.pt\/index.php?rest_route=%2Fwp%2Fv2%2Fmedia&parent=881"}],"curies":[{"name":"wp","href":"https:\/\/api.w.org\/{rel}","templated":true}]}}