{"id":773,"date":"2012-04-05T21:54:57","date_gmt":"2012-04-05T21:54:57","guid":{"rendered":"http:\/\/176.9.29.233\/~paroqui3\/?page_id=773"},"modified":"2012-04-05T21:57:46","modified_gmt":"2012-04-05T21:57:46","slug":"misterios-dolorosos-2","status":"publish","type":"page","link":"http:\/\/www.paroquiadoscanhas.pt\/?page_id=773","title":{"rendered":"Mist\u00e9rios Dolorosos"},"content":{"rendered":"<p>Meditemos no mist\u00e9rio da Paix\u00e3o e Morte de Jesus.<\/p>\n<p><a title=\"1\u00ba Mist\u00e9rio Doloroso\" href=\"http:\/\/paroquiadoscanhas.pt\/?page_id=746\">1\u00ba Mist\u00e9rio Doloroso<\/a><\/p>\n","protected":false},"excerpt":{"rendered":"<p>Meditemos no mist\u00e9rio da Paix\u00e3o e Morte de Jesus. 1\u00ba Mist\u00e9rio Doloroso<\/p>\n","protected":false},"author":1,"featured_media":0,"parent":0,"menu_order":0,"comment_status":"closed","ping_status":"open","template":"","meta":{"footnotes":""},"class_list":["post-773","page","type-page","status-publish","hentry"],"_links":{"self":[{"href":"http:\/\/www.paroquiadoscanhas.pt\/index.php?rest_route=\/wp\/v2\/pages\/773","targetHints":{"allow":["GET"]}}],"collection":[{"href":"http:\/\/www.paroquiadoscanhas.pt\/index.php?rest_route=\/wp\/v2\/pages"}],"about":[{"href":"http:\/\/www.paroquiadoscanhas.pt\/index.php?rest_route=\/wp\/v2\/types\/page"}],"author":[{"embeddable":true,"href":"http:\/\/www.paroquiadoscanhas.pt\/index.php?rest_route=\/wp\/v2\/users\/1"}],"replies":[{"embeddable":true,"href":"http:\/\/www.paroquiadoscanhas.pt\/index.php?rest_route=%2Fwp%2Fv2%2Fcomments&post=773"}],"version-history":[{"count":5,"href":"http:\/\/www.paroquiadoscanhas.pt\/index.php?rest_route=\/wp\/v2\/pages\/773\/revisions"}],"predecessor-version":[{"id":778,"href":"http:\/\/www.paroquiadoscanhas.pt\/index.php?rest_route=\/wp\/v2\/pages\/773\/revisions\/778"}],"wp:attachment":[{"href":"http:\/\/www.paroquiadoscanhas.pt\/index.php?rest_route=%2Fwp%2Fv2%2Fmedia&parent=773"}],"curies":[{"name":"wp","href":"https:\/\/api.w.org\/{rel}","templated":true}]}}