{"id":767,"date":"2012-04-05T21:50:49","date_gmt":"2012-04-05T21:50:49","guid":{"rendered":"http:\/\/176.9.29.233\/~paroqui3\/?page_id=767"},"modified":"2012-04-07T09:31:59","modified_gmt":"2012-04-07T09:31:59","slug":"5o-misterio-doloroso","status":"publish","type":"page","link":"http:\/\/www.paroquiadoscanhas.pt\/?page_id=767","title":{"rendered":"5\u00ba Mist\u00e9rio Doloroso"},"content":{"rendered":"<p><span style=\"font-size: small; color: #000000;\"><strong>A Crucifica\u00e7\u00e3o e Morte de Nosso Senhor Jesus Cristo<\/strong><a href=\"http:\/\/paroquiadoscanhas.pt\/wp-content\/uploads\/2012\/04\/D5.jpg\"><img loading=\"lazy\" decoding=\"async\" class=\"alignright size-full wp-image-769\" title=\"D5\" src=\"http:\/\/paroquiadoscanhas.pt\/wp-content\/uploads\/2012\/04\/D5.jpg\" alt=\"\" width=\"160\" height=\"214\" \/><\/a><\/span><\/p>\n<p>Jesus, para nos salvar, morre na cruz, em presen\u00e7a da Sua M\u00e3e.<\/p>\n<p style=\"text-align: justify;\">Quando chegaram a um lugar chamado G\u00f3lgota, deram-Lhe a beber vinho misturado com fel. Mas,\u00a0Jesus n\u00e3o quis beber. Depois de O terem crucificado, repartiram entre si as Suas vestes, tirando-as \u00e0 sorte, e ficaram ali sentados a guard\u00e1-l&#8217;O. Por cima da Sua cabe\u00e7a, puseram uma placa:&#8221; Jesus Nazareno\u00a0Rei dos Judeus.&#8221; Foram crucificados com Ele dois salteadores, um \u00e0 direita e o outro \u00e0 esquerda. E, moribundo, Jesus clamou em alta voz: &#8221; Elli, Elli, lem\u00e1 sabacth\u00e1ni? &#8221; Significa: &#8220;Meu Deus, Meu Deus, por que Me abandonaste?&#8221; Alguns dos que ali se encontravam, disseram ao ouvi-l&#8217;O: &#8220;Est\u00e1 a chamar por Elias.&#8221; Um deles correu imediatamente, pegou numa esponja, embebeu-a em vinagre e, fixando-a numa vara, dava-Lhe de beber. Mas os outros disseram: &#8220;Deixa, vejamos se Elias vem salv\u00e1-l&#8217;O!&#8221; E, clamando outra vez em voz alta, Jesus expirou.<\/p>\n<p align=\"right\"><strong>Mateus 27, 33-38 e 46-50<\/strong><\/p>\n<p>\u00a0Pai Nosso<\/p>\n<p>Av\u00e9 Maria<\/p>\n<p>Gl\u00f3ria<\/p>\n","protected":false},"excerpt":{"rendered":"<p>A Crucifica\u00e7\u00e3o e Morte de Nosso Senhor Jesus Cristo Jesus, para nos salvar, morre na cruz, em presen\u00e7a da Sua M\u00e3e. Quando chegaram a um lugar chamado G\u00f3lgota, deram-Lhe a beber vinho misturado com fel. Mas,\u00a0Jesus n\u00e3o quis beber. Depois &hellip; <a href=\"http:\/\/www.paroquiadoscanhas.pt\/?page_id=767\">Continue reading <span class=\"meta-nav\">&rarr;<\/span><\/a><\/p>\n","protected":false},"author":1,"featured_media":0,"parent":0,"menu_order":0,"comment_status":"closed","ping_status":"open","template":"","meta":{"footnotes":""},"class_list":["post-767","page","type-page","status-publish","hentry"],"_links":{"self":[{"href":"http:\/\/www.paroquiadoscanhas.pt\/index.php?rest_route=\/wp\/v2\/pages\/767","targetHints":{"allow":["GET"]}}],"collection":[{"href":"http:\/\/www.paroquiadoscanhas.pt\/index.php?rest_route=\/wp\/v2\/pages"}],"about":[{"href":"http:\/\/www.paroquiadoscanhas.pt\/index.php?rest_route=\/wp\/v2\/types\/page"}],"author":[{"embeddable":true,"href":"http:\/\/www.paroquiadoscanhas.pt\/index.php?rest_route=\/wp\/v2\/users\/1"}],"replies":[{"embeddable":true,"href":"http:\/\/www.paroquiadoscanhas.pt\/index.php?rest_route=%2Fwp%2Fv2%2Fcomments&post=767"}],"version-history":[{"count":10,"href":"http:\/\/www.paroquiadoscanhas.pt\/index.php?rest_route=\/wp\/v2\/pages\/767\/revisions"}],"predecessor-version":[{"id":803,"href":"http:\/\/www.paroquiadoscanhas.pt\/index.php?rest_route=\/wp\/v2\/pages\/767\/revisions\/803"}],"wp:attachment":[{"href":"http:\/\/www.paroquiadoscanhas.pt\/index.php?rest_route=%2Fwp%2Fv2%2Fmedia&parent=767"}],"curies":[{"name":"wp","href":"https:\/\/api.w.org\/{rel}","templated":true}]}}