{"id":763,"date":"2012-04-05T21:45:37","date_gmt":"2012-04-05T21:45:37","guid":{"rendered":"http:\/\/176.9.29.233\/~paroqui3\/?page_id=763"},"modified":"2012-04-07T09:30:34","modified_gmt":"2012-04-07T09:30:34","slug":"4o-misterio-doloroso","status":"publish","type":"page","link":"http:\/\/www.paroquiadoscanhas.pt\/?page_id=763","title":{"rendered":"4\u00ba Mist\u00e9rio Doloroso"},"content":{"rendered":"<p>\u00a0<span style=\"font-size: small; color: #000000;\"><strong>Jesus leva a cruz aos ombros\u00a0a caminho do Calv\u00e1rio e encontra a Sua M\u00e3e<\/strong><a href=\"http:\/\/paroquiadoscanhas.pt\/wp-content\/uploads\/2012\/04\/D4.jpg\"><img loading=\"lazy\" decoding=\"async\" class=\"alignright size-full wp-image-764\" title=\"D4\" src=\"http:\/\/paroquiadoscanhas.pt\/wp-content\/uploads\/2012\/04\/D4.jpg\" alt=\"\" width=\"160\" height=\"214\" \/><\/a><\/span><\/p>\n<p>Jesus carrega \u00e0s costas a cruz. Seguiam-n&#8217;O uma grande massa de povo e umas mulheres que batiam no peito, se lamentavam e choravam por Ele. Jesus voltou-Se para elas e disse-lhes: &#8220;Filhas de Jerusal\u00e9m, n\u00e3o choreis por Mim, chorai antes por v\u00f3s mesmas e pelos vossos filhos, pois dias vir\u00e3o em que se dir\u00e1: &#8220;Felizes as est\u00e9reis, os ventres que n\u00e3o geraram e os peitos que n\u00e3o amamentaram&#8221;. H\u00e3o-de ent\u00e3o dizer aos montes: &#8220;Ca\u00ed sobre n\u00f3s!&#8221; E \u00e0s colinas: &#8220;Cobri-nos! &#8221; Porque, se tratam assim a madeira verde, o que n\u00e3o acontecer\u00e1 \u00e0 seca?&#8221;<\/p>\n<p align=\"right\"><strong>Lucas 23, 27-31<\/strong><\/p>\n<p style=\"text-align: left;\" align=\"right\"><a title=\"5\u00ba Mist\u00e9rio Doloroso\" href=\"http:\/\/paroquiadoscanhas.pt\/?page_id=767\">5\u00ba Mist\u00e9rio Doloroso<\/a><\/p>\n","protected":false},"excerpt":{"rendered":"<p>\u00a0Jesus leva a cruz aos ombros\u00a0a caminho do Calv\u00e1rio e encontra a Sua M\u00e3e Jesus carrega \u00e0s costas a cruz. Seguiam-n&#8217;O uma grande massa de povo e umas mulheres que batiam no peito, se lamentavam e choravam por Ele. Jesus &hellip; <a href=\"http:\/\/www.paroquiadoscanhas.pt\/?page_id=763\">Continue reading <span class=\"meta-nav\">&rarr;<\/span><\/a><\/p>\n","protected":false},"author":1,"featured_media":0,"parent":0,"menu_order":0,"comment_status":"closed","ping_status":"open","template":"","meta":{"footnotes":""},"class_list":["post-763","page","type-page","status-publish","hentry"],"_links":{"self":[{"href":"http:\/\/www.paroquiadoscanhas.pt\/index.php?rest_route=\/wp\/v2\/pages\/763","targetHints":{"allow":["GET"]}}],"collection":[{"href":"http:\/\/www.paroquiadoscanhas.pt\/index.php?rest_route=\/wp\/v2\/pages"}],"about":[{"href":"http:\/\/www.paroquiadoscanhas.pt\/index.php?rest_route=\/wp\/v2\/types\/page"}],"author":[{"embeddable":true,"href":"http:\/\/www.paroquiadoscanhas.pt\/index.php?rest_route=\/wp\/v2\/users\/1"}],"replies":[{"embeddable":true,"href":"http:\/\/www.paroquiadoscanhas.pt\/index.php?rest_route=%2Fwp%2Fv2%2Fcomments&post=763"}],"version-history":[{"count":5,"href":"http:\/\/www.paroquiadoscanhas.pt\/index.php?rest_route=\/wp\/v2\/pages\/763\/revisions"}],"predecessor-version":[{"id":848,"href":"http:\/\/www.paroquiadoscanhas.pt\/index.php?rest_route=\/wp\/v2\/pages\/763\/revisions\/848"}],"wp:attachment":[{"href":"http:\/\/www.paroquiadoscanhas.pt\/index.php?rest_route=%2Fwp%2Fv2%2Fmedia&parent=763"}],"curies":[{"name":"wp","href":"https:\/\/api.w.org\/{rel}","templated":true}]}}