{"id":756,"date":"2012-04-05T21:35:27","date_gmt":"2012-04-05T21:35:27","guid":{"rendered":"http:\/\/176.9.29.233\/~paroqui3\/?page_id=756"},"modified":"2012-04-07T09:28:24","modified_gmt":"2012-04-07T09:28:24","slug":"3o-misterio-doloroso","status":"publish","type":"page","link":"http:\/\/www.paroquiadoscanhas.pt\/?page_id=756","title":{"rendered":"3\u00ba Mist\u00e9rio Doloroso"},"content":{"rendered":"<p>\u00a0<span style=\"font-size: small; color: #000000;\"><strong>Jesus \u00e9 coroado de espinhos<\/strong><a href=\"http:\/\/paroquiadoscanhas.pt\/wp-content\/uploads\/2012\/04\/D3.jpg\"><img loading=\"lazy\" decoding=\"async\" class=\"alignright size-full wp-image-758\" title=\"D3\" src=\"http:\/\/paroquiadoscanhas.pt\/wp-content\/uploads\/2012\/04\/D3.jpg\" alt=\"\" width=\"160\" height=\"214\" \/><\/a><\/span><\/p>\n<p>Os soldados do governador conduziram Jesus para o pret\u00f3rio e reuniram toda a corte \u00e0 volta d&#8217;Ele. Despiram-n&#8217;O, envolveram-n&#8217;O num manto escarlate e fazendo uma coroa de espinhos, puseram-Lha sobre a cabe\u00e7a. Dobrando os joelhos diante d&#8217;Ele, escarneciam-n&#8217;O, dizendo: &#8220;Salv\u00e9, rei dos judeus!&#8221; E cuspindo-Lhe no rosto, tamb\u00e9m\u00a0 Lhe batiam.<\/p>\n<p align=\"right\"><strong>Mateus 27, 27-30<\/strong><\/p>\n<p style=\"text-align: left;\" align=\"right\"><a title=\"4\u00ba Mist\u00e9rio Doloroso\" href=\"http:\/\/paroquiadoscanhas.pt\/?page_id=763\">4\u00ba Mist\u00e9rio Doloroso<\/a><\/p>\n","protected":false},"excerpt":{"rendered":"<p>\u00a0Jesus \u00e9 coroado de espinhos Os soldados do governador conduziram Jesus para o pret\u00f3rio e reuniram toda a corte \u00e0 volta d&#8217;Ele. Despiram-n&#8217;O, envolveram-n&#8217;O num manto escarlate e fazendo uma coroa de espinhos, puseram-Lha sobre a cabe\u00e7a. Dobrando os joelhos &hellip; <a href=\"http:\/\/www.paroquiadoscanhas.pt\/?page_id=756\">Continue reading <span class=\"meta-nav\">&rarr;<\/span><\/a><\/p>\n","protected":false},"author":1,"featured_media":0,"parent":0,"menu_order":0,"comment_status":"closed","ping_status":"open","template":"","meta":{"footnotes":""},"class_list":["post-756","page","type-page","status-publish","hentry"],"_links":{"self":[{"href":"http:\/\/www.paroquiadoscanhas.pt\/index.php?rest_route=\/wp\/v2\/pages\/756","targetHints":{"allow":["GET"]}}],"collection":[{"href":"http:\/\/www.paroquiadoscanhas.pt\/index.php?rest_route=\/wp\/v2\/pages"}],"about":[{"href":"http:\/\/www.paroquiadoscanhas.pt\/index.php?rest_route=\/wp\/v2\/types\/page"}],"author":[{"embeddable":true,"href":"http:\/\/www.paroquiadoscanhas.pt\/index.php?rest_route=\/wp\/v2\/users\/1"}],"replies":[{"embeddable":true,"href":"http:\/\/www.paroquiadoscanhas.pt\/index.php?rest_route=%2Fwp%2Fv2%2Fcomments&post=756"}],"version-history":[{"count":8,"href":"http:\/\/www.paroquiadoscanhas.pt\/index.php?rest_route=\/wp\/v2\/pages\/756\/revisions"}],"predecessor-version":[{"id":846,"href":"http:\/\/www.paroquiadoscanhas.pt\/index.php?rest_route=\/wp\/v2\/pages\/756\/revisions\/846"}],"wp:attachment":[{"href":"http:\/\/www.paroquiadoscanhas.pt\/index.php?rest_route=%2Fwp%2Fv2%2Fmedia&parent=756"}],"curies":[{"name":"wp","href":"https:\/\/api.w.org\/{rel}","templated":true}]}}