{"id":751,"date":"2012-04-05T21:30:44","date_gmt":"2012-04-05T21:30:44","guid":{"rendered":"http:\/\/176.9.29.233\/~paroqui3\/?page_id=751"},"modified":"2012-04-07T09:25:59","modified_gmt":"2012-04-07T09:25:59","slug":"2o-misterio-doloroso","status":"publish","type":"page","link":"http:\/\/www.paroquiadoscanhas.pt\/?page_id=751","title":{"rendered":"2\u00ba Mist\u00e9rio Doloroso"},"content":{"rendered":"<table width=\"100%\" border=\"0\" cellspacing=\"0\" cellpadding=\"0\">\n<tbody>\n<tr>\n<td valign=\"top\">\n<p style=\"text-align: left;\" align=\"center\"><strong>A flagela\u00e7\u00e3o de Nosso Senhor Jesus Cristo<\/strong><a href=\"http:\/\/paroquiadoscanhas.pt\/wp-content\/uploads\/2012\/04\/D2.jpg\"><img loading=\"lazy\" decoding=\"async\" class=\"alignright size-full wp-image-753\" title=\"D2\" src=\"http:\/\/paroquiadoscanhas.pt\/wp-content\/uploads\/2012\/04\/D2.jpg\" alt=\"\" width=\"160\" height=\"214\" \/><\/a><\/p>\n<p style=\"text-align: left;\" align=\"center\">\u00a0Jesus \u00e9 cruelmente flagelado e a amargura trespassa o cora\u00e7\u00e3o de Sua M\u00e3e.<\/p>\n<p style=\"text-align: justify;\">Disse-Lhe Pilatos: &#8220;Logo, Tu \u00e9s rei!&#8221; Jesus retorquiu: &#8220;Tu o dizes! Eu sou Rei! Para isso nasci e para isso vim ao mundo, a fim de dar testemunho da Verdade. Todo aquele que vive da Verdade escuta a Minha voz.&#8221; Pilatos replicou-Lhe: &#8220;Que \u00e9 a verdade?&#8221; Dito isto, foi ter de novo com os judeus e disse-lhes: &#8220;N\u00e3o acho n&#8217;Ele culpa alguma. V\u00f3s tendes por costume que eu vos solte algu\u00e9m pela P\u00e1scoa. Quereis que vos solte o Rei dos judeus?&#8221; Mas eles gritaram de novo: &#8220;Esse n\u00e3o, solta Barrab\u00e1s.&#8221; Ora Barrab\u00e1s era um salteador. Ent\u00e3o, Pilatos mandou que levassem Jesus e O a\u00e7oitassem.<\/p>\n<p align=\"right\"><strong>Jo\u00e3o 18, 37-90 e 19, 1<\/strong><\/p>\n<p style=\"text-align: left;\" align=\"right\"><a title=\"3\u00ba Mist\u00e9rio Doloroso\" href=\"http:\/\/paroquiadoscanhas.pt\/?page_id=756\">3\u00ba Mist\u00e9rio Doloroso<\/a><\/p>\n<\/td>\n<td width=\"10\"><img loading=\"lazy\" decoding=\"async\" src=\"http:\/\/www.paroquias.org\/terco\/imagens\/space.gif\" alt=\"\" width=\"10\" height=\"10\" border=\"0\" \/><\/td>\n<\/tr>\n<\/tbody>\n<\/table>\n","protected":false},"excerpt":{"rendered":"<p>A flagela\u00e7\u00e3o de Nosso Senhor Jesus Cristo \u00a0Jesus \u00e9 cruelmente flagelado e a amargura trespassa o cora\u00e7\u00e3o de Sua M\u00e3e. Disse-Lhe Pilatos: &#8220;Logo, Tu \u00e9s rei!&#8221; Jesus retorquiu: &#8220;Tu o dizes! Eu sou Rei! Para isso nasci e para isso &hellip; <a href=\"http:\/\/www.paroquiadoscanhas.pt\/?page_id=751\">Continue reading <span class=\"meta-nav\">&rarr;<\/span><\/a><\/p>\n","protected":false},"author":1,"featured_media":0,"parent":0,"menu_order":0,"comment_status":"closed","ping_status":"open","template":"","meta":{"footnotes":""},"class_list":["post-751","page","type-page","status-publish","hentry"],"_links":{"self":[{"href":"http:\/\/www.paroquiadoscanhas.pt\/index.php?rest_route=\/wp\/v2\/pages\/751","targetHints":{"allow":["GET"]}}],"collection":[{"href":"http:\/\/www.paroquiadoscanhas.pt\/index.php?rest_route=\/wp\/v2\/pages"}],"about":[{"href":"http:\/\/www.paroquiadoscanhas.pt\/index.php?rest_route=\/wp\/v2\/types\/page"}],"author":[{"embeddable":true,"href":"http:\/\/www.paroquiadoscanhas.pt\/index.php?rest_route=\/wp\/v2\/users\/1"}],"replies":[{"embeddable":true,"href":"http:\/\/www.paroquiadoscanhas.pt\/index.php?rest_route=%2Fwp%2Fv2%2Fcomments&post=751"}],"version-history":[{"count":12,"href":"http:\/\/www.paroquiadoscanhas.pt\/index.php?rest_route=\/wp\/v2\/pages\/751\/revisions"}],"predecessor-version":[{"id":844,"href":"http:\/\/www.paroquiadoscanhas.pt\/index.php?rest_route=\/wp\/v2\/pages\/751\/revisions\/844"}],"wp:attachment":[{"href":"http:\/\/www.paroquiadoscanhas.pt\/index.php?rest_route=%2Fwp%2Fv2%2Fmedia&parent=751"}],"curies":[{"name":"wp","href":"https:\/\/api.w.org\/{rel}","templated":true}]}}