{"id":746,"date":"2012-04-05T21:25:09","date_gmt":"2012-04-05T21:25:09","guid":{"rendered":"http:\/\/176.9.29.233\/~paroqui3\/?page_id=746"},"modified":"2012-04-07T09:24:55","modified_gmt":"2012-04-07T09:24:55","slug":"misterios-dolorosos","status":"publish","type":"page","link":"http:\/\/www.paroquiadoscanhas.pt\/?page_id=746","title":{"rendered":"1\u00ba Mist\u00e9rio Doloroso"},"content":{"rendered":"<p><span style=\"font-size: small; color: #000000;\"><strong>A Agonia de Jesus no Jardim das Oliveiras<\/strong><a href=\"http:\/\/paroquiadoscanhas.pt\/wp-content\/uploads\/2012\/04\/D1.jpg\"><img loading=\"lazy\" decoding=\"async\" class=\"alignright size-full wp-image-790\" title=\"D1\" src=\"http:\/\/paroquiadoscanhas.pt\/wp-content\/uploads\/2012\/04\/D1.jpg\" alt=\"\" width=\"160\" height=\"214\" \/><\/a><\/span><\/p>\n<p style=\"text-align: justify;\">Jesus sa\u00edu \u00a0e foi como de costume, para o Monte das Oliveiras. E os disc\u00edpulos seguiram tamb\u00e9m com Ele. Quando chegou ao local, disse-lhes: &#8220;Orai para que n\u00e3o entreis em tenta\u00e7\u00e3o.&#8221; Depois afastou-Se deles e, posto de joelhos, come\u00e7ou a orar, dizendo: &#8220;Pai, se quiseres, afasta de Mim este c\u00e1lice; contudo, n\u00e3o se fa\u00e7a a minha vontade, mas a Tua. &#8221; Ent\u00e3o, vindo do C\u00e9u, apareceu-Lhe um Anjo que O confortava. Cheio de ang\u00fastia, p\u00f4s-Se a orar mais instantemente, e o suor tornou-se-Lhe como grossas gotas de sangue, que ca\u00edam na terra. Depois de orar, levantou-Se e foi ter com os disc\u00edpulos, encontrando-os a dormir devido \u00e0 tristeza. Disse-lhes: &#8220;Por que dormis? Levantai-vos e orai, para que n\u00e3o entreis em tenta\u00e7\u00e3o.&#8221;<\/p>\n<p align=\"right\"><strong>Lucas 22, 39-96<\/strong><\/p>\n<p style=\"text-align: left;\" align=\"right\"><a title=\"2\u00ba Mist\u00e9rio Doloroso\" href=\"http:\/\/paroquiadoscanhas.pt\/?page_id=751\">2\u00ba Mist\u00e9rio Doloroso<\/a><\/p>\n","protected":false},"excerpt":{"rendered":"<p>A Agonia de Jesus no Jardim das Oliveiras Jesus sa\u00edu \u00a0e foi como de costume, para o Monte das Oliveiras. E os disc\u00edpulos seguiram tamb\u00e9m com Ele. Quando chegou ao local, disse-lhes: &#8220;Orai para que n\u00e3o entreis em tenta\u00e7\u00e3o.&#8221; Depois &hellip; <a href=\"http:\/\/www.paroquiadoscanhas.pt\/?page_id=746\">Continue reading <span class=\"meta-nav\">&rarr;<\/span><\/a><\/p>\n","protected":false},"author":1,"featured_media":0,"parent":0,"menu_order":0,"comment_status":"closed","ping_status":"open","template":"","meta":{"footnotes":""},"class_list":["post-746","page","type-page","status-publish","hentry"],"_links":{"self":[{"href":"http:\/\/www.paroquiadoscanhas.pt\/index.php?rest_route=\/wp\/v2\/pages\/746","targetHints":{"allow":["GET"]}}],"collection":[{"href":"http:\/\/www.paroquiadoscanhas.pt\/index.php?rest_route=\/wp\/v2\/pages"}],"about":[{"href":"http:\/\/www.paroquiadoscanhas.pt\/index.php?rest_route=\/wp\/v2\/types\/page"}],"author":[{"embeddable":true,"href":"http:\/\/www.paroquiadoscanhas.pt\/index.php?rest_route=\/wp\/v2\/users\/1"}],"replies":[{"embeddable":true,"href":"http:\/\/www.paroquiadoscanhas.pt\/index.php?rest_route=%2Fwp%2Fv2%2Fcomments&post=746"}],"version-history":[{"count":10,"href":"http:\/\/www.paroquiadoscanhas.pt\/index.php?rest_route=\/wp\/v2\/pages\/746\/revisions"}],"predecessor-version":[{"id":843,"href":"http:\/\/www.paroquiadoscanhas.pt\/index.php?rest_route=\/wp\/v2\/pages\/746\/revisions\/843"}],"wp:attachment":[{"href":"http:\/\/www.paroquiadoscanhas.pt\/index.php?rest_route=%2Fwp%2Fv2%2Fmedia&parent=746"}],"curies":[{"name":"wp","href":"https:\/\/api.w.org\/{rel}","templated":true}]}}