{"id":743,"date":"2012-04-05T21:10:12","date_gmt":"2012-04-05T21:10:12","guid":{"rendered":"http:\/\/176.9.29.233\/~paroqui3\/?page_id=743"},"modified":"2012-04-05T21:10:12","modified_gmt":"2012-04-05T21:10:12","slug":"oracoes-finais","status":"publish","type":"page","link":"http:\/\/www.paroquiadoscanhas.pt\/?page_id=743","title":{"rendered":"Ora\u00e7\u00f5es Finais"},"content":{"rendered":"<p align=\"center\">\n<span style=\"font-size: small; color: #000000;\">Ora\u00e7\u00f5es Finais<\/span><\/p>\n<p>&#8220;Quem quiser seguir-Me &#8211; diz o Senhor renegue-se a si mesmo, tome a sua cruz e siga-Me&#8221; (Mt. 16,24).<\/p>\n<p><strong>Lada\u00ednha de Nossa Senhora<\/strong><\/p>\n<p>Senhor, tende piedade de n\u00f3s.<br \/>\nCristo, tende piedade de n\u00f3s.<br \/>\nSenhor, tende piedade de n\u00f3s.<br \/>\nCristo, ouvi-nos.<br \/>\nJesus Cristo, atendei-nos.<br \/>\nPai Celeste que sois Deus.<br \/>\nTende piedade n\u00f3s. Filho,<br \/>\nRedentor do mundo, que sois Deus.<br \/>\nTende piedade n\u00f3s.<br \/>\nEsp\u00edrito Santo que sois Deus.<br \/>\nTende piedade n\u00f3s.<br \/>\nSant\u00edssima Trindade que sois um s\u00f3 Deus.<br \/>\nTende piedade de n\u00f3s.<br \/>\nSanta Maria. <em>Rogai por n\u00f3s<\/em><br \/>\nSanta M\u00e3e de Deus. <em>Rogai por n\u00f3s<\/em><br \/>\nSanta Virgem das virgens.<em> Rogai por n\u00f3s<\/em><br \/>\nEsposa do Esp\u00edrito Santo.<em> Rogai por n\u00f3s<\/em><br \/>\nM\u00e3e de Jesus Cristo.<em> Rogai por n\u00f3s<\/em><br \/>\nM\u00e3e da divina gra\u00e7a.<em> Rogai por n\u00f3s<\/em><br \/>\nM\u00e3e pur\u00edssima.<em> Rogai por n\u00f3s<\/em><br \/>\nM\u00e3e cast\u00edssima.<em> Rogai por n\u00f3s<\/em><br \/>\nM\u00e3e inviolada.<em> Rogai por n\u00f3s<\/em><br \/>\nM\u00e3e am\u00e1vel.<em> Rogai por n\u00f3s<\/em><br \/>\nM\u00e3e do bom conselho.<em> Rogai por n\u00f3s<\/em><br \/>\nM\u00e3e do Criador.<em> Rogai por n\u00f3s<\/em><br \/>\nM\u00e3e do Salvador.<em> Rogai por n\u00f3s<\/em><br \/>\nM\u00e3e da Igreja.<em> Rogai por n\u00f3s<\/em><br \/>\nVirgem prudent\u00edssima.<em> Rogai por n\u00f3s<\/em><br \/>\nVirgem vener\u00e1vel.<em> Rogai por n\u00f3s<\/em><br \/>\nVirgem digna de louvor.<em> Rogai por n\u00f3s<\/em><br \/>\nVirgem poderosa.<em> Rogai por n\u00f3s<\/em><br \/>\nVirgem misericordiosa.<em> Rogai por n\u00f3s<\/em><br \/>\nVirgem fiel.<em> Rogai por n\u00f3s<\/em><br \/>\nEspelho de justi\u00e7a.<em> Rogai por n\u00f3s<\/em><br \/>\nTrono de sabedoria.<em> Rogai por n\u00f3s<\/em><br \/>\nCausa da nossa alegria.<em> Rogai por n\u00f3s<\/em><br \/>\nVaso espiritual.<em> Rogai por n\u00f3s<\/em><br \/>\nVaso digno de honra.<em> Rogai por n\u00f3s<\/em><br \/>\nRosa m\u00edstica.<em> Rogai por n\u00f3s<\/em><br \/>\nTorre de David.<em> Rogai por n\u00f3s<\/em><br \/>\nTorre de marfim.<em> Rogai por n\u00f3s<\/em><br \/>\nCasa de ouro.<em> Rogai por n\u00f3s<\/em><br \/>\nArca da alian\u00e7a.<em> Rogai por n\u00f3s<\/em><br \/>\nPorta do c\u00e9u.<em> Rogai por n\u00f3s<\/em><br \/>\nEstrela da manh\u00e3.<em> Rogai por n\u00f3s<\/em><br \/>\nSa\u00fade dos enfermos.<em> Rogai por n\u00f3s<\/em><br \/>\nRef\u00fagio dos pecadores.<em> Rogai por n\u00f3s<\/em><br \/>\nConsoladora dos aflitos.<em> Rogai por n\u00f3s<\/em><br \/>\nAuxilio dos crist\u00e3os.<em> Rogai por n\u00f3s<\/em><br \/>\nRainha dos anjos.<em> Rogai por n\u00f3s<\/em><br \/>\nRainha dos patriarcas.<em> Rogai por n\u00f3s<\/em><br \/>\nRainha dos profetas.<em> Rogai por n\u00f3s<\/em><br \/>\nRainha dos ap\u00f3stolos.<em> Rogai por n\u00f3s<\/em><br \/>\nRainha dos m\u00e1rtires.<em> Rogai por n\u00f3s<\/em><br \/>\nRainha dos confessores.<em> Rogai por n\u00f3s<\/em><br \/>\nRainha das virgens.<em> Rogai por n\u00f3s<\/em><br \/>\nRainha de todos os santos.<em> Rogai por n\u00f3s<\/em><br \/>\nRainha concebida sem pecado original.<em> Rogai por n\u00f3s<\/em><br \/>\nRainha elevada ao C\u00e9u em corpo e alma.<em> Rogai por n\u00f3s<\/em><br \/>\nRainha do sant\u00edssimo ros\u00e1rio.<em> Rogai por n\u00f3s<\/em><br \/>\nRainha da paz.<em> Rogai por n\u00f3s<\/em><\/p>\n<p>Cordeiro de Deus que tirais o pecado do mundo.<br \/>\nPerdoai-nos, Senhor.<\/p>\n<p>Cordeiro de Deus que tirais o pecado do mundo.<br \/>\nOuvi-nos, Senhor.<\/p>\n<p>Cordeiro de Deus que tirais o pecado do mundo.<br \/>\nTende piedade n\u00f3s, Senhor.<\/p>\n<p><!-- \/CENTER COLUMN (CONTENT)--><\/p>\n","protected":false},"excerpt":{"rendered":"<p>Ora\u00e7\u00f5es Finais &#8220;Quem quiser seguir-Me &#8211; diz o Senhor renegue-se a si mesmo, tome a sua cruz e siga-Me&#8221; (Mt. 16,24). Lada\u00ednha de Nossa Senhora Senhor, tende piedade de n\u00f3s. Cristo, tende piedade de n\u00f3s. Senhor, tende piedade de n\u00f3s. &hellip; <a href=\"http:\/\/www.paroquiadoscanhas.pt\/?page_id=743\">Continue reading <span class=\"meta-nav\">&rarr;<\/span><\/a><\/p>\n","protected":false},"author":1,"featured_media":0,"parent":0,"menu_order":0,"comment_status":"closed","ping_status":"open","template":"","meta":{"footnotes":""},"class_list":["post-743","page","type-page","status-publish","hentry"],"_links":{"self":[{"href":"http:\/\/www.paroquiadoscanhas.pt\/index.php?rest_route=\/wp\/v2\/pages\/743","targetHints":{"allow":["GET"]}}],"collection":[{"href":"http:\/\/www.paroquiadoscanhas.pt\/index.php?rest_route=\/wp\/v2\/pages"}],"about":[{"href":"http:\/\/www.paroquiadoscanhas.pt\/index.php?rest_route=\/wp\/v2\/types\/page"}],"author":[{"embeddable":true,"href":"http:\/\/www.paroquiadoscanhas.pt\/index.php?rest_route=\/wp\/v2\/users\/1"}],"replies":[{"embeddable":true,"href":"http:\/\/www.paroquiadoscanhas.pt\/index.php?rest_route=%2Fwp%2Fv2%2Fcomments&post=743"}],"version-history":[{"count":1,"href":"http:\/\/www.paroquiadoscanhas.pt\/index.php?rest_route=\/wp\/v2\/pages\/743\/revisions"}],"predecessor-version":[{"id":744,"href":"http:\/\/www.paroquiadoscanhas.pt\/index.php?rest_route=\/wp\/v2\/pages\/743\/revisions\/744"}],"wp:attachment":[{"href":"http:\/\/www.paroquiadoscanhas.pt\/index.php?rest_route=%2Fwp%2Fv2%2Fmedia&parent=743"}],"curies":[{"name":"wp","href":"https:\/\/api.w.org\/{rel}","templated":true}]}}