{"id":614,"date":"2012-03-18T23:27:03","date_gmt":"2012-03-18T23:27:03","guid":{"rendered":"http:\/\/176.9.29.233\/~paroqui3\/?page_id=614"},"modified":"2012-03-21T21:34:02","modified_gmt":"2012-03-21T21:34:02","slug":"misterios-gozosos","status":"publish","type":"page","link":"http:\/\/www.paroquiadoscanhas.pt\/?page_id=614","title":{"rendered":"Mist\u00e9rios Gozosos"},"content":{"rendered":"<p>&nbsp;<\/p>\n<p>Atrav\u00e9s da ora\u00e7\u00e3o, Maria Sant\u00edssima chama-nos a meditar e a contemplar.<\/p>\n<p><a title=\"1\u00ba Mist\u00e9rio Gozoso\" href=\"http:\/\/paroquiadoscanhas.pt\/?page_id=575\">1\u00ba Mist\u00e9rio Gozoso<\/a><\/p>\n","protected":false},"excerpt":{"rendered":"<p>&nbsp; Atrav\u00e9s da ora\u00e7\u00e3o, Maria Sant\u00edssima chama-nos a meditar e a contemplar. 1\u00ba Mist\u00e9rio Gozoso<\/p>\n","protected":false},"author":1,"featured_media":0,"parent":0,"menu_order":0,"comment_status":"closed","ping_status":"open","template":"","meta":{"footnotes":""},"class_list":["post-614","page","type-page","status-publish","hentry"],"_links":{"self":[{"href":"http:\/\/www.paroquiadoscanhas.pt\/index.php?rest_route=\/wp\/v2\/pages\/614","targetHints":{"allow":["GET"]}}],"collection":[{"href":"http:\/\/www.paroquiadoscanhas.pt\/index.php?rest_route=\/wp\/v2\/pages"}],"about":[{"href":"http:\/\/www.paroquiadoscanhas.pt\/index.php?rest_route=\/wp\/v2\/types\/page"}],"author":[{"embeddable":true,"href":"http:\/\/www.paroquiadoscanhas.pt\/index.php?rest_route=\/wp\/v2\/users\/1"}],"replies":[{"embeddable":true,"href":"http:\/\/www.paroquiadoscanhas.pt\/index.php?rest_route=%2Fwp%2Fv2%2Fcomments&post=614"}],"version-history":[{"count":6,"href":"http:\/\/www.paroquiadoscanhas.pt\/index.php?rest_route=\/wp\/v2\/pages\/614\/revisions"}],"predecessor-version":[{"id":638,"href":"http:\/\/www.paroquiadoscanhas.pt\/index.php?rest_route=\/wp\/v2\/pages\/614\/revisions\/638"}],"wp:attachment":[{"href":"http:\/\/www.paroquiadoscanhas.pt\/index.php?rest_route=%2Fwp%2Fv2%2Fmedia&parent=614"}],"curies":[{"name":"wp","href":"https:\/\/api.w.org\/{rel}","templated":true}]}}