{"id":6,"date":"2011-12-31T10:45:47","date_gmt":"2011-12-31T10:45:47","guid":{"rendered":"http:\/\/176.9.29.233\/~paroqui3\/?page_id=6"},"modified":"2012-10-13T10:44:19","modified_gmt":"2012-10-13T10:44:19","slug":"eucaristias","status":"publish","type":"page","link":"http:\/\/www.paroquiadoscanhas.pt\/?page_id=6","title":{"rendered":"Eucaristia"},"content":{"rendered":"<p><a href=\"http:\/\/paroquiadoscanhas.pt\/wp-content\/uploads\/2011\/12\/eucaristia-img.jpg\"><img loading=\"lazy\" decoding=\"async\" class=\"alignright size-full wp-image-242\" title=\"eucaristia img\" src=\"http:\/\/paroquiadoscanhas.pt\/wp-content\/uploads\/2011\/12\/eucaristia-img.jpg\" alt=\"\" width=\"118\" height=\"111\" \/><\/a><\/p>\n<p style=\"text-align: justify;\"><strong>Eucaristia<\/strong> vem da palavra grega Eucharistein, que significa \u201cAc\u00e7\u00e3o de Gra\u00e7as\u201d.<\/p>\n<p style=\"text-align: justify;\">\u00c9 o Sacramento da Igreja onde Jesus se faz presente sob as esp\u00e9cies de p\u00e3o e de vinho, com Seu corpo, sangue, alma e divindade.<\/p>\n<p style=\"text-align: justify;\">Institu\u00eddo por Jesus na \u00faltima ceia, \u00e9 o memorial da Sua morte e ressurrei\u00e7\u00e3o, banquete pascal em que Ele se d\u00e1 em alimento.<\/p>\n<p style=\"text-align: justify;\">A <strong>Eucaristia<\/strong> \u00e9 a express\u00e3o do infinito Amor de Deus que d\u00e1 o Seu filho muito amado e Jesus que obedecendo ao Pai carrega a pesada cruz, libertando a Humanidade.<\/p>\n<p style=\"text-align: justify;\">Participar da <strong>Eucaristia<\/strong> \u00e9 participar da vit\u00f3ria de Jesus ressuscitado e da ceia pascal, do banquete sagrado, o p\u00e3o vivo descido do C\u00e9u para a vida do mundo. \u00c9 adorar, nas esp\u00e9cies do p\u00e3o e do vinho consagrados, Aquele que deu a Sua Vida por todos n\u00f3s.<\/p>\n<p>\u00c9\u00a0viver na Terra, um pedacinho de C\u00e9u, \u00e9 <strong>&#8220;um j\u00e1, mas ainda n\u00e3o&#8221;<\/strong>.<\/p>\n<p style=\"text-align: justify;\">A f\u00e9 na presen\u00e7a de Cristo apoia-se nas palavras\u00a0\u00a0por Ele pronunciadas \u00a0na \u00daltima Ceia quando, tendo benzido e partido o p\u00e3o, deu-o aos seus disc\u00edpulos dizendo:&#8221; <strong>Tomai todos e comei, isto \u00e9 o Meu corpo<\/strong>&#8220;.<\/p>\n<p style=\"text-align: justify;\">De igual modo, tomando o c\u00e1lice com o vinho, disse: &#8220;<strong>Bebei dele todos, pois<\/strong> <strong>este \u00e9 o c\u00e1lice do Meu sangue que ser\u00e1 derramado por v\u00f3s para a<\/strong> <strong>remiss\u00e3o dos pecados<\/strong>&#8221; (Mt 26, 26-29).<\/p>\n<p style=\"text-align: justify;\">&#8220;<strong>Fazei isto em mem\u00f3ria de Mim<\/strong>&#8221; (Lc 22,19), \u00e9 um convite para levar at\u00e9 Ele as l\u00e1grimas, o sofrimento, a dor, a tristeza, as preocupa\u00e7\u00f5es\u00a0e tamb\u00e9m o sorriso e as alegrias e\u00a0confiar, que afinal, n\u00e3o estamos s\u00f3s.\u00a0<\/p>\n<p style=\"text-align: justify;\">Jesus \u00e9 a fortaleza e o porto seguro, sempre caminha ao nosso lado, n\u00e3o nos abandona\u00a0e nos momentos mais conturbados, Ele carrega-nos nos Seus bra\u00e7os e n`Ele encontramos for\u00e7a, descanso e paz.<\/p>\n<p style=\"text-align: justify;\">&#8220;Tendo amado os seus que estavam no mundo, amou-os at\u00e9 ao fim&#8221;, (Jo 13,1).<\/p>\n<div style=\"text-align: justify;\">&#8220;<strong>Eu sou o p\u00e3o da vida. Quem vem a Mim n\u00e3o mais ter\u00e1 fome e quem cr\u00ea em<\/strong> <strong>Mim jamais ter\u00e1 sede<\/strong>&#8220;(Jo\u00e3o <span dir=\"ltr\">6,30-35)<\/span>.<\/div>\n<p style=\"text-align: right;\">I.A.\u00a0<\/p>\n<p style=\"text-align: justify;\">\u00a0<\/p>\n","protected":false},"excerpt":{"rendered":"<p>Eucaristia vem da palavra grega Eucharistein, que significa \u201cAc\u00e7\u00e3o de Gra\u00e7as\u201d. \u00c9 o Sacramento da Igreja onde Jesus se faz presente sob as esp\u00e9cies de p\u00e3o e de vinho, com Seu corpo, sangue, alma e divindade. Institu\u00eddo por Jesus na &hellip; <a href=\"http:\/\/www.paroquiadoscanhas.pt\/?page_id=6\">Continue reading <span class=\"meta-nav\">&rarr;<\/span><\/a><\/p>\n","protected":false},"author":1,"featured_media":0,"parent":0,"menu_order":0,"comment_status":"closed","ping_status":"closed","template":"","meta":{"footnotes":""},"class_list":["post-6","page","type-page","status-publish","hentry"],"_links":{"self":[{"href":"http:\/\/www.paroquiadoscanhas.pt\/index.php?rest_route=\/wp\/v2\/pages\/6","targetHints":{"allow":["GET"]}}],"collection":[{"href":"http:\/\/www.paroquiadoscanhas.pt\/index.php?rest_route=\/wp\/v2\/pages"}],"about":[{"href":"http:\/\/www.paroquiadoscanhas.pt\/index.php?rest_route=\/wp\/v2\/types\/page"}],"author":[{"embeddable":true,"href":"http:\/\/www.paroquiadoscanhas.pt\/index.php?rest_route=\/wp\/v2\/users\/1"}],"replies":[{"embeddable":true,"href":"http:\/\/www.paroquiadoscanhas.pt\/index.php?rest_route=%2Fwp%2Fv2%2Fcomments&post=6"}],"version-history":[{"count":46,"href":"http:\/\/www.paroquiadoscanhas.pt\/index.php?rest_route=\/wp\/v2\/pages\/6\/revisions"}],"predecessor-version":[{"id":2666,"href":"http:\/\/www.paroquiadoscanhas.pt\/index.php?rest_route=\/wp\/v2\/pages\/6\/revisions\/2666"}],"wp:attachment":[{"href":"http:\/\/www.paroquiadoscanhas.pt\/index.php?rest_route=%2Fwp%2Fv2%2Fmedia&parent=6"}],"curies":[{"name":"wp","href":"https:\/\/api.w.org\/{rel}","templated":true}]}}