{"id":592,"date":"2012-03-18T23:03:56","date_gmt":"2012-03-18T23:03:56","guid":{"rendered":"http:\/\/176.9.29.233\/~paroqui3\/?page_id=592"},"modified":"2012-03-20T21:51:29","modified_gmt":"2012-03-20T21:51:29","slug":"5o-misterio-gozoso","status":"publish","type":"page","link":"http:\/\/www.paroquiadoscanhas.pt\/?page_id=592","title":{"rendered":"5\u00ba Mist\u00e9rio Gozoso"},"content":{"rendered":"<p><strong>O Menino Jesus perde-se e \u00e9 encontrado no Templo<\/strong><\/p>\n<p><strong><a href=\"http:\/\/paroquiadoscanhas.pt\/wp-content\/uploads\/2012\/03\/Encontro-no-Templo.jpg\"><img loading=\"lazy\" decoding=\"async\" class=\"alignright size-full wp-image-593\" title=\"Encontro no Templo\" src=\"http:\/\/paroquiadoscanhas.pt\/wp-content\/uploads\/2012\/03\/Encontro-no-Templo.jpg\" alt=\"\" width=\"160\" height=\"214\" \/><\/a><\/strong><\/p>\n<p style=\"text-align: justify;\">Os pais de Jesus iam todos os anos a Jerusal\u00e9m, pela Festa da P\u00e1scoa. Quando Ele chegou aos doze anos,\u00a0foram at\u00e9 l\u00e1, segundo o costume dos dias da Festa. Terminados esses dias, regressaram a casa e o Menino ficou em Jerusal\u00e9m, sem que\u00a0 Jos\u00e9 e Maria se apercebessem.\u00a0\u00a0Pensando que Ele Se encontrava na caravana, fizeram um dia de viagem e come\u00e7aram a procur\u00e1-l&#8217;O entre os parentes e conhecidos. N\u00e3o O tendo encontrado, voltaram a Jerusal\u00e9m, \u00e0 Sua procura. Volvidos tr\u00eas dias, encontraram-n&#8217;O no Templo, sentado entre os doutores, a ouvi-los\u00a0 e a fazer-lhes perguntas. Todos quantos O ouviam estavam\u00a0maravilhados com a Sua intelig\u00eancia e as Suas respostas. Ao v\u00ea-l&#8217;O, ficaram assombrados e Sua m\u00e3e disse-Lhe: \u00abFilho, por que nos fizeste isto? Olha que o Teu pai e eu and\u00e1vamos aflitos \u00e0 Tua procura.\u00bb Ele respondeu-lhes: \u00abPor que Me procur\u00e1veis? N\u00e3o sab\u00edeis que devia estar em casa de Meu Pai?\u00bb Mas eles n\u00e3o compreenderam as palavras que Ele lhes disse. Depois\u00a0foi com eles e\u00a0voltou para Nazareth. Sua m\u00e3e guardava todas estas coisas no seu cora\u00e7\u00e3o. E Jesus crescia em sabedoria, em estatura e em gra\u00e7a, diante de Deus e dos homens.<\/p>\n<p align=\"right\"><strong>Lucas 2, 41-52<\/strong><\/p>\n","protected":false},"excerpt":{"rendered":"<p>O Menino Jesus perde-se e \u00e9 encontrado no Templo Os pais de Jesus iam todos os anos a Jerusal\u00e9m, pela Festa da P\u00e1scoa. Quando Ele chegou aos doze anos,\u00a0foram at\u00e9 l\u00e1, segundo o costume dos dias da Festa. Terminados esses &hellip; <a href=\"http:\/\/www.paroquiadoscanhas.pt\/?page_id=592\">Continue reading <span class=\"meta-nav\">&rarr;<\/span><\/a><\/p>\n","protected":false},"author":1,"featured_media":0,"parent":0,"menu_order":0,"comment_status":"closed","ping_status":"closed","template":"","meta":{"footnotes":""},"class_list":["post-592","page","type-page","status-publish","hentry"],"_links":{"self":[{"href":"http:\/\/www.paroquiadoscanhas.pt\/index.php?rest_route=\/wp\/v2\/pages\/592","targetHints":{"allow":["GET"]}}],"collection":[{"href":"http:\/\/www.paroquiadoscanhas.pt\/index.php?rest_route=\/wp\/v2\/pages"}],"about":[{"href":"http:\/\/www.paroquiadoscanhas.pt\/index.php?rest_route=\/wp\/v2\/types\/page"}],"author":[{"embeddable":true,"href":"http:\/\/www.paroquiadoscanhas.pt\/index.php?rest_route=\/wp\/v2\/users\/1"}],"replies":[{"embeddable":true,"href":"http:\/\/www.paroquiadoscanhas.pt\/index.php?rest_route=%2Fwp%2Fv2%2Fcomments&post=592"}],"version-history":[{"count":9,"href":"http:\/\/www.paroquiadoscanhas.pt\/index.php?rest_route=\/wp\/v2\/pages\/592\/revisions"}],"predecessor-version":[{"id":656,"href":"http:\/\/www.paroquiadoscanhas.pt\/index.php?rest_route=\/wp\/v2\/pages\/592\/revisions\/656"}],"wp:attachment":[{"href":"http:\/\/www.paroquiadoscanhas.pt\/index.php?rest_route=%2Fwp%2Fv2%2Fmedia&parent=592"}],"curies":[{"name":"wp","href":"https:\/\/api.w.org\/{rel}","templated":true}]}}