{"id":587,"date":"2012-03-18T23:05:17","date_gmt":"2012-03-18T23:05:17","guid":{"rendered":"http:\/\/176.9.29.233\/~paroqui3\/?page_id=587"},"modified":"2012-03-19T14:17:50","modified_gmt":"2012-03-19T14:17:50","slug":"4o-misterio-gozoso","status":"publish","type":"page","link":"http:\/\/www.paroquiadoscanhas.pt\/?page_id=587","title":{"rendered":"4\u00ba Mist\u00e9rio Gozoso"},"content":{"rendered":"<p><strong>A apresenta\u00e7\u00e3o do Menino Jesus no Templo<\/strong><\/p>\n<p><strong><a href=\"http:\/\/paroquiadoscanhas.pt\/wp-content\/uploads\/2012\/03\/A-apresenta\u00e7\u00e3o-de-Jesus-no-Templo.jpg\"><img loading=\"lazy\" decoding=\"async\" class=\"alignright size-full wp-image-588\" title=\"A apresenta\u00e7\u00e3o de Jesus no Templo\" src=\"http:\/\/paroquiadoscanhas.pt\/wp-content\/uploads\/2012\/03\/A-apresenta\u00e7\u00e3o-de-Jesus-no-Templo.jpg\" alt=\"\" width=\"160\" height=\"214\" \/><\/a><\/strong><\/p>\n<p style=\"text-align: justify;\">Quando se cumpriu o tempo da sua purifica\u00e7\u00e3o, segundo a lei de Mois\u00e9s, levaram Jesus\u00a0Menino com 40 dias de idade, a Jerusal\u00e9m, conforme est\u00e1 escrito na lei de Deus: \u00abTodo o primog\u00e9nito var\u00e3o ser\u00e1 consagrado ao Senhor\u00bb, e para oferecerem em sacrif\u00edcio, como se diz na lei do Senhor, um par de rolas ou duas pombinhas. Ora, residia em Jerusal\u00e9m um homem chamado Sime\u00e3o; era justo e piedoso, esperava a consola\u00e7\u00e3o de Israel e o Esp\u00edrito Santo estava nele. Tinha-lhe sido revelado pelo Esp\u00edrito Santo que n\u00e3o morreria antes\u00a0de ver o Messias. Impelido pelo Esp\u00edrito Santo,\u00a0foi ao Templo e, quando os pais trouxeram o Menino Jesus a fim de cumprirem o que ordenava a lei a Seu respeito, tomou-O nos bra\u00e7os, bendisse Deus e exclamou: \u00abAgora, Senhor, podes deixar o Teu servo partir em paz, segundo a Tua palavra, porque os meus olhos viram\u00a0o Salvador, que ofereceste a todos os povos: Luz para iluminar as na\u00e7\u00f5es e gl\u00f3ria de Israel, Teu povo.\u00bb Seu pai e Sua m\u00e3e estavam admirados com o que se dizia d&#8217;Ele. Sime\u00e3o aben\u00e7oou-os e disse a Maria, Sua m\u00e3e: \u00abEste menino est\u00e1 aqui para queda e ressurgimento de muitos em Israel e para ser sinal de contradi\u00e7\u00e3o e, a ti, uma espada trespassar\u00e1 a tua alma, a fim de se revelarem os pensamentos de muitos cora\u00e7\u00f5es.\u00bb<\/p>\n<p align=\"right\"><strong>Lucas 2, 22-35<\/strong><\/p>\n<p><a title=\"5\u00ba Mist\u00e9rio Gozoso\" href=\"http:\/\/paroquiadoscanhas.pt\/?page_id=592\">\u00a05\u00ba Mist\u00e9rio Gozoso<\/a><\/p>\n","protected":false},"excerpt":{"rendered":"<p>A apresenta\u00e7\u00e3o do Menino Jesus no Templo Quando se cumpriu o tempo da sua purifica\u00e7\u00e3o, segundo a lei de Mois\u00e9s, levaram Jesus\u00a0Menino com 40 dias de idade, a Jerusal\u00e9m, conforme est\u00e1 escrito na lei de Deus: \u00abTodo o primog\u00e9nito var\u00e3o &hellip; <a href=\"http:\/\/www.paroquiadoscanhas.pt\/?page_id=587\">Continue reading <span class=\"meta-nav\">&rarr;<\/span><\/a><\/p>\n","protected":false},"author":1,"featured_media":0,"parent":0,"menu_order":0,"comment_status":"closed","ping_status":"closed","template":"","meta":{"footnotes":""},"class_list":["post-587","page","type-page","status-publish","hentry"],"_links":{"self":[{"href":"http:\/\/www.paroquiadoscanhas.pt\/index.php?rest_route=\/wp\/v2\/pages\/587","targetHints":{"allow":["GET"]}}],"collection":[{"href":"http:\/\/www.paroquiadoscanhas.pt\/index.php?rest_route=\/wp\/v2\/pages"}],"about":[{"href":"http:\/\/www.paroquiadoscanhas.pt\/index.php?rest_route=\/wp\/v2\/types\/page"}],"author":[{"embeddable":true,"href":"http:\/\/www.paroquiadoscanhas.pt\/index.php?rest_route=\/wp\/v2\/users\/1"}],"replies":[{"embeddable":true,"href":"http:\/\/www.paroquiadoscanhas.pt\/index.php?rest_route=%2Fwp%2Fv2%2Fcomments&post=587"}],"version-history":[{"count":7,"href":"http:\/\/www.paroquiadoscanhas.pt\/index.php?rest_route=\/wp\/v2\/pages\/587\/revisions"}],"predecessor-version":[{"id":649,"href":"http:\/\/www.paroquiadoscanhas.pt\/index.php?rest_route=\/wp\/v2\/pages\/587\/revisions\/649"}],"wp:attachment":[{"href":"http:\/\/www.paroquiadoscanhas.pt\/index.php?rest_route=%2Fwp%2Fv2%2Fmedia&parent=587"}],"curies":[{"name":"wp","href":"https:\/\/api.w.org\/{rel}","templated":true}]}}