{"id":584,"date":"2012-03-18T22:39:18","date_gmt":"2012-03-18T22:39:18","guid":{"rendered":"http:\/\/176.9.29.233\/~paroqui3\/?page_id=584"},"modified":"2012-03-19T14:17:17","modified_gmt":"2012-03-19T14:17:17","slug":"3o-misterio-gozoso","status":"publish","type":"page","link":"http:\/\/www.paroquiadoscanhas.pt\/?page_id=584","title":{"rendered":"3\u00ba Mist\u00e9rio Gozoso"},"content":{"rendered":"<h2><span style=\"color: #000000; font-size: small;\">O Nascimento do Menino Jesus em Bel\u00e9m<\/span><\/h2>\n<h1><span style=\"font-size: small; color: #000000;\"><a href=\"http:\/\/paroquiadoscanhas.pt\/wp-content\/uploads\/2012\/03\/A-Natividade.jpg\"><img loading=\"lazy\" decoding=\"async\" class=\"alignright size-full wp-image-585\" title=\"A Natividade\" src=\"http:\/\/paroquiadoscanhas.pt\/wp-content\/uploads\/2012\/03\/A-Natividade.jpg\" alt=\"\" width=\"160\" height=\"214\" \/><\/a><\/span><\/h1>\n<p style=\"text-align: justify;\">Naquele tempo\u00a0saiu um \u00e9dito da parte de C\u00e9sar Augusto, para ser recenseada toda a\u00a0popula\u00e7\u00e3o. E iam todos recensear-se, cada qual \u00e0 sua pr\u00f3pria cidade. Tamb\u00e9m Jos\u00e9, deixando a cidade de Nazareth, na Galileia, subiu at\u00e9 \u00e0 Judeia, \u00e0 cidade de David, chamada Bel\u00e9m, por ser da casa e linhagem de David, a fim de recensear-se com Maria, sua mulher, que estava gr\u00e1vida. E, quando eles ali se encontravam, completaram-se os dias de ela dar \u00e0 luz e teve o seu filho primog\u00e9nito, que envolveu em panos e recostou numa manjedoura, por n\u00e3o haver lugar para eles na hospedaria. Na mesma regi\u00e3o, uns pastores pernoitavam nos campos, guardando os seus rebanhos durante a noite. O Anjo do Senhor apareceu-lhes, e a gl\u00f3ria do Senhor resplandeceu em volta deles, e tiveram muito medo. Disse-lhes o Anjo: \u00abN\u00e3o temais, pois anuncio-vos uma grande alegria, que o ser\u00e1 para todo o povo: hoje, na cidade de David, nasceu o Salvador, que \u00e9 o Messias, Senhor. Isto vos servir\u00e1 de sinal: encontrareis um menino envolto em panos e deitado numa manjedoura.\u00bb De repente, juntou-se ao Anjo uma multid\u00e3o do ex\u00e9rcito celeste, louvando a Deus e dizendo: \u00abGl\u00f3ria a Deus nas alturas e paz na Terra aos homens por Ele amados.\u00bb Quando os Anjos se afastaram em direc\u00e7\u00e3o ao C\u00e9u, os pastores disseram uns aos outros: \u00abVamos ent\u00e3o at\u00e9 Bel\u00e9m e vejamos o que aconteceu e que o Senhor nos deu a conhecer.\u00bb Foram apressadamente e encontraram Maria, Jos\u00e9 e o Menino Jesus deitado na manjedoura. Depois de terem visto, come\u00e7aram a espalhar o que lhes tinham dito a respeito daquele Menino. E todos os que ouviram se admiraram do que lhes disseram os pastores. Quanto a Maria, conservava todas estas coisas, ponderando-as no seu cora\u00e7\u00e3o. E os pastores voltaram, glorificando e louvando a Deus por tudo o que tinham visto e ouvido, conforme lhes fora anunciado.<\/p>\n<p align=\"right\"><strong>Lucas 2, 1-20<\/strong><\/p>\n<p><a title=\"4\u00ba Mist\u00e9rio Gozoso\" href=\"http:\/\/paroquiadoscanhas.pt\/?page_id=587\">\u00a04\u00ba Mist\u00e9rio Gozoso<\/a><\/p>\n","protected":false},"excerpt":{"rendered":"<p>O Nascimento do Menino Jesus em Bel\u00e9m Naquele tempo\u00a0saiu um \u00e9dito da parte de C\u00e9sar Augusto, para ser recenseada toda a\u00a0popula\u00e7\u00e3o. E iam todos recensear-se, cada qual \u00e0 sua pr\u00f3pria cidade. Tamb\u00e9m Jos\u00e9, deixando a cidade de Nazareth, na Galileia, &hellip; <a href=\"http:\/\/www.paroquiadoscanhas.pt\/?page_id=584\">Continue reading <span class=\"meta-nav\">&rarr;<\/span><\/a><\/p>\n","protected":false},"author":1,"featured_media":0,"parent":0,"menu_order":0,"comment_status":"closed","ping_status":"closed","template":"","meta":{"footnotes":""},"class_list":["post-584","page","type-page","status-publish","hentry"],"_links":{"self":[{"href":"http:\/\/www.paroquiadoscanhas.pt\/index.php?rest_route=\/wp\/v2\/pages\/584","targetHints":{"allow":["GET"]}}],"collection":[{"href":"http:\/\/www.paroquiadoscanhas.pt\/index.php?rest_route=\/wp\/v2\/pages"}],"about":[{"href":"http:\/\/www.paroquiadoscanhas.pt\/index.php?rest_route=\/wp\/v2\/types\/page"}],"author":[{"embeddable":true,"href":"http:\/\/www.paroquiadoscanhas.pt\/index.php?rest_route=\/wp\/v2\/users\/1"}],"replies":[{"embeddable":true,"href":"http:\/\/www.paroquiadoscanhas.pt\/index.php?rest_route=%2Fwp%2Fv2%2Fcomments&post=584"}],"version-history":[{"count":4,"href":"http:\/\/www.paroquiadoscanhas.pt\/index.php?rest_route=\/wp\/v2\/pages\/584\/revisions"}],"predecessor-version":[{"id":648,"href":"http:\/\/www.paroquiadoscanhas.pt\/index.php?rest_route=\/wp\/v2\/pages\/584\/revisions\/648"}],"wp:attachment":[{"href":"http:\/\/www.paroquiadoscanhas.pt\/index.php?rest_route=%2Fwp%2Fv2%2Fmedia&parent=584"}],"curies":[{"name":"wp","href":"https:\/\/api.w.org\/{rel}","templated":true}]}}