{"id":579,"date":"2012-03-18T22:31:01","date_gmt":"2012-03-18T22:31:01","guid":{"rendered":"http:\/\/176.9.29.233\/~paroqui3\/?page_id=579"},"modified":"2012-03-19T20:48:43","modified_gmt":"2012-03-19T20:48:43","slug":"2o-misterio-gozoso","status":"publish","type":"page","link":"http:\/\/www.paroquiadoscanhas.pt\/?page_id=579","title":{"rendered":"2\u00ba Mist\u00e9rio Gozoso"},"content":{"rendered":"<h2><span style=\"color: #000000; font-size: small;\">A Visita de Nossa Senhora\u00a0 \u00e0 sua prima Isabel<\/span><\/h2>\n<h1><span style=\"font-size: small; color: #000000;\"><a href=\"http:\/\/paroquiadoscanhas.pt\/wp-content\/uploads\/2012\/03\/A-Visita\u00e7\u00e3o.jpg\"><img loading=\"lazy\" decoding=\"async\" class=\"alignright size-full wp-image-580\" title=\"A Visita\u00e7\u00e3o\" src=\"http:\/\/paroquiadoscanhas.pt\/wp-content\/uploads\/2012\/03\/A-Visita\u00e7\u00e3o.jpg\" alt=\"\" width=\"160\" height=\"214\" \/><\/a><\/span><\/h1>\n<p style=\"text-align: justify;\">Por aqueles dias, Maria p\u00f4s-se a caminho e dirigiu-se a uma cidade da Judeia. Entrou em casa de Zacarias e saudou Isabel. Quando Isabel ouviu a sauda\u00e7\u00e3o de Maria, o menino saltou-lhe de alegria no seio e Isabel ficou cheia do Esp\u00edrito Santo. Ent\u00e3o, erguendo a voz, exclamou: \u00abBendita \u00e9s tu entre as mulheres e bendito \u00e9 o fruto do teu ventre. E donde me \u00e9 dado que venha ter comigo a m\u00e3e do meu Senhor? Pois, logo que chegou aos meus ouvidos a tua sauda\u00e7\u00e3o, o menino saltou de alegria no meu seio. Feliz de ti que acreditaste, porque se vai cumprir tudo o que te foi dito da parte do Senhor.\u00bb<br \/>\nMaria disse, ent\u00e3o:<br \/>\n&#8220;A minha alma glorifica o Senhor e o meu esp\u00edrito exulta em Deus, meu Salvador.<br \/>\nPorque p\u00f4s os olhos na humildade da Sua escrava.<br \/>\nDe hoje em diante, chamar-me-\u00e3o bem-aventurada todas as gera\u00e7\u00f5es.<br \/>\nO Todo Poderoso fez em mim maravilhas.<br \/>\nSanto \u00e9 o Seu nome.<br \/>\nA Sua miseric\u00f3rdia se estende de gera\u00e7\u00e3o em gera\u00e7\u00e3o sobre aqueles que O temem.<br \/>\nManifestou o poder do Seu bra\u00e7o e dispersou os soberbos.<br \/>\nDerrubou os poderosos de seus tronos e exaltou os humildes.<br \/>\nCumulou de bens os famintos e os ricos despediu de m\u00e3os vazias.<br \/>\nAcolheu a Israel, Seu servo, lembrado da Sua miseric\u00f3rdia, conforme prometera a nossos pais, a Abra\u00e3o e \u00e0 sua descend\u00eancia para sempre.&#8221;<br \/>\n<strong><\/strong><\/p>\n<p style=\"text-align: justify;\"><span style=\"color: #000000;\">\u00a0\u00a0\u00a0\u00a0\u00a0\u00a0\u00a0\u00a0\u00a0\u00a0\u00a0\u00a0\u00a0\u00a0\u00a0\u00a0\u00a0\u00a0\u00a0\u00a0\u00a0\u00a0\u00a0\u00a0\u00a0\u00a0\u00a0\u00a0\u00a0\u00a0\u00a0\u00a0\u00a0\u00a0\u00a0\u00a0\u00a0\u00a0\u00a0\u00a0\u00a0\u00a0\u00a0\u00a0\u00a0\u00a0\u00a0\u00a0\u00a0\u00a0\u00a0\u00a0\u00a0\u00a0\u00a0\u00a0\u00a0\u00a0\u00a0\u00a0\u00a0\u00a0\u00a0\u00a0\u00a0\u00a0\u00a0\u00a0\u00a0\u00a0\u00a0\u00a0\u00a0\u00a0\u00a0\u00a0\u00a0\u00a0\u00a0\u00a0\u00a0\u00a0\u00a0\u00a0\u00a0\u00a0\u00a0\u00a0\u00a0\u00a0\u00a0\u00a0\u00a0\u00a0\u00a0\u00a0\u00a0\u00a0\u00a0\u00a0\u00a0\u00a0\u00a0\u00a0\u00a0\u00a0\u00a0\u00a0\u00a0\u00a0\u00a0\u00a0\u00a0\u00a0\u00a0\u00a0\u00a0\u00a0 <\/span><strong>Lucas 1, 39-36<\/strong><\/p>\n<p style=\"text-align: justify;\"><a title=\"3\u00ba Mist\u00e9rio Gozoso\" href=\"http:\/\/paroquiadoscanhas.pt\/?page_id=584\">3\u00ba Mist\u00e9rio Gozoso<\/a><\/p>\n","protected":false},"excerpt":{"rendered":"<p>A Visita de Nossa Senhora\u00a0 \u00e0 sua prima Isabel Por aqueles dias, Maria p\u00f4s-se a caminho e dirigiu-se a uma cidade da Judeia. Entrou em casa de Zacarias e saudou Isabel. Quando Isabel ouviu a sauda\u00e7\u00e3o de Maria, o menino &hellip; <a href=\"http:\/\/www.paroquiadoscanhas.pt\/?page_id=579\">Continue reading <span class=\"meta-nav\">&rarr;<\/span><\/a><\/p>\n","protected":false},"author":1,"featured_media":0,"parent":0,"menu_order":0,"comment_status":"closed","ping_status":"closed","template":"","meta":{"footnotes":""},"class_list":["post-579","page","type-page","status-publish","hentry"],"_links":{"self":[{"href":"http:\/\/www.paroquiadoscanhas.pt\/index.php?rest_route=\/wp\/v2\/pages\/579","targetHints":{"allow":["GET"]}}],"collection":[{"href":"http:\/\/www.paroquiadoscanhas.pt\/index.php?rest_route=\/wp\/v2\/pages"}],"about":[{"href":"http:\/\/www.paroquiadoscanhas.pt\/index.php?rest_route=\/wp\/v2\/types\/page"}],"author":[{"embeddable":true,"href":"http:\/\/www.paroquiadoscanhas.pt\/index.php?rest_route=\/wp\/v2\/users\/1"}],"replies":[{"embeddable":true,"href":"http:\/\/www.paroquiadoscanhas.pt\/index.php?rest_route=%2Fwp%2Fv2%2Fcomments&post=579"}],"version-history":[{"count":8,"href":"http:\/\/www.paroquiadoscanhas.pt\/index.php?rest_route=\/wp\/v2\/pages\/579\/revisions"}],"predecessor-version":[{"id":652,"href":"http:\/\/www.paroquiadoscanhas.pt\/index.php?rest_route=\/wp\/v2\/pages\/579\/revisions\/652"}],"wp:attachment":[{"href":"http:\/\/www.paroquiadoscanhas.pt\/index.php?rest_route=%2Fwp%2Fv2%2Fmedia&parent=579"}],"curies":[{"name":"wp","href":"https:\/\/api.w.org\/{rel}","templated":true}]}}