{"id":575,"date":"2012-03-18T23:09:11","date_gmt":"2012-03-18T23:09:11","guid":{"rendered":"http:\/\/176.9.29.233\/~paroqui3\/?page_id=575"},"modified":"2012-03-19T14:19:07","modified_gmt":"2012-03-19T14:19:07","slug":"1o-misterio-gozoso","status":"publish","type":"page","link":"http:\/\/www.paroquiadoscanhas.pt\/?page_id=575","title":{"rendered":"1\u00ba Mist\u00e9rio Gozoso"},"content":{"rendered":"<h2><strong style=\"font-size: small;\">A Anuncia\u00e7\u00e3o do Anjo Gabriel \u00e0 Virgem Sant\u00edssima<\/strong><\/h2>\n<p><span style=\"font-size: small; color: #000000;\"><a style=\"color: #000000;\" href=\"http:\/\/paroquiadoscanhas.pt\/wp-content\/uploads\/2012\/03\/A-Anuncia\u00e7\u00e3o.jpg\"><img loading=\"lazy\" decoding=\"async\" class=\"alignright size-full wp-image-577\" title=\"A Anuncia\u00e7\u00e3o\" src=\"http:\/\/paroquiadoscanhas.pt\/wp-content\/uploads\/2012\/03\/A-Anuncia\u00e7\u00e3o.jpg\" alt=\"\" width=\"160\" height=\"214\" \/><\/a><\/span><\/p>\n<p style=\"text-align: justify;\">O\u00a0Anjo Gabriel foi enviado por Deus a uma cidade da Galileia chamada Nazareth, a uma virgem desposada com um homem chamado Jos\u00e9, da casa de David, e o nome da virgem era Maria. Ao entrar em casa dela, o Anjo disse-lhe: &#8220;Salv\u00e9, \u00f3 cheia de gra\u00e7a, o Senhor est\u00e1 contigo.&#8221; Ao ouvir estas palavras, ela perturbou-se e inquiria de si pr\u00f3pria o que significava tal sauda\u00e7\u00e3o. Disse-lhe o Anjo: &#8220;N\u00e3o tenhas receio, Maria, pois achaste gra\u00e7a diante de Deus. H\u00e1s-de conceber e dar \u00e0 luz um filho, ao qual por\u00e1s o nome de Jesus. Ser\u00e1 grande e vai chamar-Se Filho do Alt\u00edssimo. O Senhor Deus dar-Lhe-\u00e1 o trono de Seu pai David, reinar\u00e1 eternamente sobre a casa de Jacob e o Seu reinado n\u00e3o ter\u00e1 fim.&#8221; Maria disse ao Anjo: &#8220;Como ser\u00e1 isso, se eu n\u00e3o conhe\u00e7o homem?&#8221;\u00a0 O Anjo respondeu-lhe: &#8220;O Esp\u00edrito Santo vir\u00e1 sobre ti e a for\u00e7a do Alt\u00edssimo estender\u00e1 sobre ti a Sua sombra. Por isso, Aquele que vai nascer \u00e9 Santo e ser\u00e1 chamado Filho de Deus. Tamb\u00e9m a tua parente Isabel concebeu um filho na sua velhice e est\u00e1 j\u00e1 no sexto m\u00eas, ela, a quem chamavam est\u00e9ril, porque nada \u00e9 imposs\u00edvel a Deus.&#8221; Maria disse ent\u00e3o: &#8220;Eis a escrava do Senhor, fa\u00e7a-se em mim segundo a tua palavra.&#8221; E o Anjo retirou-se de junto dela.<\/p>\n<p align=\"right\"><strong>Lucas, 1, 26-58<\/strong><\/p>\n<p style=\"text-align: left;\" align=\"right\"><a title=\"2\u00ba Mist\u00e9rio Gozoso\" href=\"http:\/\/paroquiadoscanhas.pt\/?page_id=579\">2\u00ba Mist\u00e9rio Gozoso<\/a><\/p>\n","protected":false},"excerpt":{"rendered":"<p>A Anuncia\u00e7\u00e3o do Anjo Gabriel \u00e0 Virgem Sant\u00edssima O\u00a0Anjo Gabriel foi enviado por Deus a uma cidade da Galileia chamada Nazareth, a uma virgem desposada com um homem chamado Jos\u00e9, da casa de David, e o nome da virgem era &hellip; <a href=\"http:\/\/www.paroquiadoscanhas.pt\/?page_id=575\">Continue reading <span class=\"meta-nav\">&rarr;<\/span><\/a><\/p>\n","protected":false},"author":1,"featured_media":0,"parent":0,"menu_order":0,"comment_status":"closed","ping_status":"open","template":"","meta":{"footnotes":""},"class_list":["post-575","page","type-page","status-publish","hentry"],"_links":{"self":[{"href":"http:\/\/www.paroquiadoscanhas.pt\/index.php?rest_route=\/wp\/v2\/pages\/575","targetHints":{"allow":["GET"]}}],"collection":[{"href":"http:\/\/www.paroquiadoscanhas.pt\/index.php?rest_route=\/wp\/v2\/pages"}],"about":[{"href":"http:\/\/www.paroquiadoscanhas.pt\/index.php?rest_route=\/wp\/v2\/types\/page"}],"author":[{"embeddable":true,"href":"http:\/\/www.paroquiadoscanhas.pt\/index.php?rest_route=\/wp\/v2\/users\/1"}],"replies":[{"embeddable":true,"href":"http:\/\/www.paroquiadoscanhas.pt\/index.php?rest_route=%2Fwp%2Fv2%2Fcomments&post=575"}],"version-history":[{"count":8,"href":"http:\/\/www.paroquiadoscanhas.pt\/index.php?rest_route=\/wp\/v2\/pages\/575\/revisions"}],"predecessor-version":[{"id":651,"href":"http:\/\/www.paroquiadoscanhas.pt\/index.php?rest_route=\/wp\/v2\/pages\/575\/revisions\/651"}],"wp:attachment":[{"href":"http:\/\/www.paroquiadoscanhas.pt\/index.php?rest_route=%2Fwp%2Fv2%2Fmedia&parent=575"}],"curies":[{"name":"wp","href":"https:\/\/api.w.org\/{rel}","templated":true}]}}