{"id":573,"date":"2012-03-18T22:00:57","date_gmt":"2012-03-18T22:00:57","guid":{"rendered":"http:\/\/176.9.29.233\/~paroqui3\/?page_id=573"},"modified":"2012-05-03T22:25:12","modified_gmt":"2012-05-03T22:25:12","slug":"santo-rosario","status":"publish","type":"page","link":"http:\/\/www.paroquiadoscanhas.pt\/?page_id=573","title":{"rendered":"Santo Ros\u00e1rio"},"content":{"rendered":"<p><span style=\"font-size: small; color: #000000;\">\u00a0<strong>Santo Ros\u00e1rio<\/strong><\/span><\/p>\n<p>Jesus diz que n\u00e3o basta rezar, pois a ora\u00e7\u00e3o h\u00e1-de levar-nos a fazer\u00a0 como Ele\u00a0 a vontade do Pai celeste: &#8220;Dei-vos o exemplo para que fa\u00e7ais como Eu&#8221; (Mt. 7,21; Jo. 13,15).<\/p>\n<p>&#8220;Como Cristo Ressuscitado vive para Deus, v\u00f3s tamb\u00e9m, mortos para o pecado, vivei para Deus em Cristo Jesus &#8220;(Rm. 6, 8-11).<\/p>\n<p>Ciclo Semanal do Ros\u00e1rio:\u00a0\u00a0\u00a0\u00a0\u00a0\u00a0\u00a0\u00a0\u00a0\u00a0\u00a0\u00a0\u00a0\u00a0\u00a0\u00a0\u00a0\u00a0\u00a0\u00a0\u00a0\u00a0\u00a0\u00a0\u00a0\u00a0\u00a0\u00a0\u00a0\u00a0\u00a0\u00a0\u00a0\u00a0\u00a0\u00a0\u00a0\u00a0\u00a0\u00a0\u00a0\u00a0\u00a0<a href=\"http:\/\/paroquiadoscanhas.pt\/wp-content\/uploads\/2012\/03\/151.jpg\"><img loading=\"lazy\" decoding=\"async\" class=\"alignright size-medium wp-image-1095\" title=\"15\" src=\"http:\/\/paroquiadoscanhas.pt\/wp-content\/uploads\/2012\/03\/151-300x225.jpg\" alt=\"\" width=\"300\" height=\"225\" srcset=\"http:\/\/www.paroquiadoscanhas.pt\/wp-content\/uploads\/2012\/03\/151-300x225.jpg 300w, http:\/\/www.paroquiadoscanhas.pt\/wp-content\/uploads\/2012\/03\/151.jpg 1024w\" sizes=\"auto, (max-width: 300px) 100vw, 300px\" \/><\/a><\/p>\n<div style=\"padding-left: 90px;\">Segunda- Feira\u00a0\u00a0\u00a0\u00a0\u00a0\u00a0\u00a0\u00a0\u00a0\u00a0\u00a0\u00a0Gozosos<\/div>\n<div style=\"padding-left: 90px;\">Ter\u00e7a\u00a0-Feira\u00a0\u00a0\u00a0\u00a0\u00a0\u00a0\u00a0\u00a0\u00a0\u00a0\u00a0\u00a0\u00a0\u00a0\u00a0 Dolorosos<\/div>\n<div style=\"padding-left: 90px;\">Quarta\u00a0-Feira\u00a0\u00a0\u00a0\u00a0\u00a0\u00a0\u00a0\u00a0\u00a0\u00a0\u00a0\u00a0\u00a0\u00a0Gloriosos<\/div>\n<div style=\"padding-left: 90px;\">Quinta\u00a0-Feira\u00a0\u00a0\u00a0\u00a0\u00a0\u00a0\u00a0\u00a0\u00a0\u00a0\u00a0\u00a0\u00a0\u00a0\u00a0<span style=\"color: #000000;\"><span style=\"color: #000000;\">Luminosos<\/span><\/span><\/div>\n<div style=\"padding-left: 90px;\">Sexta\u00a0\u00a0-Feira\u00a0\u00a0\u00a0\u00a0\u00a0\u00a0\u00a0\u00a0\u00a0\u00a0\u00a0\u00a0\u00a0\u00a0\u00a0\u00a0<span style=\"color: #000000;\"><span style=\"color: #000000;\">Dolorosos<\/span><\/span><\/div>\n<div style=\"padding-left: 90px;\">S\u00e1bado\u00a0\u00a0\u00a0\u00a0\u00a0\u00a0\u00a0\u00a0\u00a0\u00a0\u00a0\u00a0\u00a0\u00a0\u00a0\u00a0\u00a0\u00a0\u00a0\u00a0\u00a0\u00a0\u00a0\u00a0\u00a0\u00a0 Gozosos<\/div>\n<div style=\"padding-left: 90px;\">Domingo\u00a0\u00a0\u00a0\u00a0\u00a0\u00a0\u00a0\u00a0\u00a0\u00a0\u00a0\u00a0\u00a0\u00a0\u00a0\u00a0\u00a0\u00a0\u00a0\u00a0\u00a0\u00a0 Gloriosos<\/div>\n<div>\u00a0<\/div>\n<div>&#8220;Segundo a pr\u00e1tica corrente, a segunda e a quinta-feira s\u00e3o dedicadas aos \u201cmist\u00e9rios da alegria\u201d, a ter\u00e7a e a sexta-feira aos \u201cmist\u00e9rios da dor\u201d, a quarta-feira, o s\u00e1bado e o domingo aos \u201cmist\u00e9rios da gl\u00f3ria\u201d. Onde se podem inserir os \u201cmist\u00e9rios da luz\u201d? Atendendo a que os mist\u00e9rios gloriosos s\u00e3o propostos em dois dias seguidos \u2013s\u00e1bado e domingo \u2013 e que o s\u00e1bado \u00e9 tradicionalmente um dia de intenso car\u00e1cter mariano, parece recomend\u00e1vel deslocar para ele a segunda medita\u00e7\u00e3o semanal dos mist\u00e9rios gozosos, nos quais est\u00e1 mais acentuada a presen\u00e7a de Maria. E assim fica livre a quinta-feira precisamente para a medita\u00e7\u00e3o dos mist\u00e9rios da luz.&#8221;\u00a0\u00a0<\/div>\n<div><em>Papa Jo\u00e3o Paulo II <\/em><\/div>\n<div><strong><br \/>\n<\/strong><\/div>\n<p><strong>Ora\u00e7\u00e3o <\/strong><\/p>\n<p><strong>Celebrante:<\/strong> Pelo sinal da Santa Cruz, livre-nos Deus, Nosso Senhor, dos nossos inimigos. Em nome do Pai, e do Filho e do Esp\u00edrito Santo. Am\u00e9n.<\/p>\n<p style=\"text-align: justify;\"><strong>Todos:<\/strong> Jesus, pesa-me de todo o meu cora\u00e7\u00e3o de Vos ter ofendido, e pela bondade infinita,\u00a0 proponho firmemente, com a Vossa divina gra\u00e7a, emendar-me e afastar-me das ocasi\u00f5es de pecado, confessar-me e cumprir a penit\u00eancia. Confio, assim , que me perdoareis pela Vossa infinita miseric\u00f3rdia. Am\u00e9m.<\/p>\n<p><strong>Celebrante:<\/strong> Gl\u00f3ria ao Pai e ao Filho e ao Esp\u00edrito Santo.<\/p>\n<p><strong>Todos:<\/strong> Como era no princ\u00edpio, agora e sempre. Am\u00e9m.<\/p>\n<p><strong>Celebrante:<\/strong> Oh Meu Jesus perdoai -nos e livrai-nos do fogo do inferno.<\/p>\n<p><strong>Todos:<\/strong> Levai as almas para o C\u00e9u, principalmente as que mais precisarem.<\/p>\n<p><span style=\"text-decoration: underline;\"><span style=\"color: #0000ff;\"><a title=\"Mist\u00e9rios Gozosos\" href=\"http:\/\/paroquiadoscanhas.pt\/?page_id=614\"><span style=\"color: #0000ff; text-decoration: underline;\">\u00a0Mist\u00e9rios Gozosos<\/span><\/a><\/span><\/span><\/p>\n<p><span style=\"text-decoration: underline;\"><span style=\"color: #0000ff;\"><a title=\"Mist\u00e9rios Dolorosos\" href=\"http:\/\/paroquiadoscanhas.pt\/?page_id=773\"><span style=\"color: #0000ff; text-decoration: underline;\">Mist\u00e9rios Dolorosos<\/span><\/a><\/span><\/span><\/p>\n","protected":false},"excerpt":{"rendered":"<p>\u00a0Santo Ros\u00e1rio Jesus diz que n\u00e3o basta rezar, pois a ora\u00e7\u00e3o h\u00e1-de levar-nos a fazer\u00a0 como Ele\u00a0 a vontade do Pai celeste: &#8220;Dei-vos o exemplo para que fa\u00e7ais como Eu&#8221; (Mt. 7,21; Jo. 13,15). &#8220;Como Cristo Ressuscitado vive para Deus, &hellip; <a href=\"http:\/\/www.paroquiadoscanhas.pt\/?page_id=573\">Continue reading <span class=\"meta-nav\">&rarr;<\/span><\/a><\/p>\n","protected":false},"author":1,"featured_media":0,"parent":0,"menu_order":0,"comment_status":"closed","ping_status":"closed","template":"","meta":{"footnotes":""},"class_list":["post-573","page","type-page","status-publish","hentry"],"_links":{"self":[{"href":"http:\/\/www.paroquiadoscanhas.pt\/index.php?rest_route=\/wp\/v2\/pages\/573","targetHints":{"allow":["GET"]}}],"collection":[{"href":"http:\/\/www.paroquiadoscanhas.pt\/index.php?rest_route=\/wp\/v2\/pages"}],"about":[{"href":"http:\/\/www.paroquiadoscanhas.pt\/index.php?rest_route=\/wp\/v2\/types\/page"}],"author":[{"embeddable":true,"href":"http:\/\/www.paroquiadoscanhas.pt\/index.php?rest_route=\/wp\/v2\/users\/1"}],"replies":[{"embeddable":true,"href":"http:\/\/www.paroquiadoscanhas.pt\/index.php?rest_route=%2Fwp%2Fv2%2Fcomments&post=573"}],"version-history":[{"count":22,"href":"http:\/\/www.paroquiadoscanhas.pt\/index.php?rest_route=\/wp\/v2\/pages\/573\/revisions"}],"predecessor-version":[{"id":1097,"href":"http:\/\/www.paroquiadoscanhas.pt\/index.php?rest_route=\/wp\/v2\/pages\/573\/revisions\/1097"}],"wp:attachment":[{"href":"http:\/\/www.paroquiadoscanhas.pt\/index.php?rest_route=%2Fwp%2Fv2%2Fmedia&parent=573"}],"curies":[{"name":"wp","href":"https:\/\/api.w.org\/{rel}","templated":true}]}}