{"id":54,"date":"2011-12-31T21:16:10","date_gmt":"2011-12-31T21:16:10","guid":{"rendered":"http:\/\/176.9.29.233\/~paroqui3\/?page_id=54"},"modified":"2012-01-07T22:47:41","modified_gmt":"2012-01-07T22:47:41","slug":"confirmacao","status":"publish","type":"page","link":"http:\/\/www.paroquiadoscanhas.pt\/?page_id=54","title":{"rendered":"Confirma\u00e7\u00e3o"},"content":{"rendered":"<p><a href=\"http:\/\/paroquiadoscanhas.pt\/wp-content\/uploads\/2012\/01\/Confirma\u00e7\u00e3o.jpg\"><img loading=\"lazy\" decoding=\"async\" class=\"aligncenter size-full wp-image-108\" title=\"Confirma\u00e7\u00e3o\" src=\"http:\/\/paroquiadoscanhas.pt\/wp-content\/uploads\/2012\/01\/Confirma\u00e7\u00e3o.jpg\" alt=\"\" width=\"497\" height=\"149\" srcset=\"http:\/\/www.paroquiadoscanhas.pt\/wp-content\/uploads\/2012\/01\/Confirma\u00e7\u00e3o.jpg 497w, http:\/\/www.paroquiadoscanhas.pt\/wp-content\/uploads\/2012\/01\/Confirma\u00e7\u00e3o-300x89.jpg 300w\" sizes=\"auto, (max-width: 497px) 100vw, 497px\" \/><\/a><\/p>\n<p style=\"text-align: justify;\"><a href=\"http:\/\/paroquiadoscanhas.pt\/wp-content\/uploads\/2011\/12\/crisma-img.jpg\"><img loading=\"lazy\" decoding=\"async\" class=\"alignright size-full wp-image-240\" title=\"crisma img\" src=\"http:\/\/paroquiadoscanhas.pt\/wp-content\/uploads\/2011\/12\/crisma-img.jpg\" alt=\"\" width=\"196\" height=\"233\" \/><\/a>A Confirma\u00e7\u00e3o \u00e9 o Sacramento da maturidade crist\u00e3. Ela ajuda-nos e confirma-nos no prop\u00f3sito de viver segundo o Evangelho, de testemunhar Jesus Cristo e de assumir a Igreja como nossa M\u00e3e e o espa\u00e7o adequado e privilegiado para viver a &#8220;aventura&#8221; de crescer na f\u00e9. Dela, Igreja, fazemos parte e com ela temos que colaborar para que a Boa Nova de Jesus Cristo toque e transforme a vida das pessoas e da sociedade.<\/p>\n<p style=\"text-align: justify;\">Assim, \u00e9 fundamental e imprescind\u00edvel para todo o baptizado que quer ser disc\u00edpulo e testemunha de Jesus Cristo, receber a plenitude do Esp\u00edrito Santo.<\/p>\n<h4 style=\"text-align: justify;\"><strong><span style=\"color: #800000;\">Recomenda\u00e7\u00f5es<\/span><\/strong><\/h4>\n<p style=\"text-align: justify;\">Aquele que, pela Confirma\u00e7\u00e3o, quer aderir plenamente a Cristo:<\/p>\n<p style=\"text-align: justify;\"><strong>1.<\/strong> n\u00e3o pode viver sem a Eucaristia Dominical, sem a participa\u00e7\u00e3o regular no Sacramento da Penit\u00eancia (Confiss\u00e3o), e em todas as actividades propostas pela comunidade crist\u00e3 (Igreja).<\/p>\n<p style=\"text-align: justify;\"><strong>2.<\/strong> e procura, na sua vida do dia-a-dia, viver a Boa Nova de Jesus Cristo, que se actualiza no ensino da Igreja; apresenta-se (com coragem, alegria e sem ostenta\u00e7\u00e3o) como crist\u00e3o; testemunha, nos ambientes em que se encontra, a sua f\u00e9 em Jesus Cristo; alegra-se por pertencer \u00e0 grande fam\u00edlia dos filhos de Deus, a Igreja e com ela colabora na miss\u00e3o de levar a Boa Nova a todos os Homens.<\/p>\n<h4 style=\"text-align: justify;\"><strong><span style=\"color: #800000;\">Reuni\u00f5es de prepara\u00e7\u00e3o<\/span><\/strong><\/h4>\n<p style=\"text-align: justify;\">Consulte a Agenda para saber as datas das reuni\u00f5es de prepara\u00e7\u00e3o<\/p>\n<h4 style=\"text-align: justify;\"><strong><span style=\"color: #800000;\">Mais informa\u00e7\u00f5es sobre a Confirma\u00e7\u00e3o<\/span><\/strong><\/h4>\n<p style=\"text-align: justify;\"><a href=\"http:\/\/www.vatican.va\/archive\/ESL0020\/__P2Y.HTM\" target=\"_blank\">C\u00f3digo do Direito Can\u00f3nico &#8211; c\u00e2nones 879-896 (espanhol)<\/a><br \/>\n<a href=\"http:\/\/www.vatican.va\/archive\/ENG1104\/__P30.HTM\" target=\"_blank\">C\u00f3digo de Direito Can\u00f3nico &#8211;\u00a0c\u00e2nones 879-896 (ingl\u00eas)<\/a><\/p>\n","protected":false},"excerpt":{"rendered":"<p>A Confirma\u00e7\u00e3o \u00e9 o Sacramento da maturidade crist\u00e3. Ela ajuda-nos e confirma-nos no prop\u00f3sito de viver segundo o Evangelho, de testemunhar Jesus Cristo e de assumir a Igreja como nossa M\u00e3e e o espa\u00e7o adequado e privilegiado para viver a &hellip; <a href=\"http:\/\/www.paroquiadoscanhas.pt\/?page_id=54\">Continue reading <span class=\"meta-nav\">&rarr;<\/span><\/a><\/p>\n","protected":false},"author":1,"featured_media":0,"parent":0,"menu_order":0,"comment_status":"closed","ping_status":"closed","template":"","meta":{"footnotes":""},"class_list":["post-54","page","type-page","status-publish","hentry"],"_links":{"self":[{"href":"http:\/\/www.paroquiadoscanhas.pt\/index.php?rest_route=\/wp\/v2\/pages\/54","targetHints":{"allow":["GET"]}}],"collection":[{"href":"http:\/\/www.paroquiadoscanhas.pt\/index.php?rest_route=\/wp\/v2\/pages"}],"about":[{"href":"http:\/\/www.paroquiadoscanhas.pt\/index.php?rest_route=\/wp\/v2\/types\/page"}],"author":[{"embeddable":true,"href":"http:\/\/www.paroquiadoscanhas.pt\/index.php?rest_route=\/wp\/v2\/users\/1"}],"replies":[{"embeddable":true,"href":"http:\/\/www.paroquiadoscanhas.pt\/index.php?rest_route=%2Fwp%2Fv2%2Fcomments&post=54"}],"version-history":[{"count":11,"href":"http:\/\/www.paroquiadoscanhas.pt\/index.php?rest_route=\/wp\/v2\/pages\/54\/revisions"}],"predecessor-version":[{"id":241,"href":"http:\/\/www.paroquiadoscanhas.pt\/index.php?rest_route=\/wp\/v2\/pages\/54\/revisions\/241"}],"wp:attachment":[{"href":"http:\/\/www.paroquiadoscanhas.pt\/index.php?rest_route=%2Fwp%2Fv2%2Fmedia&parent=54"}],"curies":[{"name":"wp","href":"https:\/\/api.w.org\/{rel}","templated":true}]}}