{"id":4441,"date":"2013-04-20T21:55:38","date_gmt":"2013-04-20T21:55:38","guid":{"rendered":"http:\/\/www.paroquiadoscanhas.pt\/?page_id=4441"},"modified":"2013-04-27T21:30:09","modified_gmt":"2013-04-27T21:30:09","slug":"oracao-2","status":"publish","type":"page","link":"http:\/\/www.paroquiadoscanhas.pt\/?page_id=4441","title":{"rendered":"Ora\u00e7\u00e3o da Catequista"},"content":{"rendered":"<p><b>Jesus<\/b><\/p>\n<p style=\"text-align: justify;\">Sou como um simples tijolo, humilde, mas t\u00e3o necess\u00e1ria na constru\u00e7\u00e3o da vida, do mundo e do Teu reino celeste, um reino de paz e de amor\u00a0.<\/p>\n<p style=\"text-align: justify;\">\u00c9 t\u00e3o bom ser chamada por Ti para colaborar e ajudar os meninos a crescerem na F\u00e9, a serem adultos respons\u00e1veis e a fazerem de Ti o pilar das suas vidas.<a href=\"http:\/\/www.paroquiadoscanhas.pt\/wp-content\/uploads\/2013\/04\/d.jpg\"><img loading=\"lazy\" decoding=\"async\" class=\"alignright size-full wp-image-4442\" alt=\"d\" src=\"http:\/\/www.paroquiadoscanhas.pt\/wp-content\/uploads\/2013\/04\/d.jpg\" width=\"200\" height=\"211\" \/><\/a><\/p>\n<p style=\"text-align: justify;\">Ilumina-me, fortalece a minha F\u00e9 e faz com que eu consiga difundir e transmitir os Teus ensinamentos, e faz\u00ea-los entender que s\u00f3 Tu \u00e9s exemplo de vida.<\/p>\n<p style=\"text-align: justify;\">Tu chamaste-me a ser Catequista na Tua Igreja, na Tua comunidade que afinal \u00e9 tamb\u00e9m a minha.\u00a0 Confiaste a miss\u00e3o de anunciar a Tua palavra e\u00a0de testemunhar com o meu exemplo, os Teus valores.<\/p>\n<p style=\"text-align: justify;\">\u00c0s vezes, tenho medo de n\u00e3o saber corresponder e de n\u00e3o estar \u00e0 altura do que esperas de mim. Mas, se me escolheste l\u00e1 sabes porqu\u00ea e eu s\u00f3 terei de olhar para o lado, ver que caminhas comigo e apoiar-me em Ti.<\/p>\n<p style=\"text-align: justify;\">N\u00e3o me deixes s\u00f3zinha. Confio em Ti.<\/p>\n<p style=\"text-align: justify;\">Pai Nosso<\/p>\n<p style=\"text-align: justify;\">Gl\u00f3ria<\/p>\n<p style=\"text-align: justify;\">\u00c1men<\/p>\n<p style=\"text-align: right;\">\u00a0I. A.<\/p>\n<p>&nbsp;<\/p>\n","protected":false},"excerpt":{"rendered":"<p>Jesus Sou como um simples tijolo, humilde, mas t\u00e3o necess\u00e1ria na constru\u00e7\u00e3o da vida, do mundo e do Teu reino celeste, um reino de paz e de amor\u00a0. \u00c9 t\u00e3o bom ser chamada por Ti para colaborar e ajudar os &hellip; <a href=\"http:\/\/www.paroquiadoscanhas.pt\/?page_id=4441\">Continue reading <span class=\"meta-nav\">&rarr;<\/span><\/a><\/p>\n","protected":false},"author":1,"featured_media":0,"parent":0,"menu_order":0,"comment_status":"closed","ping_status":"open","template":"","meta":{"footnotes":""},"class_list":["post-4441","page","type-page","status-publish","hentry"],"_links":{"self":[{"href":"http:\/\/www.paroquiadoscanhas.pt\/index.php?rest_route=\/wp\/v2\/pages\/4441","targetHints":{"allow":["GET"]}}],"collection":[{"href":"http:\/\/www.paroquiadoscanhas.pt\/index.php?rest_route=\/wp\/v2\/pages"}],"about":[{"href":"http:\/\/www.paroquiadoscanhas.pt\/index.php?rest_route=\/wp\/v2\/types\/page"}],"author":[{"embeddable":true,"href":"http:\/\/www.paroquiadoscanhas.pt\/index.php?rest_route=\/wp\/v2\/users\/1"}],"replies":[{"embeddable":true,"href":"http:\/\/www.paroquiadoscanhas.pt\/index.php?rest_route=%2Fwp%2Fv2%2Fcomments&post=4441"}],"version-history":[{"count":22,"href":"http:\/\/www.paroquiadoscanhas.pt\/index.php?rest_route=\/wp\/v2\/pages\/4441\/revisions"}],"predecessor-version":[{"id":4574,"href":"http:\/\/www.paroquiadoscanhas.pt\/index.php?rest_route=\/wp\/v2\/pages\/4441\/revisions\/4574"}],"wp:attachment":[{"href":"http:\/\/www.paroquiadoscanhas.pt\/index.php?rest_route=%2Fwp%2Fv2%2Fmedia&parent=4441"}],"curies":[{"name":"wp","href":"https:\/\/api.w.org\/{rel}","templated":true}]}}