{"id":44,"date":"2011-12-31T21:12:42","date_gmt":"2011-12-31T21:12:42","guid":{"rendered":"http:\/\/176.9.29.233\/~paroqui3\/?page_id=44"},"modified":"2012-10-13T10:52:24","modified_gmt":"2012-10-13T10:52:24","slug":"penitencia","status":"publish","type":"page","link":"http:\/\/www.paroquiadoscanhas.pt\/?page_id=44","title":{"rendered":"Penit\u00eancia"},"content":{"rendered":"<p><a href=\"http:\/\/paroquiadoscanhas.pt\/wp-content\/uploads\/2012\/01\/Penit\u00eancia.jpg\"><img loading=\"lazy\" decoding=\"async\" class=\"aligncenter size-full wp-image-111\" title=\"Penit\u00eancia\" src=\"http:\/\/paroquiadoscanhas.pt\/wp-content\/uploads\/2012\/01\/Penit\u00eancia.jpg\" alt=\"\" width=\"498\" height=\"91\" srcset=\"http:\/\/www.paroquiadoscanhas.pt\/wp-content\/uploads\/2012\/01\/Penit\u00eancia.jpg 498w, http:\/\/www.paroquiadoscanhas.pt\/wp-content\/uploads\/2012\/01\/Penit\u00eancia-300x54.jpg 300w\" sizes=\"auto, (max-width: 498px) 100vw, 498px\" \/><\/a><\/p>\n<p style=\"text-align: justify;\"><a href=\"http:\/\/paroquiadoscanhas.pt\/wp-content\/uploads\/2011\/12\/penitencia-img.jpg\"><img loading=\"lazy\" decoding=\"async\" class=\"alignright size-full wp-image-235\" title=\"penitencia img\" src=\"http:\/\/paroquiadoscanhas.pt\/wp-content\/uploads\/2011\/12\/penitencia-img.jpg\" alt=\"\" width=\"270\" height=\"252\" \/><\/a>Para al\u00e9m das Celebra\u00e7\u00f5es Penitenciais calendarizadas, o P\u00e1roco est\u00e1 dispon\u00edvel para atender de Confiss\u00e3o antes ou depois de qualquer das celebra\u00e7\u00f5es da Eucaristia ou em hor\u00e1rio a combinar.<\/p>\n<p style=\"text-align: justify;\">Sempre que precisar, n\u00e3o deixe de procurar o Sacerdote, para receber a gra\u00e7a do Perd\u00e3o de Deus.<\/p>\n<p style=\"text-align: justify;\">A Confiss\u00e3o\u00a0\u00e9 o Sacramento institu\u00eddo por Jesus Cristo para perdoar os pecados. \u00c9 obriga\u00e7\u00e3o de todo o\u00a0crist\u00e3o reconciliar-se com Deus.<\/p>\n<p style=\"text-align: justify;\">A Confiss\u00e3o santifica e aproxima-nos de Deus. A Igreja recomenda a Confiss\u00e3o frequente.<\/p>\n<p>O que \u00e9 necess\u00e1rio para confessar-se?<\/p>\n<p>1\u00a0&#8211; Lembrar os pecados cometidos\u00a0 (Exame de consci\u00eancia).<\/p>\n<p>2\u00a0&#8211; Arrependimento dos pecados.<\/p>\n<p>3\u00a0&#8211; Prop\u00f3sito de n\u00e3o tornar a pecar.<\/p>\n<p>4\u00a0&#8211; Confiss\u00e3o dos pecados ao Sacerdote.<\/p>\n<p>5\u00a0&#8211; Cumprimento da Penit\u00eancia.<\/p>\n<p>Quando devemos Confessar?<\/p>\n<p style=\"text-align: justify;\">O\u00a0pecado significa estar afastado de Deus. Devemos confessar\u00a0os pecados, ao menos, uma vez por ano. Essa Confiss\u00e3o pode ser feita na Quaresma por ser\u00a0uma ocasi\u00e3o especial mas, tamb\u00e9m, porque devemos cumprir o\u00a0preceito da Comunh\u00e3o anual. Mas, se cometermos um pecado mortal, devemos confessar quanto antes.<\/p>\n<p>O\u00a0que \u00e9 pecado?<\/p>\n<p style=\"text-align: justify;\">Pecado \u00e9 toda a desobedi\u00eancia volunt\u00e1ria \u00e0 Lei de Deus e da Igreja. Pecado mortal \u00e9 uma desobedi\u00eancia \u00e0 Lei de Deus\u00a0ou\u00a0da Igreja em mat\u00e9ria grave, feita com pleno conhecimento e consentimento deliberado. Pecado venial \u00e9 uma desobedi\u00eancia \u00e0 Lei de Deus ou da Igreja em mat\u00e9ria leve ou em mat\u00e9ria grave mas sem pleno conhecimento e perfeito consentimento.<\/p>\n<p>Como preparar a Confiss\u00e3o?<\/p>\n<p style=\"text-align: justify;\">Fazendo o exame de consci\u00eancia e rezando a\u00a0ora\u00e7\u00e3o: Meu Senhor e meu Deus! D\u00e1-me luz para conhecer os meus pecados. D\u00e1-me\u00a0coragem e for\u00e7as para os confessar com verdade e\u00a0merecer\u00a0 agora o\u00a0Teu perd\u00e3o. Am\u00e9m.<\/p>\n<p style=\"text-align: justify;\">Acto de Contri\u00e7\u00e3o: \u201cMeu Deus, porque sois infinitamente bom, eu Vos amo de todo o meu cora\u00e7\u00e3o, pesa-me ter-Vos ofendido, e, com o aux\u00edlio da vossa divina gra\u00e7a, proponho firmemente emendar-me e nunca mais Vos tornar a ofender; pe\u00e7o e espero o perd\u00e3o das minhas culpas pela Vossa infinita miseric\u00f3rdia.<br \/>\n\u00c1men.<\/p>\n<p style=\"text-align: justify;\">O Sacerdote ent\u00e3o d\u00e1 a absolvi\u00e7\u00e3o: \u201c Deus, Pai de miseric\u00f3rdia, que, pela morte e ressurrei\u00e7\u00e3o do Seu Filho, reconciliou o mundo\u00a0 e enviou o Esp\u00edrito Santo para remiss\u00e3o dos pecados, te conceda, pelo minist\u00e9rio da Igreja, o perd\u00e3o e a paz. E eu te absolvo dos teus pecados, em nome do Pai, e do Filho e do Esp\u00edrito Santo.\u201d E o penitente responde: \u201c Am\u00e9m.\u201d\u00a0 e o Sacerdote prossegue: &#8220;A paix\u00e3o de Nosso Senhor Jesus Cristo, a intercess\u00e3o da Virgem Maria e de todos os Santos, sirvam de rem\u00e9dio para os teus pecados, aumento de gra\u00e7a e pr\u00e9mio da vida eterna. Vai em paz.&#8221; E o penitente responde: \u201c Am\u00e9m.\u201d<\/p>\n<p>&nbsp;<\/p>\n<p style=\"text-align: justify;\">\u00a0<\/p>\n","protected":false},"excerpt":{"rendered":"<p>Para al\u00e9m das Celebra\u00e7\u00f5es Penitenciais calendarizadas, o P\u00e1roco est\u00e1 dispon\u00edvel para atender de Confiss\u00e3o antes ou depois de qualquer das celebra\u00e7\u00f5es da Eucaristia ou em hor\u00e1rio a combinar. Sempre que precisar, n\u00e3o deixe de procurar o Sacerdote, para receber a &hellip; <a href=\"http:\/\/www.paroquiadoscanhas.pt\/?page_id=44\">Continue reading <span class=\"meta-nav\">&rarr;<\/span><\/a><\/p>\n","protected":false},"author":1,"featured_media":0,"parent":0,"menu_order":0,"comment_status":"closed","ping_status":"closed","template":"","meta":{"footnotes":""},"class_list":["post-44","page","type-page","status-publish","hentry"],"_links":{"self":[{"href":"http:\/\/www.paroquiadoscanhas.pt\/index.php?rest_route=\/wp\/v2\/pages\/44","targetHints":{"allow":["GET"]}}],"collection":[{"href":"http:\/\/www.paroquiadoscanhas.pt\/index.php?rest_route=\/wp\/v2\/pages"}],"about":[{"href":"http:\/\/www.paroquiadoscanhas.pt\/index.php?rest_route=\/wp\/v2\/types\/page"}],"author":[{"embeddable":true,"href":"http:\/\/www.paroquiadoscanhas.pt\/index.php?rest_route=\/wp\/v2\/users\/1"}],"replies":[{"embeddable":true,"href":"http:\/\/www.paroquiadoscanhas.pt\/index.php?rest_route=%2Fwp%2Fv2%2Fcomments&post=44"}],"version-history":[{"count":19,"href":"http:\/\/www.paroquiadoscanhas.pt\/index.php?rest_route=\/wp\/v2\/pages\/44\/revisions"}],"predecessor-version":[{"id":234,"href":"http:\/\/www.paroquiadoscanhas.pt\/index.php?rest_route=\/wp\/v2\/pages\/44\/revisions\/234"}],"wp:attachment":[{"href":"http:\/\/www.paroquiadoscanhas.pt\/index.php?rest_route=%2Fwp%2Fv2%2Fmedia&parent=44"}],"curies":[{"name":"wp","href":"https:\/\/api.w.org\/{rel}","templated":true}]}}