{"id":36,"date":"2011-12-31T21:11:16","date_gmt":"2011-12-31T21:11:16","guid":{"rendered":"http:\/\/176.9.29.233\/~paroqui3\/?page_id=36"},"modified":"2012-01-10T13:45:31","modified_gmt":"2012-01-10T13:45:31","slug":"atendimento","status":"publish","type":"page","link":"http:\/\/www.paroquiadoscanhas.pt\/?page_id=36","title":{"rendered":"Contactos"},"content":{"rendered":"<p><strong>O P\u00e1roco est\u00e1 dispon\u00edvel para atendimento:<\/strong><\/p>\n<ul>\n<li>antes e depois da Celebra\u00e7\u00e3o das Eucaristias<\/li>\n<li>sempre que se encontrar na Resid\u00eancia Paroquial.<\/li>\n<\/ul>\n<p><strong>Pe. Ant\u00f3nio Paulo de Ponte Sousa<\/strong><\/p>\n<p><strong>Resid\u00eancia Paroquial:<\/strong><br \/>\nCam. Lombo da Piedade<br \/>\n9360-026 Canhas<\/p>\n<p><strong>Telefone:<\/strong><br \/>\n291 972 133<\/p>\n<p><strong>Fax:<\/strong><br \/>\n291 972 133<\/p>\n<p><strong>E-mail:<\/strong><br \/>\n<a href=\"mailto:peantoniopaulo@hotmail.com\">peantoniopaulo@hotmail.com<\/a><br \/>\n<a href=\"mailto:paroquiadoscanhas@hotmail.com\">paroquiadoscanhas@hotmail.com<\/a><\/p>\n<p>&nbsp;<\/p>\n","protected":false},"excerpt":{"rendered":"<p>O P\u00e1roco est\u00e1 dispon\u00edvel para atendimento: antes e depois da Celebra\u00e7\u00e3o das Eucaristias sempre que se encontrar na Resid\u00eancia Paroquial. Pe. Ant\u00f3nio Paulo de Ponte Sousa Resid\u00eancia Paroquial: Cam. Lombo da Piedade 9360-026 Canhas Telefone: 291 972 133 Fax: 291 &hellip; <a href=\"http:\/\/www.paroquiadoscanhas.pt\/?page_id=36\">Continue reading <span class=\"meta-nav\">&rarr;<\/span><\/a><\/p>\n","protected":false},"author":1,"featured_media":0,"parent":0,"menu_order":0,"comment_status":"closed","ping_status":"closed","template":"","meta":{"footnotes":""},"class_list":["post-36","page","type-page","status-publish","hentry"],"_links":{"self":[{"href":"http:\/\/www.paroquiadoscanhas.pt\/index.php?rest_route=\/wp\/v2\/pages\/36","targetHints":{"allow":["GET"]}}],"collection":[{"href":"http:\/\/www.paroquiadoscanhas.pt\/index.php?rest_route=\/wp\/v2\/pages"}],"about":[{"href":"http:\/\/www.paroquiadoscanhas.pt\/index.php?rest_route=\/wp\/v2\/types\/page"}],"author":[{"embeddable":true,"href":"http:\/\/www.paroquiadoscanhas.pt\/index.php?rest_route=\/wp\/v2\/users\/1"}],"replies":[{"embeddable":true,"href":"http:\/\/www.paroquiadoscanhas.pt\/index.php?rest_route=%2Fwp%2Fv2%2Fcomments&post=36"}],"version-history":[{"count":20,"href":"http:\/\/www.paroquiadoscanhas.pt\/index.php?rest_route=\/wp\/v2\/pages\/36\/revisions"}],"predecessor-version":[{"id":248,"href":"http:\/\/www.paroquiadoscanhas.pt\/index.php?rest_route=\/wp\/v2\/pages\/36\/revisions\/248"}],"wp:attachment":[{"href":"http:\/\/www.paroquiadoscanhas.pt\/index.php?rest_route=%2Fwp%2Fv2%2Fmedia&parent=36"}],"curies":[{"name":"wp","href":"https:\/\/api.w.org\/{rel}","templated":true}]}}