{"id":33,"date":"2011-12-31T21:09:26","date_gmt":"2011-12-31T21:09:26","guid":{"rendered":"http:\/\/176.9.29.233\/~paroqui3\/?page_id=33"},"modified":"2013-04-29T09:21:32","modified_gmt":"2013-04-29T09:21:32","slug":"matrimonio","status":"publish","type":"page","link":"http:\/\/www.paroquiadoscanhas.pt\/?page_id=33","title":{"rendered":"Matrim\u00f3nio"},"content":{"rendered":"<p><a href=\"http:\/\/paroquiadoscanhas.pt\/wp-content\/uploads\/2012\/01\/Matrimonio.jpg\"><img loading=\"lazy\" decoding=\"async\" class=\"aligncenter size-full wp-image-105\" title=\"Matrimonio\" alt=\"\" src=\"http:\/\/paroquiadoscanhas.pt\/wp-content\/uploads\/2012\/01\/Matrimonio.jpg\" width=\"495\" height=\"186\" srcset=\"http:\/\/www.paroquiadoscanhas.pt\/wp-content\/uploads\/2012\/01\/Matrimonio.jpg 495w, http:\/\/www.paroquiadoscanhas.pt\/wp-content\/uploads\/2012\/01\/Matrimonio-300x112.jpg 300w\" sizes=\"auto, (max-width: 495px) 100vw, 495px\" \/><\/a><\/p>\n<h4>\u00a0<strong><span style=\"color: #800000;\">Prepara\u00e7\u00e3o<\/span><\/strong><\/h4>\n<p><a href=\"http:\/\/paroquiadoscanhas.pt\/wp-content\/uploads\/2011\/12\/matrimonio-img1.jpg\"><img loading=\"lazy\" decoding=\"async\" class=\"size-full wp-image-230 alignright\" title=\"matrimonio img\" alt=\"\" src=\"http:\/\/paroquiadoscanhas.pt\/wp-content\/uploads\/2011\/12\/matrimonio-img1.jpg\" width=\"222\" height=\"205\" \/><\/a>CPM, Celebra\u00e7\u00e3o na Comunidade (B\u00ean\u00e7\u00e3o dos Noivos), Encontros Pr\u00e9-Matrimoniais.<\/p>\n<h4><strong><span style=\"color: #800000;\">Vou casar na Igreja<\/span><\/strong><\/h4>\n<p>Casamento entre duas pessoas baptizadas na Igreja Cat\u00f3lica e residentes na Madeira e Porto Santo.<\/p>\n<h4><strong><span style=\"color: #800000;\">Sugest\u00e3o de passos a tomar:<\/span><\/strong><\/h4>\n<p style=\"text-align: justify;\"><strong>1.<\/strong> Escolher uma data para o casamento.<br \/>\n<strong>2.<\/strong> Padre para a celebra\u00e7\u00e3o do casamento: Normalmente \u00e9 o P\u00e1roco da Igreja da noiva ou do noivo onde \u00e9 celebrado o casamento. Na impossibilidade ou outro motivo convide outro sacerdote. Reserva a celebra\u00e7\u00e3o na sua agenda.<br \/>\n<strong>3.<\/strong> Igreja ou Capela: Geralmente os casamentos s\u00e3o celebrados na Par\u00f3quia da Noiva ou do Noivo. Pode contudo ser celebrado numa outra Igreja Paroquial ou Capela. N\u00e3o pode ser celebrado numa quinta ou restaurante, ou barco, etc. Se for em capela particular ou Igreja Paroquial fora da \u00e1rea da sua resid\u00eancia dever\u00e1 pagar uma taxa na C\u00e2mara Eclesi\u00e1stica.<br \/>\n<strong>4.<\/strong> Os noivos devem informar-se sobre as datas do Curso de Prepara\u00e7\u00e3o para o Matrim\u00f3nio (CPM). O curso n\u00e3o \u00e9 obrigat\u00f3rio mas conveniente. Informa\u00e7\u00f5es sobre os cursos na Par\u00f3quia de Santo Ant\u00f3nio ou junto do seu P\u00e1roco.<br \/>\n<strong>5.<\/strong> Crisma \u2013 o Sacramento do Crisma \u00e9 obrigat\u00f3rio para a celebra\u00e7\u00e3o do Sacramento do Matrim\u00f3nio. Se n\u00e3o tem o crisma inscreva-se num grupo de adultos para o Crisma ou ent\u00e3o em di\u00e1logo com o seu P\u00e1roco comprometa-se a ingressar num grupo de prepara\u00e7\u00e3o para o Crisma depois do casamento e segundo a sua disponibilidade.<br \/>\n<strong>6.<\/strong> Pode contrair casamento quem est\u00e1 em estado livre: solteiro ou vi\u00favo. Deve possuir a maioridade, ter 18 anos. Se n\u00e3o for maior, os pais devem assinar no Registo Civil um documento de que assumem a responsabilidade pelo menor.<br \/>\n<strong>7.<\/strong> Em qualquer Conservat\u00f3ria do Registo Civil pe\u00e7a um Certificado para Casamento na Igreja Cat\u00f3lica. O certificado uma vez emitido tem validade para 6 meses. Ter\u00e1 de casar durante esse prazo.<br \/>\n<strong>8.<\/strong> Documentos necess\u00e1rios na Conservat\u00f3ria do Registo Civil para a instru\u00e7\u00e3o do processo: (do C\u00f3digo do Registo Civil, artigo 137\u00ba)<\/p>\n<p style=\"padding-left: 30px; text-align: justify;\">1 &#8211; A declara\u00e7\u00e3o inicial deve ser instru\u00edda com os seguintes documentos:<br \/>\na) Documentos de identifica\u00e7\u00e3o dos nubentes ou, sendo estes estrangeiros, t\u00edtulo ou autoriza\u00e7\u00e3o de resid\u00eancia, passaporte ou documento equivalente;<br \/>\nb) Certid\u00e3o da escritura de conven\u00e7\u00e3o antenupcial, caso tenha sido celebrada;<br \/>\n2 &#8211; Se o nubente for estrangeiro deve apresentar certid\u00e3o do registo de nascimento que tem apenas de satisfazer a forma exigida para o mesmo fim pela lei do pa\u00eds de origem.<br \/>\n3 &#8211; S\u00e3o dispensados da apresenta\u00e7\u00e3o dos documentos referidos na al\u00ednea a) do n.\u00ba 1 os nubentes que se fa\u00e7am representar por procurador.<br \/>\n4 &#8211; Na sequ\u00eancia da declara\u00e7\u00e3o inicial \u00e9 imediata e oficiosamente consultada a base de dados do registo civil, sendo integrados na base de dados os documentos que se mostrem necess\u00e1rios, de forma a comprovar:<br \/>\na) Os registos de nascimento dos nubentes;<br \/>\nb) O registo de \u00f3bito do pai ou da m\u00e3e de nubente menor, quando o progenitor falecido estivesse investido no exerc\u00edcio do poder paternal, excepto se houver tutela institu\u00edda;<br \/>\nc) A celebra\u00e7\u00e3o de conven\u00e7\u00e3o antenupcial declarada perante o conservador, caso tenha sido celebrada.<br \/>\n5 &#8211; A comprova\u00e7\u00e3o do nascimento dos nubentes e dos \u00f3bitos necess\u00e1rios \u00e0 instru\u00e7\u00e3o do processo pode ser substitu\u00edda por certificados de notoriedade, passados nos termos previstos neste C\u00f3digo.<\/p>\n<p style=\"text-align: justify;\"><strong>9.<\/strong> Processo religioso de casamento: o processo de casamento religioso \u00e9 organizado sempre na Par\u00f3quia da Noiva. Pode ser organizado na Par\u00f3quia do Noivo se o casamento for celebrado nessa Par\u00f3quia. Quem organiza o processo \u00e9 o P\u00e1roco da Noiva, independentemente do Padre que vai assistir \u00e0 celebra\u00e7\u00e3o do casamento.<br \/>\n<strong>10.<\/strong> Se j\u00e1 tiverem casado civilmente, ter\u00e3o de pedir Certid\u00e3o do Casamento Civil ou Boletim do Casamento, que o p\u00e1roco anexar\u00e1 ao processo religioso.<br \/>\n<strong>11.<\/strong> Documentos necess\u00e1rios para o Processo religioso de Casamento.<\/p>\n<p style=\"padding-left: 30px; text-align: justify;\">1- \u00a0Se n\u00e3o est\u00e1 casado no civil, um Certificado para Casamento passado por uma qualquer Conservat\u00f3ria do Registo Civil.<br \/>\n2- Bilhete de Identidade em dia ou cart\u00e3o de cidad\u00e3o.<br \/>\n3- \u00a0Uma certid\u00e3o de Baptismo e Crisma.<br \/>\n4- \u00a0Um certificado de estado livre dos dois se tiver residido depois dos 16 anos fora da sua par\u00f3quia por mais de um ano. O certificado de estado livre \u00e9 pedido em todas as par\u00f3quias onde residiu depois dos 16 anos por mais de um ano. Trata-se de provar que nunca contraiu casamento religioso.<br \/>\n5- \u00a0Nomes e Resid\u00eancia completa das duas testemunhas do casamento e Fotoc\u00f3pias do Bilhete de Identidade das testemunhas.<\/p>\n<p style=\"text-align: justify;\"><strong>12.<\/strong> Os casamentos cat\u00f3licos t\u00eam efeitos no civil. A lei civil reconhece valor e efic\u00e1cia de casamento ao matrim\u00f3nio cat\u00f3lico. N\u00e3o pode haver casamento religioso sem o efeito no civil. Se o casal j\u00e1 se encontra casado no civil o casamento ter\u00e1 apenas efeitos religiosos.<br \/>\n<strong>13.<\/strong> Depois de conclu\u00eddo o Processo Religioso deve entrega-lo na C\u00e2mara Eclesi\u00e1stica onde receber\u00e1 o Nada Obsta para o casamento. Uma vez pagas as Taxas deve entregar o processo na Par\u00f3quia onde ir\u00e1 celebrar o matrim\u00f3nio.<br \/>\n<strong>14.<\/strong> Taxas a pagar no casamento:<\/p>\n<p style=\"text-align: justify; padding-left: 30px;\">NA PAR\u00d3QUIA:<br \/>\nOrganiza\u00e7\u00e3o do processo de matrim\u00f3nio, incluindo todos os documentos passados pelo respectivo cart\u00f3rio paroquial: 25\u20ac.<br \/>\nNA C\u00c2MARA ECLESI\u00c1STICA:<br \/>\nAtesta\u00e7\u00e3o referente a processo ordin\u00e1rio da Diocese: 15\u20ac.<br \/>\nN\u00e3o realiza\u00e7\u00e3o dos proclames: 7,50\u20ac.<br \/>\nSuplemento no caso de transfer\u00eancia:<br \/>\na) para outra Igreja paroquial ou Diocese estranha: 20\u20ac.<br \/>\nb) Para Igreja n\u00e3o paroquial ou Capela: 45\u20ac.<br \/>\nc) Para Capela particular: 100\u20ac.<br \/>\nSuplemento por dispensa de impedimento: 12,50\u20ac.<\/p>\n<p style=\"text-align: justify;\"><strong>15.<\/strong> As Capelas pertencem a uma Par\u00f3quia. Se escolheu uma Capela deve falar com o P\u00e1roco da zona onde est\u00e1 a Capela de forma a reservar o Livro dos Casamentos. S\u00f3 as Igrejas Paroquiais t\u00eam Livro de Casamentos e por isso se vai casar numa Capela o Livro deve ser enviado \u00e0 Capela no final da celebra\u00e7\u00e3o do seu casamento e ser\u00e1 assinado pelos nubentes, testemunhas e sacerdote. Por exemplo: Igreja do Col\u00e9gio e o Convento de Santa Clara pertencem territorialmente \u00e0 Par\u00f3quia de S\u00e3o Pedro. Se vai casar no Col\u00e9gio ou no Convento deve reservar o Livro em S\u00e3o Pedro. A Capela de Santa Catarina, Capela do Hosp\u00edcio e a Capela da Penha de Fran\u00e7a pertencem \u00e0 Par\u00f3quia da S\u00e9.<br \/>\n<strong>16.<\/strong> Preparar com o Padre que assistir\u00e1 ao matrim\u00f3nio a celebra\u00e7\u00e3o e o rito.<br \/>\n<strong>17.<\/strong> Celebrar o Sacramento da Reconcilia\u00e7\u00e3o ou Confiss\u00e3o.<br \/>\n<strong>18.<\/strong> Escolher um coro e combinar com o Padre os c\u00e2nticos.<br \/>\n<strong>19.<\/strong> Combinar com o P\u00e1roco as flores e a decora\u00e7\u00e3o.<br \/>\n<strong>20.<\/strong> OFERTAS: \u00e9 costume dar uma oferta ao Padre que celebra o matrim\u00f3nio e outra \u00e0 Igreja Paroquial ou Capela.<br \/>\n<strong>21.<\/strong> CELEBRA\u00c7\u00c3O DO MATRIM\u00d3NIO \u2013 MUITAS FELICIDADES.<br \/>\n<strong>22.<\/strong> ASSINATURAS: S\u00e3o realizadas as assinaturas no livro dos matrim\u00f3nios da Par\u00f3quia e no duplicado a ser enviado pelo P\u00e1roco para a Conservat\u00f3ria do Registo Civil.<br \/>\n<strong>23.<\/strong> NOTA: qualquer d\u00favida ou informa\u00e7\u00e3o queira contactar o seu P\u00e1roco.<\/p>\n<h4 style=\"text-align: justify;\"><strong><span style=\"color: #800000;\">Encontros pr\u00e9-matrimoniais na Par\u00f3quia<\/span><\/strong><\/h4>\n<p style=\"text-align: justify;\">O 1\u00ba e o 5\u00ba Encontro s\u00e3o individuais (casal e p\u00e1roco) e devem ser combinadas com o p\u00e1roco.<br \/>\nOs 2\u00ba, 3\u00ba e 4\u00ba Encontros envolvem todos os casais,<\/p>\n<p style=\"text-align: justify;\">\u2022 1\u00ba encontro \u2013 marcar a data e dar in\u00edcio ao Processo Can\u00f3nico do Matrim\u00f3nio<br \/>\n\u2022 2\u00ba Encontro Pr\u00e9-Matrimonial. \u201cO AMOR, pe\u00e7a chave do Matrim\u00f3nio\u201d<br \/>\n\u2022 3\u00ba Encontro Pr\u00e9-Matrimonial: \u201cCasar por Igreja, porqu\u00ea?\u201d<br \/>\n\u2022 4\u00ba Encontro Pr\u00e9-Matrimonial: \u201cA celebra\u00e7\u00e3o do Sacramento do Matrim\u00f3nio\u201d<br \/>\n\u2022 5\u00ba encontro \u2013 Di\u00e1logo e conclus\u00e3o do Processo Can\u00f3nico<\/p>\n<p style=\"text-align: justify;\">\u00a0Data e hora a combinar com o P\u00e1roco<\/p>\n<p style=\"text-align: justify;\">Se vai casar durante o ano de 2013, contacte o seu p\u00e1roco at\u00e9 ao fim de Novembro de 2012, a fim de iniciar o processo e a prepara\u00e7\u00e3o necess\u00e1rios para receber o Sacramento do Matrim\u00f3nio.<\/p>\n","protected":false},"excerpt":{"rendered":"<p>\u00a0Prepara\u00e7\u00e3o CPM, Celebra\u00e7\u00e3o na Comunidade (B\u00ean\u00e7\u00e3o dos Noivos), Encontros Pr\u00e9-Matrimoniais. Vou casar na Igreja Casamento entre duas pessoas baptizadas na Igreja Cat\u00f3lica e residentes na Madeira e Porto Santo. Sugest\u00e3o de passos a tomar: 1. Escolher uma data para o &hellip; <a href=\"http:\/\/www.paroquiadoscanhas.pt\/?page_id=33\">Continue reading <span class=\"meta-nav\">&rarr;<\/span><\/a><\/p>\n","protected":false},"author":1,"featured_media":0,"parent":0,"menu_order":0,"comment_status":"closed","ping_status":"closed","template":"","meta":{"footnotes":""},"class_list":["post-33","page","type-page","status-publish","hentry"],"_links":{"self":[{"href":"http:\/\/www.paroquiadoscanhas.pt\/index.php?rest_route=\/wp\/v2\/pages\/33","targetHints":{"allow":["GET"]}}],"collection":[{"href":"http:\/\/www.paroquiadoscanhas.pt\/index.php?rest_route=\/wp\/v2\/pages"}],"about":[{"href":"http:\/\/www.paroquiadoscanhas.pt\/index.php?rest_route=\/wp\/v2\/types\/page"}],"author":[{"embeddable":true,"href":"http:\/\/www.paroquiadoscanhas.pt\/index.php?rest_route=\/wp\/v2\/users\/1"}],"replies":[{"embeddable":true,"href":"http:\/\/www.paroquiadoscanhas.pt\/index.php?rest_route=%2Fwp%2Fv2%2Fcomments&post=33"}],"version-history":[{"count":21,"href":"http:\/\/www.paroquiadoscanhas.pt\/index.php?rest_route=\/wp\/v2\/pages\/33\/revisions"}],"predecessor-version":[{"id":4582,"href":"http:\/\/www.paroquiadoscanhas.pt\/index.php?rest_route=\/wp\/v2\/pages\/33\/revisions\/4582"}],"wp:attachment":[{"href":"http:\/\/www.paroquiadoscanhas.pt\/index.php?rest_route=%2Fwp%2Fv2%2Fmedia&parent=33"}],"curies":[{"name":"wp","href":"https:\/\/api.w.org\/{rel}","templated":true}]}}