{"id":30,"date":"2011-12-31T21:08:50","date_gmt":"2011-12-31T21:08:50","guid":{"rendered":"http:\/\/176.9.29.233\/~paroqui3\/?page_id=30"},"modified":"2013-04-26T05:23:57","modified_gmt":"2013-04-26T05:23:57","slug":"baptismo","status":"publish","type":"page","link":"http:\/\/www.paroquiadoscanhas.pt\/?page_id=30","title":{"rendered":"Baptismo"},"content":{"rendered":"<p style=\"text-align: left;\"><a href=\"http:\/\/paroquiadoscanhas.pt\/wp-content\/uploads\/2012\/01\/Baptismo.jpg\"><img loading=\"lazy\" decoding=\"async\" class=\"aligncenter size-full wp-image-102\" title=\"Baptismo\" alt=\"\" src=\"http:\/\/paroquiadoscanhas.pt\/wp-content\/uploads\/2012\/01\/Baptismo.jpg\" width=\"495\" height=\"127\" srcset=\"http:\/\/www.paroquiadoscanhas.pt\/wp-content\/uploads\/2012\/01\/Baptismo.jpg 495w, http:\/\/www.paroquiadoscanhas.pt\/wp-content\/uploads\/2012\/01\/Baptismo-300x76.jpg 300w\" sizes=\"auto, (max-width: 495px) 100vw, 495px\" \/><\/a><\/p>\n<h4 style=\"text-align: justify;\"><strong><span style=\"color: #800000;\"><a href=\"http:\/\/paroquiadoscanhas.pt\/wp-content\/uploads\/2011\/12\/Baptismo-img.jpg\"><img loading=\"lazy\" decoding=\"async\" class=\"alignright size-thumbnail wp-image-224\" title=\"Baptismo img\" alt=\"\" src=\"http:\/\/paroquiadoscanhas.pt\/wp-content\/uploads\/2011\/12\/Baptismo-img-150x150.jpg\" width=\"150\" height=\"150\" \/><\/a>Recomenda\u00e7\u00f5es<\/span><\/strong><\/h4>\n<p style=\"text-align: justify;\"><strong>1.<\/strong> Recomendamos que o Baptismo se celebre ao Domingo (na Eucaristia Dominical ou equivalente) e com a presen\u00e7a da comunidade crist\u00e3 para que esta acolha festivamente o\/a novo\/a crist\u00e3o\/\u00e3, ou na Vig\u00edlia Pascal, Domingo de P\u00e1scoa e na Igreja Paroquial pr\u00f3pria.<\/p>\n<p style=\"text-align: justify;\"><strong>2.<\/strong> Em outra data (para al\u00e9m do Domingo, Dias Santos de Guarda, Dia de Natal, Vig\u00edlia Pascal ou Domingo de P\u00e1scoa), a n\u00e3o ser que os pais se casem catolicamente e pretendam baptizar o\/os filhos no mesmo dia, dever\u00e3o os pais responsabilizar-se por arranjar sacerdote que administre o Sacramento do Baptismo.<\/p>\n<p style=\"text-align: justify;\"><strong>3.<\/strong> Se pretende Baptizar o\/a seu\/sua filho\/a deve informar-se junto do P\u00e1roco das exig\u00eancias do mesmo, marcar a data e organizar o processo com 3 meses de anteced\u00eancia.<\/p>\n<h4 style=\"text-align: justify;\"><strong><span style=\"color: #800000;\">Reuni\u00f5es de Prepara\u00e7\u00e3o para o Baptismo (RPB)<\/span><\/strong><\/h4>\n<p style=\"text-align: justify;\">As reuni\u00f5es de prepara\u00e7\u00e3o do pais e padrinhos\/madrinhas para o Baptismo, t\u00eam <strong>calend\u00e1rio. <\/strong>Informe-se.<\/p>\n<p style=\"text-align: justify;\"><strong>Local<\/strong>: Igreja Centro Pastoral dos Canhas<\/p>\n<h4 style=\"text-align: justify;\"><strong><span style=\"color: #800000;\">Mais informa\u00e7\u00f5es sobre o Baptismo<\/span><\/strong><\/h4>\n<p><a href=\"http:\/\/www.vatican.va\/archive\/ESL0020\/__P2S.HTM\" target=\"_blank\">C\u00f3digo do Direito Can\u00f3nico \u2013 c\u00e2nones 849-878 (espanhol)<\/a><br \/>\n<a href=\"http:\/\/www.vatican.va\/archive\/ENG1104\/__P2U.HTM\" target=\"_blank\">C\u00f3digo do Direito Can\u00f3nico \u2013 c\u00e2nones 849-878 (ingl\u00eas)<\/a><\/p>\n","protected":false},"excerpt":{"rendered":"<p>Recomenda\u00e7\u00f5es 1. Recomendamos que o Baptismo se celebre ao Domingo (na Eucaristia Dominical ou equivalente) e com a presen\u00e7a da comunidade crist\u00e3 para que esta acolha festivamente o\/a novo\/a crist\u00e3o\/\u00e3, ou na Vig\u00edlia Pascal, Domingo de P\u00e1scoa e na Igreja &hellip; <a href=\"http:\/\/www.paroquiadoscanhas.pt\/?page_id=30\">Continue reading <span class=\"meta-nav\">&rarr;<\/span><\/a><\/p>\n","protected":false},"author":1,"featured_media":0,"parent":0,"menu_order":0,"comment_status":"closed","ping_status":"closed","template":"","meta":{"footnotes":""},"class_list":["post-30","page","type-page","status-publish","hentry"],"_links":{"self":[{"href":"http:\/\/www.paroquiadoscanhas.pt\/index.php?rest_route=\/wp\/v2\/pages\/30","targetHints":{"allow":["GET"]}}],"collection":[{"href":"http:\/\/www.paroquiadoscanhas.pt\/index.php?rest_route=\/wp\/v2\/pages"}],"about":[{"href":"http:\/\/www.paroquiadoscanhas.pt\/index.php?rest_route=\/wp\/v2\/types\/page"}],"author":[{"embeddable":true,"href":"http:\/\/www.paroquiadoscanhas.pt\/index.php?rest_route=\/wp\/v2\/users\/1"}],"replies":[{"embeddable":true,"href":"http:\/\/www.paroquiadoscanhas.pt\/index.php?rest_route=%2Fwp%2Fv2%2Fcomments&post=30"}],"version-history":[{"count":18,"href":"http:\/\/www.paroquiadoscanhas.pt\/index.php?rest_route=\/wp\/v2\/pages\/30\/revisions"}],"predecessor-version":[{"id":119,"href":"http:\/\/www.paroquiadoscanhas.pt\/index.php?rest_route=\/wp\/v2\/pages\/30\/revisions\/119"}],"wp:attachment":[{"href":"http:\/\/www.paroquiadoscanhas.pt\/index.php?rest_route=%2Fwp%2Fv2%2Fmedia&parent=30"}],"curies":[{"name":"wp","href":"https:\/\/api.w.org\/{rel}","templated":true}]}}