{"id":295,"date":"2012-01-20T20:46:30","date_gmt":"2012-01-20T20:46:30","guid":{"rendered":"http:\/\/176.9.29.233\/~paroqui3\/?page_id=295"},"modified":"2012-01-20T21:25:20","modified_gmt":"2012-01-20T21:25:20","slug":"pastoral-liturgica","status":"publish","type":"page","link":"http:\/\/www.paroquiadoscanhas.pt\/?page_id=295","title":{"rendered":"Pastoral Lit\u00fargica"},"content":{"rendered":"<p>Equipas de Liturgia<\/p>\n<p>Grupos de Ac\u00f3litos<\/p>\n<p>Leitores<\/p>\n<p>Cantores<\/p>\n<p>Ministros Extraordin\u00e1rios da Comunh\u00e3o<\/p>\n","protected":false},"excerpt":{"rendered":"<p>Equipas de Liturgia Grupos de Ac\u00f3litos Leitores Cantores Ministros Extraordin\u00e1rios da Comunh\u00e3o<\/p>\n","protected":false},"author":1,"featured_media":0,"parent":0,"menu_order":0,"comment_status":"closed","ping_status":"closed","template":"","meta":{"footnotes":""},"class_list":["post-295","page","type-page","status-publish","hentry"],"_links":{"self":[{"href":"http:\/\/www.paroquiadoscanhas.pt\/index.php?rest_route=\/wp\/v2\/pages\/295","targetHints":{"allow":["GET"]}}],"collection":[{"href":"http:\/\/www.paroquiadoscanhas.pt\/index.php?rest_route=\/wp\/v2\/pages"}],"about":[{"href":"http:\/\/www.paroquiadoscanhas.pt\/index.php?rest_route=\/wp\/v2\/types\/page"}],"author":[{"embeddable":true,"href":"http:\/\/www.paroquiadoscanhas.pt\/index.php?rest_route=\/wp\/v2\/users\/1"}],"replies":[{"embeddable":true,"href":"http:\/\/www.paroquiadoscanhas.pt\/index.php?rest_route=%2Fwp%2Fv2%2Fcomments&post=295"}],"version-history":[{"count":4,"href":"http:\/\/www.paroquiadoscanhas.pt\/index.php?rest_route=\/wp\/v2\/pages\/295\/revisions"}],"predecessor-version":[{"id":347,"href":"http:\/\/www.paroquiadoscanhas.pt\/index.php?rest_route=\/wp\/v2\/pages\/295\/revisions\/347"}],"wp:attachment":[{"href":"http:\/\/www.paroquiadoscanhas.pt\/index.php?rest_route=%2Fwp%2Fv2%2Fmedia&parent=295"}],"curies":[{"name":"wp","href":"https:\/\/api.w.org\/{rel}","templated":true}]}}