{"id":292,"date":"2012-01-20T20:42:40","date_gmt":"2012-01-20T20:42:40","guid":{"rendered":"http:\/\/176.9.29.233\/~paroqui3\/?page_id=292"},"modified":"2012-01-20T21:24:47","modified_gmt":"2012-01-20T21:24:47","slug":"pastoral-espiritualidade","status":"publish","type":"page","link":"http:\/\/www.paroquiadoscanhas.pt\/?page_id=292","title":{"rendered":"Pastoral Espiritualidade"},"content":{"rendered":"<p>Zeladoras da Imagem Peregrina<\/p>\n<p>Adora\u00e7\u00e3o Eucar\u00edstica &#8220;Bet\u00e2nia&#8221;<\/p>\n<p>Grupo da Legi\u00e3o de Maria<\/p>\n<p>&nbsp;<\/p>\n","protected":false},"excerpt":{"rendered":"<p>Zeladoras da Imagem Peregrina Adora\u00e7\u00e3o Eucar\u00edstica &#8220;Bet\u00e2nia&#8221; Grupo da Legi\u00e3o de Maria &nbsp;<\/p>\n","protected":false},"author":1,"featured_media":0,"parent":0,"menu_order":0,"comment_status":"closed","ping_status":"closed","template":"","meta":{"footnotes":""},"class_list":["post-292","page","type-page","status-publish","hentry"],"_links":{"self":[{"href":"http:\/\/www.paroquiadoscanhas.pt\/index.php?rest_route=\/wp\/v2\/pages\/292","targetHints":{"allow":["GET"]}}],"collection":[{"href":"http:\/\/www.paroquiadoscanhas.pt\/index.php?rest_route=\/wp\/v2\/pages"}],"about":[{"href":"http:\/\/www.paroquiadoscanhas.pt\/index.php?rest_route=\/wp\/v2\/types\/page"}],"author":[{"embeddable":true,"href":"http:\/\/www.paroquiadoscanhas.pt\/index.php?rest_route=\/wp\/v2\/users\/1"}],"replies":[{"embeddable":true,"href":"http:\/\/www.paroquiadoscanhas.pt\/index.php?rest_route=%2Fwp%2Fv2%2Fcomments&post=292"}],"version-history":[{"count":7,"href":"http:\/\/www.paroquiadoscanhas.pt\/index.php?rest_route=\/wp\/v2\/pages\/292\/revisions"}],"predecessor-version":[{"id":344,"href":"http:\/\/www.paroquiadoscanhas.pt\/index.php?rest_route=\/wp\/v2\/pages\/292\/revisions\/344"}],"wp:attachment":[{"href":"http:\/\/www.paroquiadoscanhas.pt\/index.php?rest_route=%2Fwp%2Fv2%2Fmedia&parent=292"}],"curies":[{"name":"wp","href":"https:\/\/api.w.org\/{rel}","templated":true}]}}