{"id":290,"date":"2012-01-20T20:42:06","date_gmt":"2012-01-20T20:42:06","guid":{"rendered":"http:\/\/176.9.29.233\/~paroqui3\/?page_id=290"},"modified":"2012-01-20T21:25:27","modified_gmt":"2012-01-20T21:25:27","slug":"pastoral-missionaria-e-vocacional","status":"publish","type":"page","link":"http:\/\/www.paroquiadoscanhas.pt\/?page_id=290","title":{"rendered":"Pastoral Mission\u00e1ria e Vocacional"},"content":{"rendered":"<p><span style=\"color: #444444;\">Grupo de Ora\u00e7\u00e3o e Voca\u00e7\u00f5es<\/span><\/p>\n<p>Consagradas LIAM- Anima\u00e7\u00e3o Mission\u00e1ria<\/p>\n<p>Zeladoras<\/p>\n<p>Franciscanas<\/p>\n<p>Pr\u00e9- Semin\u00e1rio<\/p>\n","protected":false},"excerpt":{"rendered":"<p>Grupo de Ora\u00e7\u00e3o e Voca\u00e7\u00f5es Consagradas LIAM- Anima\u00e7\u00e3o Mission\u00e1ria Zeladoras Franciscanas Pr\u00e9- Semin\u00e1rio<\/p>\n","protected":false},"author":1,"featured_media":0,"parent":0,"menu_order":0,"comment_status":"closed","ping_status":"closed","template":"","meta":{"footnotes":""},"class_list":["post-290","page","type-page","status-publish","hentry"],"_links":{"self":[{"href":"http:\/\/www.paroquiadoscanhas.pt\/index.php?rest_route=\/wp\/v2\/pages\/290","targetHints":{"allow":["GET"]}}],"collection":[{"href":"http:\/\/www.paroquiadoscanhas.pt\/index.php?rest_route=\/wp\/v2\/pages"}],"about":[{"href":"http:\/\/www.paroquiadoscanhas.pt\/index.php?rest_route=\/wp\/v2\/types\/page"}],"author":[{"embeddable":true,"href":"http:\/\/www.paroquiadoscanhas.pt\/index.php?rest_route=\/wp\/v2\/users\/1"}],"replies":[{"embeddable":true,"href":"http:\/\/www.paroquiadoscanhas.pt\/index.php?rest_route=%2Fwp%2Fv2%2Fcomments&post=290"}],"version-history":[{"count":4,"href":"http:\/\/www.paroquiadoscanhas.pt\/index.php?rest_route=\/wp\/v2\/pages\/290\/revisions"}],"predecessor-version":[{"id":348,"href":"http:\/\/www.paroquiadoscanhas.pt\/index.php?rest_route=\/wp\/v2\/pages\/290\/revisions\/348"}],"wp:attachment":[{"href":"http:\/\/www.paroquiadoscanhas.pt\/index.php?rest_route=%2Fwp%2Fv2%2Fmedia&parent=290"}],"curies":[{"name":"wp","href":"https:\/\/api.w.org\/{rel}","templated":true}]}}