{"id":288,"date":"2012-01-20T20:41:10","date_gmt":"2012-01-20T20:41:10","guid":{"rendered":"http:\/\/176.9.29.233\/~paroqui3\/?page_id=288"},"modified":"2012-01-20T21:25:05","modified_gmt":"2012-01-20T21:25:05","slug":"pastoral-juvenil","status":"publish","type":"page","link":"http:\/\/www.paroquiadoscanhas.pt\/?page_id=288","title":{"rendered":"Pastoral Juvenil"},"content":{"rendered":"<p>Agrupamento de escuteiros<\/p>\n<p>Jovens\u00a0sem Fronteiras<\/p>\n<p>Grupo Girassol<\/p>\n<p>Grupo de Teotokos ( M\u00e3e de Deus)<\/p>\n<p>Grupo Dialete ( Alian\u00e7a)<\/p>\n<p>Grupo de Voluntariado Juvenil<\/p>\n<p>Caminhantes da Vida<\/p>\n<p>Grupo Pr\u00e9-Jovens<\/p>\n<p>&nbsp;<\/p>\n","protected":false},"excerpt":{"rendered":"<p>Agrupamento de escuteiros Jovens\u00a0sem Fronteiras Grupo Girassol Grupo de Teotokos ( M\u00e3e de Deus) Grupo Dialete ( Alian\u00e7a) Grupo de Voluntariado Juvenil Caminhantes da Vida Grupo Pr\u00e9-Jovens &nbsp;<\/p>\n","protected":false},"author":1,"featured_media":0,"parent":0,"menu_order":0,"comment_status":"closed","ping_status":"closed","template":"","meta":{"footnotes":""},"class_list":["post-288","page","type-page","status-publish","hentry"],"_links":{"self":[{"href":"http:\/\/www.paroquiadoscanhas.pt\/index.php?rest_route=\/wp\/v2\/pages\/288","targetHints":{"allow":["GET"]}}],"collection":[{"href":"http:\/\/www.paroquiadoscanhas.pt\/index.php?rest_route=\/wp\/v2\/pages"}],"about":[{"href":"http:\/\/www.paroquiadoscanhas.pt\/index.php?rest_route=\/wp\/v2\/types\/page"}],"author":[{"embeddable":true,"href":"http:\/\/www.paroquiadoscanhas.pt\/index.php?rest_route=\/wp\/v2\/users\/1"}],"replies":[{"embeddable":true,"href":"http:\/\/www.paroquiadoscanhas.pt\/index.php?rest_route=%2Fwp%2Fv2%2Fcomments&post=288"}],"version-history":[{"count":4,"href":"http:\/\/www.paroquiadoscanhas.pt\/index.php?rest_route=\/wp\/v2\/pages\/288\/revisions"}],"predecessor-version":[{"id":346,"href":"http:\/\/www.paroquiadoscanhas.pt\/index.php?rest_route=\/wp\/v2\/pages\/288\/revisions\/346"}],"wp:attachment":[{"href":"http:\/\/www.paroquiadoscanhas.pt\/index.php?rest_route=%2Fwp%2Fv2%2Fmedia&parent=288"}],"curies":[{"name":"wp","href":"https:\/\/api.w.org\/{rel}","templated":true}]}}