{"id":285,"date":"2012-01-20T20:40:19","date_gmt":"2012-01-20T20:40:19","guid":{"rendered":"http:\/\/176.9.29.233\/~paroqui3\/?page_id=285"},"modified":"2012-01-20T21:23:50","modified_gmt":"2012-01-20T21:23:50","slug":"pastoral-catequetica","status":"publish","type":"page","link":"http:\/\/www.paroquiadoscanhas.pt\/?page_id=285","title":{"rendered":"Pastoral Catequ\u00e9tica"},"content":{"rendered":"<p>Catequese de Adultos<\/p>\n<p>Grupos B\u00edblicos<\/p>\n<p>Catequese da Adolesc\u00eancia<\/p>\n<p>Catequese da Inf\u00e2ncia<\/p>\n","protected":false},"excerpt":{"rendered":"<p>Catequese de Adultos Grupos B\u00edblicos Catequese da Adolesc\u00eancia Catequese da Inf\u00e2ncia<\/p>\n","protected":false},"author":1,"featured_media":0,"parent":0,"menu_order":0,"comment_status":"closed","ping_status":"closed","template":"","meta":{"footnotes":""},"class_list":["post-285","page","type-page","status-publish","hentry"],"_links":{"self":[{"href":"http:\/\/www.paroquiadoscanhas.pt\/index.php?rest_route=\/wp\/v2\/pages\/285","targetHints":{"allow":["GET"]}}],"collection":[{"href":"http:\/\/www.paroquiadoscanhas.pt\/index.php?rest_route=\/wp\/v2\/pages"}],"about":[{"href":"http:\/\/www.paroquiadoscanhas.pt\/index.php?rest_route=\/wp\/v2\/types\/page"}],"author":[{"embeddable":true,"href":"http:\/\/www.paroquiadoscanhas.pt\/index.php?rest_route=\/wp\/v2\/users\/1"}],"replies":[{"embeddable":true,"href":"http:\/\/www.paroquiadoscanhas.pt\/index.php?rest_route=%2Fwp%2Fv2%2Fcomments&post=285"}],"version-history":[{"count":5,"href":"http:\/\/www.paroquiadoscanhas.pt\/index.php?rest_route=\/wp\/v2\/pages\/285\/revisions"}],"predecessor-version":[{"id":339,"href":"http:\/\/www.paroquiadoscanhas.pt\/index.php?rest_route=\/wp\/v2\/pages\/285\/revisions\/339"}],"wp:attachment":[{"href":"http:\/\/www.paroquiadoscanhas.pt\/index.php?rest_route=%2Fwp%2Fv2%2Fmedia&parent=285"}],"curies":[{"name":"wp","href":"https:\/\/api.w.org\/{rel}","templated":true}]}}