{"id":27,"date":"2011-12-31T21:08:11","date_gmt":"2011-12-31T21:08:11","guid":{"rendered":"http:\/\/176.9.29.233\/~paroqui3\/?page_id=27"},"modified":"2012-08-15T20:05:58","modified_gmt":"2012-08-15T20:05:58","slug":"catequese","status":"publish","type":"page","link":"http:\/\/www.paroquiadoscanhas.pt\/?page_id=27","title":{"rendered":"Catequese"},"content":{"rendered":"<p><a href=\"http:\/\/paroquiadoscanhas.pt\/wp-content\/uploads\/2012\/01\/Catequese.jpg\"><img loading=\"lazy\" decoding=\"async\" class=\"aligncenter size-full wp-image-99\" title=\"Catequese\" src=\"http:\/\/paroquiadoscanhas.pt\/wp-content\/uploads\/2012\/01\/Catequese.jpg\" alt=\"\" width=\"431\" height=\"125\" srcset=\"http:\/\/www.paroquiadoscanhas.pt\/wp-content\/uploads\/2012\/01\/Catequese.jpg 431w, http:\/\/www.paroquiadoscanhas.pt\/wp-content\/uploads\/2012\/01\/Catequese-300x87.jpg 300w\" sizes=\"auto, (max-width: 431px) 100vw, 431px\" \/><\/a><a href=\"http:\/\/paroquiadoscanhas.pt\/wp-content\/uploads\/2011\/12\/Catequese.jpg\"><br \/>\n<\/a><\/p>\n<p style=\"text-align: justify;\"><a href=\"http:\/\/paroquiadoscanhas.pt\/wp-content\/uploads\/2011\/12\/catequese-img.jpg\"><img loading=\"lazy\" decoding=\"async\" class=\"alignright size-full wp-image-238\" title=\"catequese img\" src=\"http:\/\/paroquiadoscanhas.pt\/wp-content\/uploads\/2011\/12\/catequese-img.jpg\" alt=\"\" width=\"220\" height=\"205\" \/><\/a>Para que as actividades da catequese decorram bem, \u00e9 importante ter em aten\u00e7\u00e3o:<\/p>\n<p style=\"padding-left: 30px; text-align: justify;\"><span style=\"color: #000000;\"><strong>1.<\/strong><\/span> Todos os catequizandos devem ter o seu pr\u00f3prio <strong>CATECISMO<\/strong>, para nele poderem realizar as actividades propostas e aprender as f\u00f3rmulas doutrinais e ora\u00e7\u00f5es que nele se encontrem.<br \/>\n<span style=\"color: #000000;\"><strong>2.<\/strong><\/span> \u00c9 obrigat\u00f3rio para todos os anos de catequese:<\/p>\n<p style=\"padding-left: 60px; text-align: justify;\"><span style=\"font-size: 14px; line-height: 23px;\"><span style=\"color: #000000;\"><strong>*<\/strong>\u00a0<\/span>ter pelo menos\u00a0<strong>80% de presen\u00e7as na MISSA DOMINICAL e na CATEQUESE<\/strong>;<br \/>\n<span style=\"color: #000000;\"><strong>*<\/strong><\/span> participar nas\u00a0<strong>celebra\u00e7\u00f5es penitenciais<\/strong>\u00a0do in\u00edcio do ano pastoral (Outubro), do Advento, da Quaresma e da Festa da Catequese (conforme indica\u00e7\u00e3o no calend\u00e1rio e no caso de j\u00e1 terem feito a Primeira Comunh\u00e3o);<br \/>\n<span style=\"color: #000000;\"><strong>*<\/strong><\/span> participar na\u00a0<strong>anima\u00e7\u00e3o da Eucaristia<\/strong>\u00a0no domingo que corresponde a cada ano de Catequese (ver agenda);<br \/>\n<span style=\"color: #000000;\"><strong>*<\/strong><\/span> participar no ensaio de<strong>\u00a0prepara\u00e7\u00e3o<\/strong>\u00a0da respectiva\u00a0<strong>Festa da Catequese<\/strong>\u00a0(ver Agenda);<br \/>\n<span style=\"color: #000000;\"><strong>*<\/strong><\/span> participar em outras actividades propostas, conforme indica\u00e7\u00e3o no calend\u00e1rio, ou outras n\u00e3o calendarizadas e que, se for o caso, ser\u00e3o propostas oportunamente.<\/span><\/p>\n<p style=\"padding-left: 30px; text-align: justify;\"><span style=\"color: #000000;\"><strong>3.<\/strong><\/span> Todos os catequizandos devem possuir a <strong>Caderneta de Presen\u00e7as<\/strong> do corrente ano pastoral e a <strong>Ficha de Inscri\u00e7\u00e3o<\/strong> devidamente actualizada.<\/p>\n","protected":false},"excerpt":{"rendered":"<p>Para que as actividades da catequese decorram bem, \u00e9 importante ter em aten\u00e7\u00e3o: 1. Todos os catequizandos devem ter o seu pr\u00f3prio CATECISMO, para nele poderem realizar as actividades propostas e aprender as f\u00f3rmulas doutrinais e ora\u00e7\u00f5es que nele se &hellip; <a href=\"http:\/\/www.paroquiadoscanhas.pt\/?page_id=27\">Continue reading <span class=\"meta-nav\">&rarr;<\/span><\/a><\/p>\n","protected":false},"author":1,"featured_media":0,"parent":0,"menu_order":0,"comment_status":"closed","ping_status":"closed","template":"","meta":{"footnotes":""},"class_list":["post-27","page","type-page","status-publish","hentry"],"_links":{"self":[{"href":"http:\/\/www.paroquiadoscanhas.pt\/index.php?rest_route=\/wp\/v2\/pages\/27","targetHints":{"allow":["GET"]}}],"collection":[{"href":"http:\/\/www.paroquiadoscanhas.pt\/index.php?rest_route=\/wp\/v2\/pages"}],"about":[{"href":"http:\/\/www.paroquiadoscanhas.pt\/index.php?rest_route=\/wp\/v2\/types\/page"}],"author":[{"embeddable":true,"href":"http:\/\/www.paroquiadoscanhas.pt\/index.php?rest_route=\/wp\/v2\/users\/1"}],"replies":[{"embeddable":true,"href":"http:\/\/www.paroquiadoscanhas.pt\/index.php?rest_route=%2Fwp%2Fv2%2Fcomments&post=27"}],"version-history":[{"count":16,"href":"http:\/\/www.paroquiadoscanhas.pt\/index.php?rest_route=\/wp\/v2\/pages\/27\/revisions"}],"predecessor-version":[{"id":91,"href":"http:\/\/www.paroquiadoscanhas.pt\/index.php?rest_route=\/wp\/v2\/pages\/27\/revisions\/91"}],"wp:attachment":[{"href":"http:\/\/www.paroquiadoscanhas.pt\/index.php?rest_route=%2Fwp%2Fv2%2Fmedia&parent=27"}],"curies":[{"name":"wp","href":"https:\/\/api.w.org\/{rel}","templated":true}]}}