{"id":2605,"date":"2012-09-27T21:01:11","date_gmt":"2012-09-27T21:01:11","guid":{"rendered":"http:\/\/www.paroquiadoscanhas.pt\/?page_id=2605"},"modified":"2012-09-27T21:10:22","modified_gmt":"2012-09-27T21:10:22","slug":"crismas-para-os-alunos-de-catequese-que-terminaram-o-10o-ano-lectivo-de-catequese","status":"publish","type":"page","link":"http:\/\/www.paroquiadoscanhas.pt\/?page_id=2605","title":{"rendered":"Crismas"},"content":{"rendered":"<p style=\"text-align: left;\" align=\"center\"><strong>Crismas para os alunos de Catequese que terminaram o 10\u00ba ano lectivo de Catequese:<\/strong><\/p>\n<p style=\"text-align: justify;\"><strong>Par\u00f3quia dos Canhas e Par\u00f3quia do Carvalhal ser\u00e1 no dia 17 de Novembro<\/strong> (s\u00e1bado) na Par\u00f3quia do Carvalhal. Prepara\u00e7\u00e3o: Par\u00f3quia dos Canhas dias 8 e 15 de Novembro \u00e0s 19h30 (quinta-feira); Par\u00f3quia do Carvalhal dias 7 e 14 de Novembro \u00e0s 19h30 (quarta-feira).<\/p>\n<p style=\"text-align: justify;\"><strong>Par\u00f3quia do Cristo Rei ser\u00e1 no dia 10 de Novembro<\/strong> (s\u00e1bado). Prepara\u00e7\u00e3o ser\u00e1 nos dias 30 de Outubro e\u00a0 6 de\u00a0 Novembro \u00e0s 19h30 (ter\u00e7a \u2013 feira).<\/p>\n","protected":false},"excerpt":{"rendered":"<p>Crismas para os alunos de Catequese que terminaram o 10\u00ba ano lectivo de Catequese: Par\u00f3quia dos Canhas e Par\u00f3quia do Carvalhal ser\u00e1 no dia 17 de Novembro (s\u00e1bado) na Par\u00f3quia do Carvalhal. Prepara\u00e7\u00e3o: Par\u00f3quia dos Canhas dias 8 e 15 &hellip; <a href=\"http:\/\/www.paroquiadoscanhas.pt\/?page_id=2605\">Continue reading <span class=\"meta-nav\">&rarr;<\/span><\/a><\/p>\n","protected":false},"author":1,"featured_media":0,"parent":0,"menu_order":0,"comment_status":"closed","ping_status":"open","template":"","meta":{"footnotes":""},"class_list":["post-2605","page","type-page","status-publish","hentry"],"_links":{"self":[{"href":"http:\/\/www.paroquiadoscanhas.pt\/index.php?rest_route=\/wp\/v2\/pages\/2605","targetHints":{"allow":["GET"]}}],"collection":[{"href":"http:\/\/www.paroquiadoscanhas.pt\/index.php?rest_route=\/wp\/v2\/pages"}],"about":[{"href":"http:\/\/www.paroquiadoscanhas.pt\/index.php?rest_route=\/wp\/v2\/types\/page"}],"author":[{"embeddable":true,"href":"http:\/\/www.paroquiadoscanhas.pt\/index.php?rest_route=\/wp\/v2\/users\/1"}],"replies":[{"embeddable":true,"href":"http:\/\/www.paroquiadoscanhas.pt\/index.php?rest_route=%2Fwp%2Fv2%2Fcomments&post=2605"}],"version-history":[{"count":7,"href":"http:\/\/www.paroquiadoscanhas.pt\/index.php?rest_route=\/wp\/v2\/pages\/2605\/revisions"}],"predecessor-version":[{"id":2613,"href":"http:\/\/www.paroquiadoscanhas.pt\/index.php?rest_route=\/wp\/v2\/pages\/2605\/revisions\/2613"}],"wp:attachment":[{"href":"http:\/\/www.paroquiadoscanhas.pt\/index.php?rest_route=%2Fwp%2Fv2%2Fmedia&parent=2605"}],"curies":[{"name":"wp","href":"https:\/\/api.w.org\/{rel}","templated":true}]}}