{"id":2562,"date":"2012-09-13T19:34:42","date_gmt":"2012-09-13T19:34:42","guid":{"rendered":"http:\/\/www.paroquiadoscanhas.pt\/?page_id=2562"},"modified":"2012-09-13T22:00:14","modified_gmt":"2012-09-13T22:00:14","slug":"passeio-paroquial-2012","status":"publish","type":"page","link":"http:\/\/www.paroquiadoscanhas.pt\/?page_id=2562","title":{"rendered":"Passeio Paroquial 2012"},"content":{"rendered":"<p><strong><span style=\"color: #000000;\">No dia 16 de Setembro de 2012 (domingo) haver\u00e1 o passeio paroquial para os paroquianos das Par\u00f3quias dos Canhas, Carvalhal e Cristo Rei.<\/span><\/strong><\/p>\n<p><strong><span style=\"color: #000000;\">Itiner\u00e1rio: <\/span><\/strong><br \/>\n<strong><span style=\"color: #000000;\">Chegada dos autocarros \u00e0s <\/span><\/strong><strong><span style=\"color: #000000;\">8h00<\/span><\/strong><br \/>\n<strong><span style=\"color: #000000;\">Sa\u00edda dos locais \u00e0s 8h30, passando pelo Pa\u00fal da Serra<\/span><\/strong><br \/>\n<strong><span style=\"color: #000000;\">Chegada\u00a0\u00e0 Santa do Porto Moniz 10h00, <\/span><\/strong><br \/>\n<strong><span style=\"color: #000000;\">Missa 10h15 <\/span><\/strong><br \/>\n<strong><span style=\"color: #000000;\">Chegada\u00a0\u00e0 Vila do Porto Moniz <\/span><\/strong><br \/>\n<strong><span style=\"color: #000000;\">12h00 &#8211; \u00a0ALMO\u00c7O<\/span><\/strong><br \/>\n<strong><span style=\"color: #000000;\">Sa\u00edda da Vila do Porto Moniz \u00e0s 14h30<\/span><\/strong><br \/>\n<strong><span style=\"color: #000000;\">Passagem pelo Bom Jesus da Ponta Delgada \u00e0s 15h00<br \/>\n<strong>Sa\u00edda da Ponta Delgada \u00e0s 15h45, chegada a Santana \u00e0s 16h30<\/strong><br \/>\n<strong>Sa\u00edda de Santana \u00e0s 17h00, chegada ao Poiso \u00e0s 18h00 <\/strong><br \/>\n<strong>Sa\u00edda do Poiso \u00e0s 18h30 e chegada aos Canhas pelas 20h00.<\/strong><\/p>\n","protected":false},"excerpt":{"rendered":"<p>No dia 16 de Setembro de 2012 (domingo) haver\u00e1 o passeio paroquial para os paroquianos das Par\u00f3quias dos Canhas, Carvalhal e Cristo Rei. Itiner\u00e1rio: Chegada dos autocarros \u00e0s 8h00 Sa\u00edda dos locais \u00e0s 8h30, passando pelo Pa\u00fal da Serra Chegada\u00a0\u00e0 &hellip; <a href=\"http:\/\/www.paroquiadoscanhas.pt\/?page_id=2562\">Continue reading <span class=\"meta-nav\">&rarr;<\/span><\/a><\/p>\n","protected":false},"author":1,"featured_media":0,"parent":0,"menu_order":0,"comment_status":"closed","ping_status":"open","template":"","meta":{"footnotes":""},"class_list":["post-2562","page","type-page","status-publish","hentry"],"_links":{"self":[{"href":"http:\/\/www.paroquiadoscanhas.pt\/index.php?rest_route=\/wp\/v2\/pages\/2562","targetHints":{"allow":["GET"]}}],"collection":[{"href":"http:\/\/www.paroquiadoscanhas.pt\/index.php?rest_route=\/wp\/v2\/pages"}],"about":[{"href":"http:\/\/www.paroquiadoscanhas.pt\/index.php?rest_route=\/wp\/v2\/types\/page"}],"author":[{"embeddable":true,"href":"http:\/\/www.paroquiadoscanhas.pt\/index.php?rest_route=\/wp\/v2\/users\/1"}],"replies":[{"embeddable":true,"href":"http:\/\/www.paroquiadoscanhas.pt\/index.php?rest_route=%2Fwp%2Fv2%2Fcomments&post=2562"}],"version-history":[{"count":7,"href":"http:\/\/www.paroquiadoscanhas.pt\/index.php?rest_route=\/wp\/v2\/pages\/2562\/revisions"}],"predecessor-version":[{"id":2564,"href":"http:\/\/www.paroquiadoscanhas.pt\/index.php?rest_route=\/wp\/v2\/pages\/2562\/revisions\/2564"}],"wp:attachment":[{"href":"http:\/\/www.paroquiadoscanhas.pt\/index.php?rest_route=%2Fwp%2Fv2%2Fmedia&parent=2562"}],"curies":[{"name":"wp","href":"https:\/\/api.w.org\/{rel}","templated":true}]}}