{"id":1498,"date":"2012-06-07T12:50:57","date_gmt":"2012-06-07T12:50:57","guid":{"rendered":"http:\/\/176.9.29.233\/~paroqui3\/?page_id=1498"},"modified":"2012-06-07T18:31:04","modified_gmt":"2012-06-07T18:31:04","slug":"oracao-a-santa-teresinha","status":"publish","type":"page","link":"http:\/\/www.paroquiadoscanhas.pt\/?page_id=1498","title":{"rendered":"Ora\u00e7\u00e3o a Santa Teresinha"},"content":{"rendered":"<p><strong>Ora\u00e7\u00e3o a Santa Teresinha<\/strong><\/p>\n<p style=\"text-align: justify;\"><span style=\"color: #000000;\">Oh! Santa Teresinha do Menino Jesus, modelo de humildade, de confian\u00e7a e de amor!<\/span><\/p>\n<p style=\"text-align: justify;\"><span style=\"color: #000000;\">Do alto dos c\u00e9us despeja sobre n\u00f3s estas rosas que levas\u00a0nos teus bra\u00e7os:<a href=\"http:\/\/paroquiadoscanhas.pt\/wp-content\/uploads\/2012\/06\/Santa-Teresinha.gif\"><img loading=\"lazy\" decoding=\"async\" class=\"alignright size-medium wp-image-1505\" title=\"Santa Teresinha\" src=\"http:\/\/paroquiadoscanhas.pt\/wp-content\/uploads\/2012\/06\/Santa-Teresinha-237x300.gif\" alt=\"\" width=\"237\" height=\"300\" srcset=\"http:\/\/www.paroquiadoscanhas.pt\/wp-content\/uploads\/2012\/06\/Santa-Teresinha-237x300.gif 237w, http:\/\/www.paroquiadoscanhas.pt\/wp-content\/uploads\/2012\/06\/Santa-Teresinha.gif 350w\" sizes=\"auto, (max-width: 237px) 100vw, 237px\" \/><\/a><\/span><\/p>\n<p style=\"text-align: justify;\"><strong><em>a <span style=\"color: #000000;\">rosa da humildade<\/span><\/em><\/strong><span style=\"color: #000000;\">, para que ven\u00e7amos nosso orgulho e aceitemos o jugo do Evangelho<\/span><\/p>\n<p style=\"text-align: justify;\"><strong><em>a <span style=\"color: #000000;\">rosa da confian\u00e7a<\/span><\/em><\/strong><span style=\"color: #000000;\">, para que nos abandonemos \u00e0 vontade de Deus e descansemos em Sua Miseric\u00f3rdia;\u00a0<\/span><\/p>\n<p style=\"text-align: justify;\"><strong><em>a <span style=\"color: #000000;\">rosa do amor<\/span><\/em><\/strong><span style=\"color: #000000;\">, para que abrindo nossas almas sem medida \u00e0 gra\u00e7a realizemos o \u00fanico fim para o qual Deus nos criou \u00e0 Sua Imagem : Amar- Lhe e fazer- Lhe amar, Tu que passas o teu C\u00e9u fazendo o bem na Terra, ajuda-me nesta necessidade e concede-me do Senhor o que te pe\u00e7o, se for para gl\u00f3ria de Deus e para o bem de minha alma.<\/span><\/p>\n<p style=\"text-align: justify;\"><span style=\"color: #000000;\">Pai Nosso<\/span><\/p>\n<p style=\"text-align: justify;\"><span style=\"color: #000000;\">Gl\u00f3ria ao Pai<\/span><\/p>\n<p style=\"text-align: justify;\"><span style=\"color: #000000;\">Am\u00e9m.<\/span><\/p>\n<p><strong><span style=\"font-size: small; color: #ffffff; font-family: Comic Sans MS;\"><span style=\"font-size: small; color: #ffffff; font-family: Comic Sans MS;\"><span style=\"font-size: small; color: #ffffff; font-family: Comic Sans MS;\"><span style=\"color: #000000;\">&#8220;Para mim, a ora\u00e7\u00e3o \u00e9 um impulso do cora\u00e7\u00e3o, um simples olhar dirigido para o c\u00e9u, um grito de agradecimento e de amor, tanto do meio do sofrimento como do meio da alegria. Em uma palavra, \u00e9 algo grande<\/span>,<span style=\"color: #000000;\"> algo sobrenatural que me dilata a alma e me une a Jesus.&#8221; (Santa Teresinha) <\/span><\/span><\/span><\/span><\/strong><\/p>\n<h2><span style=\"font-size: small; color: #ffffff; font-family: Comic Sans MS;\"><span style=\"font-size: small; color: #ffffff; font-family: Comic Sans MS;\"><span style=\"font-size: small; color: #ffffff; font-family: Comic Sans MS;\"><span style=\"color: #000000;\">&#8220;Quisera eu encontrar tamb\u00e9m um elevador que me elevasse at\u00e9 Jesus, porque sou demasiado pequena para subir a dura escada da perfei\u00e7\u00e3o&#8221;.\u00a0 &#8220;Vou passar meu C\u00e9u fazendo o bem na Terra&#8221;. (Santa Teresinha)<\/span><\/span><\/span><\/span><\/h2>\n","protected":false},"excerpt":{"rendered":"<p>Ora\u00e7\u00e3o a Santa Teresinha Oh! Santa Teresinha do Menino Jesus, modelo de humildade, de confian\u00e7a e de amor! Do alto dos c\u00e9us despeja sobre n\u00f3s estas rosas que levas\u00a0nos teus bra\u00e7os: a rosa da humildade, para que ven\u00e7amos nosso orgulho &hellip; <a href=\"http:\/\/www.paroquiadoscanhas.pt\/?page_id=1498\">Continue reading <span class=\"meta-nav\">&rarr;<\/span><\/a><\/p>\n","protected":false},"author":1,"featured_media":0,"parent":0,"menu_order":0,"comment_status":"closed","ping_status":"closed","template":"","meta":{"footnotes":""},"class_list":["post-1498","page","type-page","status-publish","hentry"],"_links":{"self":[{"href":"http:\/\/www.paroquiadoscanhas.pt\/index.php?rest_route=\/wp\/v2\/pages\/1498","targetHints":{"allow":["GET"]}}],"collection":[{"href":"http:\/\/www.paroquiadoscanhas.pt\/index.php?rest_route=\/wp\/v2\/pages"}],"about":[{"href":"http:\/\/www.paroquiadoscanhas.pt\/index.php?rest_route=\/wp\/v2\/types\/page"}],"author":[{"embeddable":true,"href":"http:\/\/www.paroquiadoscanhas.pt\/index.php?rest_route=\/wp\/v2\/users\/1"}],"replies":[{"embeddable":true,"href":"http:\/\/www.paroquiadoscanhas.pt\/index.php?rest_route=%2Fwp%2Fv2%2Fcomments&post=1498"}],"version-history":[{"count":12,"href":"http:\/\/www.paroquiadoscanhas.pt\/index.php?rest_route=\/wp\/v2\/pages\/1498\/revisions"}],"predecessor-version":[{"id":1512,"href":"http:\/\/www.paroquiadoscanhas.pt\/index.php?rest_route=\/wp\/v2\/pages\/1498\/revisions\/1512"}],"wp:attachment":[{"href":"http:\/\/www.paroquiadoscanhas.pt\/index.php?rest_route=%2Fwp%2Fv2%2Fmedia&parent=1498"}],"curies":[{"name":"wp","href":"https:\/\/api.w.org\/{rel}","templated":true}]}}