{"id":1441,"date":"2012-06-03T14:00:26","date_gmt":"2012-06-03T14:00:26","guid":{"rendered":"http:\/\/176.9.29.233\/~paroqui3\/?page_id=1441"},"modified":"2013-03-14T21:49:44","modified_gmt":"2013-03-14T21:49:44","slug":"novena-a-santissima-eucaristia","status":"publish","type":"page","link":"http:\/\/www.paroquiadoscanhas.pt\/?page_id=1441","title":{"rendered":"Novena \u00e0 Sant\u00edssima Eucaristia"},"content":{"rendered":"<p><strong>Novena\u00a0\u00e0 Sant\u00edssima Eucaristia <\/strong><\/p>\n<p><strong>Medita\u00e7\u00e3o<\/strong><\/p>\n<p style=\"text-align: justify;\">O Sacrif\u00edcio da Missa n\u00e3o se limita a um mero ritual\u00a0como recorda\u00e7\u00e3o do Calv\u00e1rio. Assim, Jesus continua\u00a0vivo em cada Eucaristia, at\u00e9 ao fim dos tempos.<\/p>\n<p style=\"text-align: justify;\">A Eucaristia \u00e9 o alimento, que nos recorda a \u00daltima Ceia, celebra a nossa fraternidade\u00a0com Cristo e antecipa j\u00e1 o banquete do Reino dos C\u00e9us. Jesus faz -se alimento\u00a0para as \u00a0nossas almas como\u00a0o P\u00e3o da Vida.<\/p>\n<p style=\"text-align: justify;\">Na Sagrada Comunh\u00e3o participamos do\u00a0Jesus que foi entregue\u00a0\u00e0 morte por n\u00f3s, e do Seu Corpo e do Seu Sangue que se derramaram para\u00a0salva\u00e7\u00e3o da humanidade.<a href=\"http:\/\/www.paroquiadoscanhas.pt\/wp-content\/uploads\/2012\/06\/Jesus.jpg\"><img loading=\"lazy\" decoding=\"async\" class=\"alignright size-full wp-image-4053\" alt=\"Jesus\" src=\"http:\/\/www.paroquiadoscanhas.pt\/wp-content\/uploads\/2012\/06\/Jesus.jpg\" width=\"270\" height=\"386\" srcset=\"http:\/\/www.paroquiadoscanhas.pt\/wp-content\/uploads\/2012\/06\/Jesus.jpg 270w, http:\/\/www.paroquiadoscanhas.pt\/wp-content\/uploads\/2012\/06\/Jesus-209x300.jpg 209w\" sizes=\"auto, (max-width: 270px) 100vw, 270px\" \/><\/a><\/p>\n<p style=\"text-align: justify;\">Este sagrado banquete recorda-nos o que sucedeu na \u00daltima Ceia, quando Jesus\u00a0pediu \u00a0aos seus ap\u00f3stolos para fazer o mesmo em mem\u00f3ria d&#8217;Ele.<\/p>\n<p style=\"text-align: justify;\">Comungar \u00e9\u00a0saciar a fome com\u00a0o Corpo do Senhor que nos alimenta com a vida de Deus e nos une a Jesus.<\/p>\n<p style=\"text-align: justify;\">A Sagrada Eucaristia \u00e9 sinal de unidade e amor que nos une\u00a0com Jesus e com os outros. Al\u00e9m disso d\u00e1 a gra\u00e7a de que necessitamos para que esse amor seja forte e sincero. A Sagrada Comunh\u00e3o \u00e9 o banquete de Cristo no Reino dos C\u00e9us, porque \u00e9 o mesmo que se unir\u00e1 a n\u00f3s para sempre no C\u00e9u.<\/p>\n<p style=\"text-align: justify;\">Jesus prometeu que tamb\u00e9m o nosso corpo desfrutar\u00e1 algum dia da sua presen\u00e7a. Ele disse: <strong>&#8220;Quem come a minha carne e bebe o meu sangue ter\u00e1<\/strong> <strong>vida eterna, e Eu o ressucitarei no ultimo dia&#8221;<\/strong> (Jm 6, 54).<\/p>\n<p style=\"text-align: justify;\">O alimento que Deus Pai nos tem preparado\u00a0convida-nos a participar naquela Comunh\u00e3o espiritual com Jesus e seu Pai. Na Eucaristia, Jesus, P\u00e3o da vida\u00a0\u00e9 alimento aos crist\u00e3os para que sejamos um povo mais\u00a0feliz\u00a0e com maior amor a Deus e ao pr\u00f3ximo.<\/p>\n<p style=\"text-align: justify;\">A Santa Comunh\u00e3o \u00e9 Cristo vivo, sob as esp\u00e9cies de p\u00e3o e vinho, que se unem ao crist\u00e3o para alimentar a sua alma.<\/p>\n<p style=\"text-align: justify;\">Disse Jesus: <strong>&#8220;Eu sou o p\u00e3o vivo, descido do c\u00e9u. Se algu\u00e9m come deste p\u00e3o, viver\u00e1 para sempre; e o p\u00e3o<\/strong> <strong>que Eu lhes vou dar \u00e9 minha carne pela vida do mundo&#8221;.(<\/strong>Jm 6,51)<\/p>\n<p style=\"text-align: justify;\">A Comunh\u00e3o\u00a0 ajuda a amar mais a Deus pela gra\u00e7a divina que aumenta em nossas almas. A mesma gra\u00e7a ajuda-nos a amar\u00a0os outros\u00a0por amor a Deus. Jesus fortalece-nos com a gra\u00e7a sacramental, para que superemos a tenta\u00e7\u00e3o e n\u00e3o pequemos contra Deus, nem contra o pr\u00f3ximo.<\/p>\n<p style=\"text-align: justify;\">Somente com a ajuda da Sua gra\u00e7a podemos verdadeiramente viver vida de caridade e cumprir o maior dos seus mandamentos.<\/p>\n<p style=\"text-align: justify;\">As palavras de\u00a0Jesus: <strong>&#8220;Eu sou a videira; V\u00f3s os ramos. Aquele que permanece em mim e eu nele, Esse dar\u00e1 muito fruto; Porque separados de<\/strong> <strong>mim n\u00e3o podeis fazer nada.&#8221;<\/strong> (Jm 15,5)<\/p>\n<p style=\"text-align: justify;\"><strong>&#8220;Em verdade, em verdade vos digo: se n\u00e3o comeis a carne do Filho do<\/strong> <strong>Homem, e n\u00e3o bebeis o Seu sangue, n\u00e3o tereis vida em v\u00f3s&#8221;.<\/strong> (Jm 5,53\u00a0)<\/p>\n<p style=\"text-align: justify;\"><strong>&#8220;Porque onde est\u00e1 o vosso tesouro, ali estar\u00e1 tamb\u00e9m vosso cora\u00e7\u00e3o.&#8221;<\/strong> Lc 12,34<\/p>\n<h3 style=\"text-align: justify;\"><strong>Ora\u00e7\u00e3o da Novena <\/strong><\/h3>\n<p style=\"text-align: justify;\">Jesus meu Amigo na Eucaristia, aceita esta novena da Santa\u00a0Eucaristia que estou a fazer para me aproximar mais ao\u00a0Teu Sagrado Cora\u00e7\u00e3o, com amor puro e\u00a0sincero.<a href=\"http:\/\/www.paroquiadoscanhas.pt\/wp-content\/uploads\/2012\/06\/je1.jpg\"><img loading=\"lazy\" decoding=\"async\" class=\"alignright  wp-image-4057\" alt=\"je\" src=\"http:\/\/www.paroquiadoscanhas.pt\/wp-content\/uploads\/2012\/06\/je1.jpg\" width=\"288\" height=\"360\" srcset=\"http:\/\/www.paroquiadoscanhas.pt\/wp-content\/uploads\/2012\/06\/je1.jpg 400w, http:\/\/www.paroquiadoscanhas.pt\/wp-content\/uploads\/2012\/06\/je1-240x300.jpg 240w\" sizes=\"auto, (max-width: 288px) 100vw, 288px\" \/><\/a><\/p>\n<p style=\"text-align: justify;\">Se \u00e9 assim a\u00a0Tua vontade, condedei-me a gra\u00e7a pela qual agora\u00a0fa\u00e7o, nesta novena. (Faz o pedido)<\/p>\n<p style=\"text-align: justify;\">Jesus,\u00a0Tu disseste: <strong>&#8220;Pedi e vos dar\u00e1; buscai e achareis; chamai e vos abrir\u00e1&#8221;.<\/strong> (Mt. 7,7). Pela intercess\u00e3o de Vossa Sant\u00edssima M\u00e3e, eu pe\u00e7o, eu busco, eu chamo; por favor concedei o meu pedido.<\/p>\n<p style=\"text-align: justify;\">Jesus,\u00a0Tu disseste: <strong>&#8220;o que pe\u00e7ais ao Pai ele vos dar\u00e1 em meu<\/strong> <strong>nome.&#8221;<\/strong> (Jn.16,23). Pela intercess\u00e3o da Tua\u00a0Sant\u00edssima M\u00e3e, Nossa Senhora, pe\u00e7o ao Pai em\u00a0Teu nome que me concedas o que desejo.<\/p>\n<p style=\"text-align: justify;\">Jesus, Tu disseste: <strong>&#8220;Se permaneceis em mim, e minhas palavras<\/strong> <strong>permanecerem em v\u00f3s, pedi o que quiseres e o conseguireis&#8221;.<\/strong> (Jm 15,7). Por intercess\u00e3o da Tua\u00a0Santa M\u00e3e, Nossa Senhora, concedei-me o que\u00a0Te pe\u00e7o pois quero viver em\u00a0Ti pela Comunh\u00e3o frequente.<\/p>\n<p style=\"text-align: justify;\">Jesus\u00a0eu creio que para conseguir o que desejo n\u00e3o posso fazer nada melhor do que assistir\u00a0\u00e0 Santa Missa e unir-me a\u00a0Ti pela Santa Eucaristia. Quando est\u00e1s verdadeiramente presente\u00a0na minha alma, tenho mais confian\u00e7a, pois\u00a0Tu queres ajudar-me, porque \u00e9s um Jesus Misericordioso.<\/p>\n<p style=\"text-align: justify;\">Tu\u00a0sabes como ajudar-me, porque \u00e9s a mesma Sabedoria.<\/p>\n<p>Tu\u00a0podes ajudar, porque\u00a0\u00e9s Todo Poderoso.<\/p>\n<p style=\"text-align: justify;\">Sagrado Cora\u00e7\u00e3o de Jesus, eu creio no amor que me tens.<\/p>\n<p style=\"text-align: justify;\">Jesus, como prova da minha mais sincera gratid\u00e3o prometo receber-Te na Santa Comunh\u00e3o com a maior frequ\u00eancia que possa, assistir\u00a0\u00e0 Missa e confessar-me para ser digna morada para o Teu Precioso Corpo e Sangue.<\/p>\n<p>Que eu\u00a0Te ame na Sagrada Eucaristia como se fosse o meu maior tesouro na Terra.<\/p>\n<p>Que a Comunh\u00e3o frequente me ajude a servir-Te com maior fidelidade para salvar a minha alma e estar contigo eternamente no C\u00e9u.<\/p>\n<p>Am\u00e9n.<\/p>\n","protected":false},"excerpt":{"rendered":"<p>Novena\u00a0\u00e0 Sant\u00edssima Eucaristia Medita\u00e7\u00e3o O Sacrif\u00edcio da Missa n\u00e3o se limita a um mero ritual\u00a0como recorda\u00e7\u00e3o do Calv\u00e1rio. Assim, Jesus continua\u00a0vivo em cada Eucaristia, at\u00e9 ao fim dos tempos. A Eucaristia \u00e9 o alimento, que nos recorda a \u00daltima Ceia, &hellip; <a href=\"http:\/\/www.paroquiadoscanhas.pt\/?page_id=1441\">Continue reading <span class=\"meta-nav\">&rarr;<\/span><\/a><\/p>\n","protected":false},"author":1,"featured_media":0,"parent":0,"menu_order":0,"comment_status":"closed","ping_status":"open","template":"","meta":{"footnotes":""},"class_list":["post-1441","page","type-page","status-publish","hentry"],"_links":{"self":[{"href":"http:\/\/www.paroquiadoscanhas.pt\/index.php?rest_route=\/wp\/v2\/pages\/1441","targetHints":{"allow":["GET"]}}],"collection":[{"href":"http:\/\/www.paroquiadoscanhas.pt\/index.php?rest_route=\/wp\/v2\/pages"}],"about":[{"href":"http:\/\/www.paroquiadoscanhas.pt\/index.php?rest_route=\/wp\/v2\/types\/page"}],"author":[{"embeddable":true,"href":"http:\/\/www.paroquiadoscanhas.pt\/index.php?rest_route=\/wp\/v2\/users\/1"}],"replies":[{"embeddable":true,"href":"http:\/\/www.paroquiadoscanhas.pt\/index.php?rest_route=%2Fwp%2Fv2%2Fcomments&post=1441"}],"version-history":[{"count":10,"href":"http:\/\/www.paroquiadoscanhas.pt\/index.php?rest_route=\/wp\/v2\/pages\/1441\/revisions"}],"predecessor-version":[{"id":4061,"href":"http:\/\/www.paroquiadoscanhas.pt\/index.php?rest_route=\/wp\/v2\/pages\/1441\/revisions\/4061"}],"wp:attachment":[{"href":"http:\/\/www.paroquiadoscanhas.pt\/index.php?rest_route=%2Fwp%2Fv2%2Fmedia&parent=1441"}],"curies":[{"name":"wp","href":"https:\/\/api.w.org\/{rel}","templated":true}]}}