{"id":1200,"date":"2012-05-06T18:31:25","date_gmt":"2012-05-06T18:31:25","guid":{"rendered":"http:\/\/176.9.29.233\/~paroqui3\/?page_id=1200"},"modified":"2012-05-06T20:52:49","modified_gmt":"2012-05-06T20:52:49","slug":"oracao-segundo-o-catecismo-da-igreja-catolica","status":"publish","type":"page","link":"http:\/\/www.paroquiadoscanhas.pt\/?page_id=1200","title":{"rendered":"Ora\u00e7\u00e3o segundo o Catecismo da Igreja Cat\u00f3lica"},"content":{"rendered":"<p>A Ora\u00e7\u00e3o segundo o Catecismo da Igreja Cat\u00f3lica<\/p>\n<div style=\"text-align: justify;\"><strong>O que \u00e9 a ora\u00e7\u00e3o? <\/strong><br \/>\nA ora\u00e7\u00e3o consiste em elevar a alma a Deus ou em pedir a Deus bens conformes \u00e0 sua vontade. Ela \u00e9 sempre um dom de Deus que vem ao encontro do homem. A ora\u00e7\u00e3o crist\u00e3 \u00e9 a rela\u00e7\u00e3o pessoal e viva dos filhos de Deus com o Pai infinitamente bom, com o seu Filho Jesus Cristo e com o Esp\u00edrito Santo que habita no cora\u00e7\u00e3o daqueles.<\/div>\n<div>\u00a0<\/div>\n<div style=\"text-align: justify;\"><strong>Como Jesus nos ensina a rezar? <\/strong><br \/>\nJesus ensina-nos a rezar, n\u00e3o s\u00f3 com a ora\u00e7\u00e3o do Pai nosso, mas tamb\u00e9m com a sua pr\u00f3pria ora\u00e7\u00e3o. Assim, para al\u00e9m do conte\u00fado, ensina-nos as disposi\u00e7\u00f5es requeridas para uma verdadeira ora\u00e7\u00e3o: a pureza do cora\u00e7\u00e3o que procura o Reino e perdoa aos inimigos; a confian\u00e7a audaz e filial que se estende para al\u00e9m do que sentimos e compreendemos; a vigil\u00e2ncia que protege o disc\u00edpulo da tenta\u00e7\u00e3o; a ora\u00e7\u00e3o no Nome de Jesus, nosso Mediador junto do Pai.<\/div>\n<div>\u00a0<\/div>\n<div style=\"text-align: justify;\"><strong>Porque \u00e9 eficaz a nossa ora\u00e7\u00e3o? <\/strong><br \/>\nA nossa ora\u00e7\u00e3o \u00e9 eficaz porque est\u00e1 unida \u00e0 de Jesus mediante a f\u00e9. N\u2019Ele, a ora\u00e7\u00e3o crist\u00e3 torna-se comunh\u00e3o de amor com o Pai. Podemos, neste caso, apresentar os nossos pedidos a Deus e ser atendidos: \u00abPedi e recebereis, assim a vossa alegria ser\u00e1 completa\u00bb (Jo 16,24).<\/div>\n<div>\u00a0<\/div>\n<div style=\"text-align: justify;\"><strong>Quais s\u00e3o as formas essenciais da ora\u00e7\u00e3o crist\u00e3? <\/strong><br \/>\nS\u00e3o a b\u00ean\u00e7\u00e3o e a adora\u00e7\u00e3o, a ora\u00e7\u00e3o de peti\u00e7\u00e3o e a intercess\u00e3o, a ac\u00e7\u00e3o de gra\u00e7as e o louvor. A Eucaristia cont\u00e9m e exprime todas as formas de ora\u00e7\u00e3o.<\/div>\n<div>\u00a0<\/div>\n<div style=\"text-align: justify;\"><strong>O que \u00e9 a b\u00ean\u00e7\u00e3o? <\/strong><br \/>\nA b\u00ean\u00e7\u00e3o \u00e9 a resposta do homem aos dons de Deus: n\u00f3s bendizemos o Omnipotente que primeiramente nos aben\u00e7oa e enche dos seus dons.<\/div>\n<div>\u00a0<\/div>\n<div style=\"text-align: justify;\"><strong>Como se pode definir a adora\u00e7\u00e3o? <\/strong><br \/>\nA adora\u00e7\u00e3o \u00e9 a prostra\u00e7\u00e3o do homem que se reconhece criatura diante do seu Criador tr\u00eas vezes santo.<\/div>\n<div>\u00a0<\/div>\n<div style=\"text-align: justify;\"><strong>Quais s\u00e3o as diversas formas da ora\u00e7\u00e3o de peti\u00e7\u00e3o? <\/strong><br \/>\nPode ser um pedido de perd\u00e3o ou mesmo uma s\u00faplica humilde e confiante em rela\u00e7\u00e3o a todas as nossas necessidades espirituais ou materiais. Mas a primeira realidade a desejar \u00e9 a vinda do Reino.<\/div>\n<div>\u00a0<\/div>\n<div style=\"text-align: justify;\"><strong>Em que consiste a intercess\u00e3o? <a href=\"http:\/\/paroquiadoscanhas.pt\/wp-content\/uploads\/2012\/05\/100.jpg\"><img loading=\"lazy\" decoding=\"async\" class=\"alignright  wp-image-1231\" title=\"100\" src=\"http:\/\/paroquiadoscanhas.pt\/wp-content\/uploads\/2012\/05\/100.jpg\" alt=\"\" width=\"280\" height=\"210\" srcset=\"http:\/\/www.paroquiadoscanhas.pt\/wp-content\/uploads\/2012\/05\/100.jpg 400w, http:\/\/www.paroquiadoscanhas.pt\/wp-content\/uploads\/2012\/05\/100-300x225.jpg 300w\" sizes=\"auto, (max-width: 280px) 100vw, 280px\" \/><\/a><\/strong><br \/>\nA intercess\u00e3o consiste no pedir em favor doutro. Ela conforma-nos e une-nos \u00e0 ora\u00e7\u00e3o de Jesus que intercede junto do Pai por todos os homens, em especial pelos pecadores. A intercess\u00e3o deve estender-se tamb\u00e9m aos inimigos.<\/div>\n<div>\u00a0<\/div>\n<div style=\"text-align: justify;\"><strong>Quando se d\u00e1 a Deus ac\u00e7\u00e3o de gra\u00e7as? <\/strong><br \/>\nA Igreja d\u00e1 gra\u00e7as a Deus incessantemente, sobretudo ao celebrar a Eucaristia, na qual Cristo a faz participar na sua ac\u00e7\u00e3o de gra\u00e7as ao Pai. Todos os acontecimentos se convertem para o crist\u00e3o em motivo de ac\u00e7\u00e3o de gra\u00e7as. ( 2637-2638; 2648 )<\/div>\n<div>\u00a0<\/div>\n<div style=\"text-align: justify;\"><strong>O que \u00e9 a ora\u00e7\u00e3o de louvor? <\/strong><br \/>\nO louvor \u00e9 a forma de ora\u00e7\u00e3o que mais imediatamente reconhece que Deus \u00e9 Deus. \u00c9 completamente desinteressada: canta Deus por Ele ser quem \u00e9 e glorifica-O porque Ele \u00e9.<\/div>\n<div>\u00a0<\/div>\n<div style=\"text-align: justify;\"><strong>Como se caracteriza a ora\u00e7\u00e3o vocal? <\/strong><br \/>\nA ora\u00e7\u00e3o vocal associa o corpo \u00e0 ora\u00e7\u00e3o interior do cora\u00e7\u00e3o. Mesmo a mais interior das ora\u00e7\u00f5es n\u00e3o poderia prescindir da ora\u00e7\u00e3o vocal. Em todo o caso, ela deve brotar duma f\u00e9 pessoal. Com o Pai Nosso, Jesus ensinou-nos uma f\u00f3rmula perfeita de ora\u00e7\u00e3o vocal.<\/div>\n<div>\u00a0<\/div>\n<div style=\"text-align: justify;\"><strong>O que \u00e9 a medita\u00e7\u00e3o? <\/strong><br \/>\nA medita\u00e7\u00e3o \u00e9 uma reflex\u00e3o orante, que parte sobretudo da Palavra de Deus na B\u00edblia. Mobiliza a intelig\u00eancia, a imagina\u00e7\u00e3o, a emo\u00e7\u00e3o, o desejo, para aprofundar a nossa f\u00e9, suscitar a convers\u00e3o do nosso cora\u00e7\u00e3o e fortalecer a nossa vontade de seguir a Cristo. \u00c9 uma etapa preliminar em direc\u00e7\u00e3o \u00e0 uni\u00e3o de amor com o Senhor.<\/div>\n<div>\u00a0<\/div>\n<div style=\"text-align: justify;\"><strong>O que \u00e9 a ora\u00e7\u00e3o contemplativa? <\/strong><br \/>\nA ora\u00e7\u00e3o contemplativa \u00e9 um simples olhar sobre Deus no sil\u00eancio e no amor. \u00c9 um dom de Deus, um momento de f\u00e9 pura durante o qual o orante procura Cristo, se entrega \u00e0 vontade amorosa do Pai e concentra o seu ser sob a ac\u00e7\u00e3o do Esp\u00edrito. Santa Teresa de \u00c1vila define-a como uma \u00edntima rela\u00e7\u00e3o de amizade, \u00abem que muitas vezes dialogamos a s\u00f3s com Deus, por Quem sabemos ser amados\u00bb.<\/div>\n<div>\u00a0<\/div>\n<div style=\"text-align: justify;\"><strong>Quais as dificuldades da ora\u00e7\u00e3o? <\/strong><br \/>\nA distrac\u00e7\u00e3o \u00e9 a dificuldade habitual da nossa ora\u00e7\u00e3o. Ela afasta da aten\u00e7\u00e3o a Deus e pode tamb\u00e9m revelar aquilo a que estamos apegados. O nosso cora\u00e7\u00e3o deve ent\u00e3o regressar humildemente ao Senhor. A ora\u00e7\u00e3o \u00e9 muitas vezes insidiada pela aridez, cuja supera\u00e7\u00e3o, na f\u00e9, permite aderir ao Senhor, mesmo sem uma consola\u00e7\u00e3o sens\u00edvel. A ac\u00e9dia \u00e9 uma forma de pregui\u00e7a espiritual devida ao relaxamento da vigil\u00e2ncia e \u00e0 neglig\u00eancia na guarda do cora\u00e7\u00e3o.<\/div>\n<div>\u00a0<\/div>\n<div><em>In &#8220;Comp\u00eandio do Catecismo da Igreja Cat\u00f3lica&#8221;<\/em><\/div>\n","protected":false},"excerpt":{"rendered":"<p>A Ora\u00e7\u00e3o segundo o Catecismo da Igreja Cat\u00f3lica O que \u00e9 a ora\u00e7\u00e3o? A ora\u00e7\u00e3o consiste em elevar a alma a Deus ou em pedir a Deus bens conformes \u00e0 sua vontade. Ela \u00e9 sempre um dom de Deus que &hellip; <a href=\"http:\/\/www.paroquiadoscanhas.pt\/?page_id=1200\">Continue reading <span class=\"meta-nav\">&rarr;<\/span><\/a><\/p>\n","protected":false},"author":1,"featured_media":0,"parent":0,"menu_order":0,"comment_status":"closed","ping_status":"open","template":"","meta":{"footnotes":""},"class_list":["post-1200","page","type-page","status-publish","hentry"],"_links":{"self":[{"href":"http:\/\/www.paroquiadoscanhas.pt\/index.php?rest_route=\/wp\/v2\/pages\/1200","targetHints":{"allow":["GET"]}}],"collection":[{"href":"http:\/\/www.paroquiadoscanhas.pt\/index.php?rest_route=\/wp\/v2\/pages"}],"about":[{"href":"http:\/\/www.paroquiadoscanhas.pt\/index.php?rest_route=\/wp\/v2\/types\/page"}],"author":[{"embeddable":true,"href":"http:\/\/www.paroquiadoscanhas.pt\/index.php?rest_route=\/wp\/v2\/users\/1"}],"replies":[{"embeddable":true,"href":"http:\/\/www.paroquiadoscanhas.pt\/index.php?rest_route=%2Fwp%2Fv2%2Fcomments&post=1200"}],"version-history":[{"count":5,"href":"http:\/\/www.paroquiadoscanhas.pt\/index.php?rest_route=\/wp\/v2\/pages\/1200\/revisions"}],"predecessor-version":[{"id":1202,"href":"http:\/\/www.paroquiadoscanhas.pt\/index.php?rest_route=\/wp\/v2\/pages\/1200\/revisions\/1202"}],"wp:attachment":[{"href":"http:\/\/www.paroquiadoscanhas.pt\/index.php?rest_route=%2Fwp%2Fv2%2Fmedia&parent=1200"}],"curies":[{"name":"wp","href":"https:\/\/api.w.org\/{rel}","templated":true}]}}