{"id":1194,"date":"2012-05-06T18:26:12","date_gmt":"2012-05-06T18:26:12","guid":{"rendered":"http:\/\/176.9.29.233\/~paroqui3\/?page_id=1194"},"modified":"2012-05-12T09:39:51","modified_gmt":"2012-05-12T09:39:51","slug":"outras-oracoes","status":"publish","type":"page","link":"http:\/\/www.paroquiadoscanhas.pt\/?page_id=1194","title":{"rendered":"Ora\u00e7\u00f5es mais comuns"},"content":{"rendered":"<h3><strong>Sinal da Cruz<\/strong><\/h3>\n<div style=\"text-align: justify;\">Pelo Sinal da Santa Cruz, livre-nos, Deus nosso Senhor, dos nossos inimigos.<\/div>\n<div>Em nome do Pai, do Filho e do Esp\u00edrito Santo.<\/div>\n<div>\u00c1men.<br \/>\n\u00a0\u00a0<\/div>\n<div>\n<h3>Pai Nosso<\/h3>\n<div>Pai Nosso, que estais nos c\u00e9us, santificado seja o Vosso nome, venha a n\u00f3s o vosso reino, seja feita a Vossa vontade<br \/>\nassim na Terra como no C\u00e9u.<\/div>\n<div style=\"text-align: justify;\">O p\u00e3o nosso de cada dia nos dai hoje, perdoai-nos as nossas ofensas, assim como n\u00f3s perdoamos a quem nos tem ofendido, e n\u00e3o nos deixeis cair em tenta\u00e7\u00e3o, mas livrai-nos do mal.<\/div>\n<div>\u00c1men\u00a0<\/div>\n<div>\u00a0<\/div>\n<h3>Av\u00e9 Maria<\/h3>\n<div style=\"text-align: justify;\">Av\u00e9 Maria, cheia de gra\u00e7a, o Senhor \u00e9 convosco, bendita sois v\u00f3s entre as mulheres e bendito \u00e9 o fruto do Vosso ventre, Jesus.<br \/>\nSanta Maria, M\u00e3e de Deus rogai por n\u00f3s, pecadores, agora, e na hora da nossa morte.<br \/>\n\u00c1men\u00a0<\/div>\n<div>\u00a0<\/div>\n<h3>Gl\u00f3ria ao Pai<\/h3>\n<div style=\"text-align: justify;\">Gl\u00f3ria ao Pai e ao Filho e ao Esp\u00edrito Santo, como era no princ\u00edpio, agora e sempre. \u00c1men.\u00a0<\/div>\n<div>\u00a0<\/div>\n<h3>Gl\u00f3ria a Deus nas alturas<\/h3>\n<div style=\"text-align: justify;\">Gl\u00f3ria a Deus nas alturas, e paz na terra aos homens por Ele amados. Senhor Deus, Rei dos c\u00e9us, Deus Pai todo-poderoso: n\u00f3s Vos louvamos, n\u00f3s Vos bendizemos, n\u00f3s Vos adoramos, n\u00f3s Vos glorificamos, n\u00f3s Vos damos gra\u00e7as por Vossa imensa gl\u00f3ria. Senhor Jesus Cristo, Filho Unig\u00e9nito, Senhor Deus, Cordeiro de Deus, Filho de Deus Pai: V\u00f3s que tirais o pecado do mundo, tende piedade de n\u00f3s; V\u00f3s que tirais o pecado do mundo, acolhei a nossa s\u00faplica; V\u00f3s que estais \u00e0 direita do Pai, tende piedade de n\u00f3s. S\u00f3 V\u00f3s sois o Santo; s\u00f3 V\u00f3s, o Senhor; S\u00f3 V\u00f3s o Alt\u00edssimo, Jesus Cristo; com o Esp\u00edrito Santo, na gl\u00f3ria de Deus Pai.<br \/>\n\u00c1men.\u00a0<\/div>\n<h3>Credo<\/h3>\n<div style=\"text-align: justify;\">Creio em Deus, Pai todo-poderoso, Criador do C\u00e9u e da Terra; e em Jesus Cristo, seu \u00fanico Filho, Nosso Senhor, que foi concebido pelo poder do Esp\u00edrito Santo; nasceu da Virgem Maria; padeceu sob P\u00f4ncio Pilatos, foi crucificado, morto e sepultado; desceu \u00e0 mans\u00e3o dos mortos; ressuscitou ao terceiro dia; subiu aos C\u00e9us, onde est\u00e1 sentado \u00e0 direita de Deus Pai todo-poderoso, de onde h\u00e1-de vir a julgar os vivos e os mortos.<br \/>\nCreio no Esp\u00edrito Santo. na santa Igreja Cat\u00f3lica; na comunh\u00e3o dos Santos; na remiss\u00e3o dos pecados; na ressurrei\u00e7\u00e3o da carne; na vida eterna.<br \/>\n\u00c1men.\u00a0<\/div>\n<h3>Salv\u00e9 Rainha<\/h3>\n<div style=\"text-align: justify;\">Salv\u00e9 Rainha, M\u00e3e de miseric\u00f3rdia, vida, do\u00e7ura, e esperan\u00e7a nossa, salve. A V\u00f3s bradamos, os degredados filhos de Eva, a V\u00f3s suspiramos, gemendo e chorando, neste vale de l\u00e1grimas. Eia, pois, Advogada nossa, esses vossos olhos misericordiosos a n\u00f3s volvei. E depois deste desterro, Nos mostrai Jesus, bendito fruto do vosso ventre. \u00d3 clemente, \u00f3 piedosa, \u00f3 doce Virgem Maria.<br \/>\n\u00c1men\u00a0<\/div>\n<h3>Confiss\u00e3o<\/h3>\n<div style=\"text-align: justify;\">Confesso a Deus todo-poderoso e a v\u00f3s irm\u00e3os, que eu pequei muitas vezes por pensamentos, palavras, actos e omiss\u00f5es por minha culpa, minha t\u00e3o grande culpa. Pe\u00e7o \u00e0 Virgem Maria aos Anjos e Santos e a v\u00f3s, irm\u00e3os, que rogueis por mim a Deus Nosso Senhor.<br \/>\n\u00c1men\u00a0<\/div>\n<h3>Acto de contri\u00e7\u00e3o<\/h3>\n<div style=\"text-align: justify;\">Meu Deus, porque sois infinitamente bom, eu Vos amo de todo o meu cora\u00e7\u00e3o, pesa-me ter-Vos ofendido, e, com o aux\u00edlio da vossa divina gra\u00e7a, proponho firmemente emendar-me e nunca mais Vos tornar a ofender; pe\u00e7o e espero o perd\u00e3o das minhas culpas pela vossa infinita miseric\u00f3rdia.<br \/>\n\u00c1men.<\/div>\n<h3>Acto de F\u00e9<\/h3>\n<div style=\"text-align: justify;\">Eu creio firmemente que h\u00e1 um s\u00f3 Deus, em tr\u00eas pessoas, realmente distintas: Pai, Filho e Esp\u00edrito Santo, que d\u00e1 o c\u00e9u aos bons e o inferno aos maus, para sempre. Creio que o Filho de Deus Se fez homem, padeceu e morreu na cruz para nos salvar, e que ao terceiro dia ressuscitou. Creio tudo o mais que ensina a Santa Igreja Cat\u00f3lica, Apost\u00f3lica, porque Deus, verdade infal\u00edvel, lho revelou. E nesta cren\u00e7a, quero viver e morrer.<br \/>\n\u00c1men.<\/div>\n<h3>Ora\u00e7\u00e3o de S<em>. <\/em>Francisco de Assis<\/h3>\n<div>Senhor, fazei de mim um instrumento de vossa paz;<br \/>\nOnde houver \u00f3dio, que eu leve o amor;<br \/>\nOnde houver disc\u00f3rdia, que eu leve a uni\u00e3o;<br \/>\nOnde houver d\u00favidas, que eu leve a f\u00e9;<br \/>\nOnde houver erros, que eu leve a verdade;<br \/>\nOnde houver ofensa, que eu leve o perd\u00e3o;<br \/>\nOnde houver desespero, que eu leve a esperan\u00e7a;<br \/>\nOnde houver tristeza, que eu leve a alegria;<br \/>\nOnde houver trevas, que eu leve a luz.<br \/>\n\u00d3 Mestre, fazei com que eu procure mais consolar, que ser consolado;<br \/>\nCompreender, que ser compreendido;<br \/>\nAmar, que ser amado;<br \/>\nPois \u00e9 dando que se recebe;<br \/>\n\u00c9 perdoando, que se \u00e9 perdoado;<br \/>\nE \u00e9 morrendo que se vive para a vida eterna.<\/div>\n<div>\u00c1men.<\/div>\n<div>\u00a0<\/div>\n<h3>Novena poderosa ao Menino Jesus de Praga<\/h3>\n<div style=\"text-align: justify;\">\u00d3 Jesus, que disseste em vosso Evangelho:<br \/>\n&#8220;Pedi e recebereis, procurai e achareis, batei \u00e0 porta e ela se abrir\u00e1&#8221;, por interm\u00e9dio de Maria, vossa M\u00e3e Sant\u00edssima, com f\u00e9 e confian\u00e7a eu bato \u00e0 porta do vosso Cora\u00e7\u00e3o e humildemente pe\u00e7o a vossa divina gra\u00e7a.<\/div>\n<div style=\"text-align: justify;\">Atendei, Senhor \u00e0 humilde prece que neste dia vos dirijo. (Mencione o pedido).<br \/>\n\u00d3 Jesus, que prometeste: &#8220;Tudo que pedirdes ao meu Pai em meu nome, Ele vo-lo conceder\u00e1, a Deus, vosso Pai e meu Pai celestial, apresento a minha ora\u00e7\u00e3o.<br \/>\nIntercedei, Senhor, junto ao Pai de bondade e Deus de toda consola\u00e7\u00e3o, para que Ele ou\u00e7a nesta hora a minha s\u00faplica. (Mencione o pedido).<br \/>\n\u00d3 Jesus, que afirmastes: &#8220;Passar\u00e3o o C\u00e9u e a Terra, por\u00e9m minhas palavras n\u00e3o passar\u00e3o&#8221;, confio em vossa promessa, Senhor, e espero que o vosso poder e imensa bondade me consolar\u00e3o e me dar\u00e3o o que vos pe\u00e7o neste momento. (Mencione o pedido).<br \/>\nEm uni\u00e3o com Jesus, rezar um Pai-Nosso a Deus, e em seguida, tr\u00eas Av\u00e9-Maria, pedindo a intercess\u00e3o de Nossa Senhora junto de seu Filho, Menino Jesus.<\/div>\n<h3 style=\"text-align: left;\"><em>Santa Teresa de Jesus<\/em><\/h3>\n<p style=\"text-align: left;\">N\u00e3o me move, Senhor para Te amar<br \/>\nO C\u00e9u que me prometestes<br \/>\nNem me move o inferno t\u00e3o temido<br \/>\nPara deixar por isso de Te ofender.<\/p>\n<p style=\"text-align: left;\">Tu me moves, Senhor,<br \/>\nMove-me ver-te<br \/>\nPregado em uma Cruz e escarnecido<br \/>\nMove-me ver teu Corpo t\u00e3o ferido,<br \/>\nMovem-me tuas afrontas e tua morte.<\/p>\n<p style=\"text-align: left;\">Move-me enfim teu amor,<br \/>\nE de tal maneira,<br \/>\nQue ainda que n\u00e3o houvesse C\u00e9u eu te amaria,<br \/>\nE ainda que n\u00e3o houvesse inferno te temeria.<\/p>\n<p style=\"text-align: left;\">Nada tens que me dar para que eu te queira,<br \/>\nPois mesmo que eu n\u00e3o esperasse o que espero,<br \/>\nO mesmo que te quero<br \/>\nEu te quereria.<\/p>\n<h3><em>Ora\u00e7\u00e3o ao Anjo da Guarda I<\/em><\/h3>\n<div><em>Santo Anjo do Senhor meu zeloso guardador j\u00e1 que a ti me confiou a piedade Divina: hoje e sempre me governa, rege, guarda e ilumina.<\/em><br \/>\n<em>\u00c1men.\u00a0<\/em><\/div>\n<div><em>\u00a0<\/em><\/div>\n<h3><em>Ora\u00e7\u00e3o ao Anjo da Guarda II<\/em><\/h3>\n<div><em>Anjo da Guarda, minha companhia, guardai a minha alma de noite e de dia.<\/em><br \/>\n<em>\u00c1men.<\/em><\/div>\n<\/div>\n","protected":false},"excerpt":{"rendered":"<p>Sinal da Cruz Pelo Sinal da Santa Cruz, livre-nos, Deus nosso Senhor, dos nossos inimigos. Em nome do Pai, do Filho e do Esp\u00edrito Santo. \u00c1men. \u00a0\u00a0 Pai Nosso Pai Nosso, que estais nos c\u00e9us, santificado seja o Vosso nome, &hellip; <a href=\"http:\/\/www.paroquiadoscanhas.pt\/?page_id=1194\">Continue reading <span class=\"meta-nav\">&rarr;<\/span><\/a><\/p>\n","protected":false},"author":1,"featured_media":0,"parent":0,"menu_order":0,"comment_status":"closed","ping_status":"open","template":"","meta":{"footnotes":""},"class_list":["post-1194","page","type-page","status-publish","hentry"],"_links":{"self":[{"href":"http:\/\/www.paroquiadoscanhas.pt\/index.php?rest_route=\/wp\/v2\/pages\/1194","targetHints":{"allow":["GET"]}}],"collection":[{"href":"http:\/\/www.paroquiadoscanhas.pt\/index.php?rest_route=\/wp\/v2\/pages"}],"about":[{"href":"http:\/\/www.paroquiadoscanhas.pt\/index.php?rest_route=\/wp\/v2\/types\/page"}],"author":[{"embeddable":true,"href":"http:\/\/www.paroquiadoscanhas.pt\/index.php?rest_route=\/wp\/v2\/users\/1"}],"replies":[{"embeddable":true,"href":"http:\/\/www.paroquiadoscanhas.pt\/index.php?rest_route=%2Fwp%2Fv2%2Fcomments&post=1194"}],"version-history":[{"count":28,"href":"http:\/\/www.paroquiadoscanhas.pt\/index.php?rest_route=\/wp\/v2\/pages\/1194\/revisions"}],"predecessor-version":[{"id":1198,"href":"http:\/\/www.paroquiadoscanhas.pt\/index.php?rest_route=\/wp\/v2\/pages\/1194\/revisions\/1198"}],"wp:attachment":[{"href":"http:\/\/www.paroquiadoscanhas.pt\/index.php?rest_route=%2Fwp%2Fv2%2Fmedia&parent=1194"}],"curies":[{"name":"wp","href":"https:\/\/api.w.org\/{rel}","templated":true}]}}