{"id":1191,"date":"2012-05-06T18:18:35","date_gmt":"2012-05-06T18:18:35","guid":{"rendered":"http:\/\/176.9.29.233\/~paroqui3\/?page_id=1191"},"modified":"2012-05-06T20:47:23","modified_gmt":"2012-05-06T20:47:23","slug":"oracoes-do-dia","status":"publish","type":"page","link":"http:\/\/www.paroquiadoscanhas.pt\/?page_id=1191","title":{"rendered":"Ora\u00e7\u00f5es do dia"},"content":{"rendered":"<h3>Ora\u00e7\u00e3o da manh\u00e3, ao romper do dia<\/h3>\n<div>Bendita seja a luz do dia,<br \/>\nbendito seja Quem tudo cria,<br \/>\nbendito seja o fruto sagrado<br \/>\nda sempre pur\u00edssima Virgem Maria.<br \/>\n\u00c1men.<\/div>\n<div>\u00a0<\/div>\n<h3>Ora\u00e7\u00e3o da manh\u00e3<\/h3>\n<div style=\"text-align: justify;\">Senhor, no in\u00edcio deste dia, venho pedir-Te sa\u00fade, for\u00e7a, paz e sabedoria.<br \/>\nQuero olhar hoje o mundo com olhos cheios de amor, ser paciente, compreensivo, manso e prudente; ver, al\u00e9m das apar\u00eancias, teus filhos como Tu mesmo os v\u00eas, e assim n\u00e3o ver sen\u00e3o o bem em cada um.<br \/>\nFecha os meus ouvidos a toda a cal\u00fania. Guarda a minha l\u00edngua de toda a maldade. Que s\u00f3 de b\u00ean\u00e7\u00e3os se encha o meu esp\u00edrito.<br \/>\nQue eu seja t\u00e3o bondoso e alegre, que todos quantos se aproximarem de mim, sintam a tua presen\u00e7a.<br \/>\nSenhor, reveste-me da tua beleza, e que, no decurso deste dia, eu Te revele a todos.<br \/>\n\u00c1men.\u00a0<\/div>\n<h3>&#8220;Angelus&#8221; &#8211; Ora\u00e7\u00e3o do meio-dia<\/h3>\n<p>\u00a0O Anjo do Senhor anunciou a Maria.<br \/>\n\u00a0E Ela concebeu do Esp\u00edrito Santo.<br \/>\nAve Maria\u2026<\/p>\n<p>\u00a0Eis a escrava do Senhor.<br \/>\n\u00a0Fa\u00e7a-se em mim segundo a Vossa Palavra.<br \/>\nAve Maria\u2026<\/p>\n<p>E o Verbo divino encarnou.<br \/>\nE habitou no meio de n\u00f3s.<br \/>\nAve Maria\u2026<\/p>\n<p>Rogai por n\u00f3s Santa M\u00e3e de Deus.<br \/>\nPara que sejamos dignos das promessas de Cristo.<\/p>\n<div>Oremos.<br \/>\nInfundi, Senhor, como Vos pedimos, a Vossa gra\u00e7a nas nossas almas, para que n\u00f3s, que pela Anuncia\u00e7\u00e3o do Anjo conhecemos a Encarna\u00e7\u00e3o de Cristo, Vosso Filho, pela sua Paix\u00e3o e Morte na Cruz, sejamos conduzidos \u00e0 gl\u00f3ria da ressurrei\u00e7\u00e3o. Por Nosso Senhor Jesus Cristo Vosso Filho que \u00e9 Deus convosco na unidade do Esp\u00edrito Santo.\u00a0<\/div>\n<h3>Ora\u00e7\u00e3o do meio-dia no Tempo Pascal<\/h3>\n<p>\u00a0Rainha do C\u00e9u, alegrai-vos, Aleluia!<br \/>\nPorque Aquele que merecestes trazer em Vosso ventre, Aleluia!<\/p>\n<p>Ressuscitou como disse, Aleluia!<br \/>\nRogai por n\u00f3s a Deus, Aleluia!<\/p>\n<p>Alegrai-vos e exultai, \u00f3 Virgem Maria, Aleluia!<br \/>\nPorque o Senhor ressuscitou verdadeiramente, Aleluia!<\/p>\n<div>Oremos.<br \/>\n\u00d3 Deus, que Vos dignastes alegrar o mundo com a Ressurrei\u00e7\u00e3o do vosso Filho, Nosso Senhor Jesus Cristo, concedei-nos, Vos suplicamos, a gra\u00e7a de alcan\u00e7armos pela protec\u00e7\u00e3o da Virgem Maria, Sua M\u00e3e, a gl\u00f3ria da vida eterna. Pelo mesmo Cristo Nosso Senhor.<br \/>\n\u00c1men.\u00a0<\/div>\n<h3>Ora\u00e7\u00e3o antes das refei\u00e7\u00f5es<\/h3>\n<div>Aben\u00e7oai, Senhor, os alimentos que vamos tomar; que eles renovem as nossas for\u00e7as para melhor Vos servir e amar.<br \/>\n\u00c1men.\u00a0<\/div>\n<h3>Ora\u00e7\u00e3o depois das refei\u00e7\u00f5es<\/h3>\n<div>N\u00f3s Vos damos gra\u00e7as, Senhor, pelos vossos benef\u00edcios, a V\u00f3s que viveis e reinais pelos s\u00e9culos dos s\u00e9culos.<br \/>\n\u00c1men.\u00a0<\/div>\n<h3>Ora\u00e7\u00e3o para as refei\u00e7\u00f5es I<\/h3>\n<p>Em nome do Pai e do Filho e do Esp\u00edrito Santo.<\/p>\n<div>Senhor, velai por n\u00f3s aqui reunidos, aben\u00e7oai a refei\u00e7\u00e3o que vamos tomar, aben\u00e7oai e ajudai quem a confeccionou.<br \/>\nPai nosso\u2026\u00a0<\/div>\n<h3>Ora\u00e7\u00e3o para as refei\u00e7\u00f5es II<\/h3>\n<div>Aben\u00e7oai-nos, Senhor e a estes alimentos que recebemos de vossas m\u00e3os. Por Cristo Nosso Senhor.<br \/>\n\u00c1men.<\/div>\n<div>Que o Rei da eterna gl\u00f3ria<br \/>\nnos fa\u00e7a participantes da mesa celestial.<br \/>\n\u00c1men.<\/div>\n<h3>Visita ao Sant\u00edssimo Sacramento I\u00a0\u00a0 <a href=\"http:\/\/paroquiadoscanhas.pt\/wp-content\/uploads\/2012\/05\/22.jpg\"><img loading=\"lazy\" decoding=\"async\" class=\"alignright size-full wp-image-1222\" title=\"22\" src=\"http:\/\/paroquiadoscanhas.pt\/wp-content\/uploads\/2012\/05\/22.jpg\" alt=\"\" width=\"188\" height=\"278\" \/><\/a><\/h3>\n<p>Gra\u00e7as e louvores se d\u00eaem a todo o momento.<br \/>\nAo Sant\u00edssimo e Divin\u00edssimo Sacramento.<\/p>\n<p>Pai Nosso, Ave Maria e Gl\u00f3ria (3 vezes)<\/p>\n<div>Comunh\u00e3o espiritual: Eu quisera, Senhor, receber-Vos com aquela pureza, humildade e devo\u00e7\u00e3o com que Vos recebeu Vossa Sant\u00edssima M\u00e3e, com o esp\u00edrito e o fervor dos Santos.\u00a0<\/div>\n<h3>Visita ao Sant\u00edssimo Sacramento II<\/h3>\n<div>Creio, meu Jesus, que estais realmente presente aqui no Sant\u00edssimo Sacramento do Altar.<br \/>\nAmo-Vos sobre todas as coisas e desejo receber-Vos na minha alma.<br \/>\nMas como agora n\u00e3o Vos posso receber sacramentalmente, vinde, pelo menos espiritualmente, ao meu cora\u00e7\u00e3o.<br \/>\nComo se j\u00e1 Vos tiver recebido, abra\u00e7o-Vos e me uno todo a V\u00f3s.<br \/>\nN\u00e3o permitais, Senhor, que nunca me separe de V\u00f3s.<br \/>\n\u00c1men.<\/div>\n<h3>Ora\u00e7\u00e3o da noite I\u00a0 <a href=\"http:\/\/paroquiadoscanhas.pt\/wp-content\/uploads\/2012\/05\/13.jpg\"><img loading=\"lazy\" decoding=\"async\" class=\"alignright size-full wp-image-1219\" title=\"13\" src=\"http:\/\/paroquiadoscanhas.pt\/wp-content\/uploads\/2012\/05\/13.jpg\" alt=\"\" width=\"221\" height=\"300\" \/><\/a><\/h3>\n<p>Boa noite, Pai.<br \/>\nTermina o dia e a Ti entrego meu cansa\u00e7o.<br \/>\nObrigado por tudo e&#8230; perd\u00e3o.<\/p>\n<p>Obrigado pela esperan\u00e7a que hoje animou os meus passos,<br \/>\npela alegria que vi no rosto das crian\u00e7as;<br \/>\nObrigado pelo exemplo que recebi daquele meu irm\u00e3o;<br \/>\nObrigado tamb\u00e9m por isso que me fez sofrer&#8230;<br \/>\nObrigado porque naquele momento de des\u00e2nimo me lembrei que tu \u00e9s meu Pai<br \/>\nObrigado pela luz, pela noite, pela brisa, pela comida, pelo meu desejo de supera\u00e7\u00e3o<br \/>\nObrigado, Pai, porque me deste uma M\u00e3e<\/p>\n<p>Perd\u00e3o, tamb\u00e9m, Senhor!<br \/>\nPerd\u00e3o pelo meu rosto carrancudo;<br \/>\nPerd\u00e3o porque n\u00e3o me lembrei que n\u00e3o sou filho \u00fanico, mas irm\u00e3o de muitos;<br \/>\nPerd\u00e3o, Pai, pela falta de colabora\u00e7\u00e3o e servi\u00e7o e porque n\u00e3o evitei aquela l\u00e1grima, aquele desgosto;<br \/>\nPerd\u00e3o por ter guardado para mim a tua mensagem de amor;<a href=\"http:\/\/paroquiadoscanhas.pt\/wp-content\/uploads\/2012\/05\/perdao-divino.jpg\"><img loading=\"lazy\" decoding=\"async\" class=\"alignright  wp-image-1226\" title=\"perdao-divino\" src=\"http:\/\/paroquiadoscanhas.pt\/wp-content\/uploads\/2012\/05\/perdao-divino.jpg\" alt=\"\" width=\"297\" height=\"223\" srcset=\"http:\/\/www.paroquiadoscanhas.pt\/wp-content\/uploads\/2012\/05\/perdao-divino.jpg 470w, http:\/\/www.paroquiadoscanhas.pt\/wp-content\/uploads\/2012\/05\/perdao-divino-300x224.jpg 300w\" sizes=\"auto, (max-width: 297px) 100vw, 297px\" \/><\/a><br \/>\nPerd\u00e3o por n\u00e3o ter sabido hoje entregar-me e dizer: &#8220;sim&#8221;, como Maria.<br \/>\nPerd\u00e3o por aqueles que deviam pedir-te perd\u00e3o e n\u00e3o se decidem.<br \/>\nPerdoa-me, Pai,<br \/>\ne aben\u00e7oa os meus prop\u00f3sitos para o dia de amanh\u00e3;<br \/>\nque ao despertar, me invada novo entusiasmo;<br \/>\nque o dia de amanh\u00e3 seja um ininterrupto &#8220;sim&#8221; vivido conscientemente.<\/p>\n<div>Boa noite, Pai. At\u00e9 amanh\u00e3.\u00a0<\/div>\n<h3>Ora\u00e7\u00e3o da noite II<\/h3>\n<p>Meu Pai, agora que as vozes silenciaram e os clamores se apagaram, aqui do p\u00e9 da cama minha alma se eleva a Ti, para dizer: Creio em Ti, espero em Ti, e amo-Te com todas as minhas for\u00e7as, gl\u00f3ria a Ti, Senhor!<\/p>\n<p>Deposito nas tuas m\u00e3os a fadiga e a luta, as alegrias e desencantos deste dia que ficou para tr\u00e1s. Se os nervos me tra\u00edram, se os impulsos ego\u00edstas me dominaram se dei lugar ao rancor ou \u00e0 tristeza, perd\u00e3o, Senhor!<br \/>\nTem piedade de mim.<\/p>\n<p>Se fui infiel, se pronunciei palavras em v\u00e3o, se me deixei levar pela impaci\u00eancia,<br \/>\nse fui um espinho para algu\u00e9m, perd\u00e3o Senhor!<\/p>\n<p>Nesta noite n\u00e3o quero entregar-me ao sono sem sentir na minha alma a seguran\u00e7a da tua miseric\u00f3rdia, a tua doce miseric\u00f3rdia inteiramente gratuita.<\/p>\n<p>Senhor! Eu Te agrade\u00e7o, meu Pai, porque foste a sombra fresca que me cobriu durante todo este dia. Eu Te agrade\u00e7o porque, invis\u00edvel, carinhoso e envolvente, cuidaste de mim como uma m\u00e3e, em todas essas horas.<\/p>\n<p>Senhor! Ao redor de mim tudo j\u00e1 \u00e9 sil\u00eancio e calma. Envia o anjo da paz a esta casa. Relaxa meus nervos, sossega o meu esp\u00edrito, solta as minhas tens\u00f5es, inunda meu ser de sil\u00eancio e de serenidade.<\/p>\n<p>Vela por mim, Pai querido, enquanto eu me entrego confiante ao sono, como uma crian\u00e7a que dorme feliz em teus bra\u00e7os.<br \/>\nEm teu Nome, Senhor, descansarei tranquilo.<\/p>\n<p>Assim seja!<\/p>\n<div>\u00c1men.<\/div>\n<div>\u00a0<\/div>\n<h3>Ora\u00e7\u00e3o da noite, com esquema de breve exame de consci\u00eancia<\/h3>\n<div>Em nome do Pai e do Filho e do Esp\u00edrito Santo.<br \/>\n\u00c1men<\/div>\n<p>Eu Vos adoro, meu Deus, e Vos amo com todo o cora\u00e7\u00e3o.<br \/>\nDou-Vos gra\u00e7as por me terdes criado, feito crist\u00e3o e conservado neste dia.<br \/>\nPerdoai-me as faltas que hoje cometi e, se algum bem fiz, aceitai-o.<br \/>\nGuardai-me durante o repouso e livrai-me dos perigos.<br \/>\nA vossa gra\u00e7a esteja sempre comigo e com todos os que me s\u00e3o caros.<br \/>\n\u00c1men.<\/p>\n<p>Meu Deus, dai-me luz para conhecer os pecados que hoje cometi, as causas deles e os meios de os evitar.<\/p>\n<p>Exame de consci\u00eancia:<br \/>\nDeveres para com Deus: Lembrei-me de Deus durante o dia oferecendo-Lhe o meu trabalho, dando-Lhe gra\u00e7as, recorrendo a Ele com confian\u00e7a de filho? Deixei-me vencer pelos respeitos humanos em algum momento? Fiz as minhas ora\u00e7\u00f5es pausadamente com aten\u00e7\u00e3o e devo\u00e7\u00e3o?<\/p>\n<p>Deveres para com o pr\u00f3ximo: Tratei com dureza ou desprezo os demais? Tive a preocupa\u00e7\u00e3o de ajudar os que me rodeiam, fazendo-lhes, al\u00e9m disso, a vida mais agrad\u00e1vel? Preocupa-me tamb\u00e9m a sua vida religiosa? Fiz algum apostolado? Ca\u00ed na murmura\u00e7\u00e3o? Sei perdoar? Rezei pelas pessoas que de algum modo me preocupam?<\/p>\n<p>Deveres para comigo mesmo: Lutei pela minha pr\u00f3pria santifica\u00e7\u00e3o? Deixei-me levar por sentimentos de orgulho, vaidade, sensualidade? Esforcei-me por arrancar o meu defeito dominante? Recorri a Deus para que aumente em mim todas as virtudes e, especialmente, a f\u00e9, a esperan\u00e7a e a caridade?<\/p>\n<p><strong>Acto de contri\u00e7\u00e3o<\/strong>: Meu Deus, porque sois t\u00e3o bom, tenho muita pena de vos ter ofendido. Ajudai-me a n\u00e3o tornar a pecar.<\/p>\n<p><strong>Ao Anjo da Guarda<\/strong>: Anjo da Guarda, minha companhia, guardai a minha alma de noite e de dia.<\/p>\n<p><strong>Pelas Almas do Purgat\u00f3rio<\/strong>: Dai-lhes, Senhor, o eterno descanso, entre os esplendores da luz perp\u00e9tua. Descansem em paz. \u00c1men.<\/p>\n<p>Amado Jesus, Jos\u00e9 e Maria, dou-Vos o cora\u00e7\u00e3o e a alma minha.<br \/>\nAmado Jesus, Jos\u00e9 e Maria, assisti-me na \u00faltima agonia.<br \/>\nAmado Jesus, Jos\u00e9 e Maria, expire em paz entre V\u00f3s a alma minha.<\/p>\n<div>Pai Nosso, Av\u00e9 Maria, Gl\u00f3ria ao Pai.<\/div>\n<p>&nbsp;<\/p>\n","protected":false},"excerpt":{"rendered":"<p>Ora\u00e7\u00e3o da manh\u00e3, ao romper do dia Bendita seja a luz do dia, bendito seja Quem tudo cria, bendito seja o fruto sagrado da sempre pur\u00edssima Virgem Maria. \u00c1men. \u00a0 Ora\u00e7\u00e3o da manh\u00e3 Senhor, no in\u00edcio deste dia, venho pedir-Te &hellip; <a href=\"http:\/\/www.paroquiadoscanhas.pt\/?page_id=1191\">Continue reading <span class=\"meta-nav\">&rarr;<\/span><\/a><\/p>\n","protected":false},"author":1,"featured_media":0,"parent":0,"menu_order":0,"comment_status":"closed","ping_status":"open","template":"","meta":{"footnotes":""},"class_list":["post-1191","page","type-page","status-publish","hentry"],"_links":{"self":[{"href":"http:\/\/www.paroquiadoscanhas.pt\/index.php?rest_route=\/wp\/v2\/pages\/1191","targetHints":{"allow":["GET"]}}],"collection":[{"href":"http:\/\/www.paroquiadoscanhas.pt\/index.php?rest_route=\/wp\/v2\/pages"}],"about":[{"href":"http:\/\/www.paroquiadoscanhas.pt\/index.php?rest_route=\/wp\/v2\/types\/page"}],"author":[{"embeddable":true,"href":"http:\/\/www.paroquiadoscanhas.pt\/index.php?rest_route=\/wp\/v2\/users\/1"}],"replies":[{"embeddable":true,"href":"http:\/\/www.paroquiadoscanhas.pt\/index.php?rest_route=%2Fwp%2Fv2%2Fcomments&post=1191"}],"version-history":[{"count":11,"href":"http:\/\/www.paroquiadoscanhas.pt\/index.php?rest_route=\/wp\/v2\/pages\/1191\/revisions"}],"predecessor-version":[{"id":1230,"href":"http:\/\/www.paroquiadoscanhas.pt\/index.php?rest_route=\/wp\/v2\/pages\/1191\/revisions\/1230"}],"wp:attachment":[{"href":"http:\/\/www.paroquiadoscanhas.pt\/index.php?rest_route=%2Fwp%2Fv2%2Fmedia&parent=1191"}],"curies":[{"name":"wp","href":"https:\/\/api.w.org\/{rel}","templated":true}]}}