{"id":1172,"date":"2012-05-06T13:21:23","date_gmt":"2012-05-06T13:21:23","guid":{"rendered":"http:\/\/176.9.29.233\/~paroqui3\/?page_id=1172"},"modified":"2012-05-06T14:45:22","modified_gmt":"2012-05-06T14:45:22","slug":"i-festival-de-talentos-locais","status":"publish","type":"page","link":"http:\/\/www.paroquiadoscanhas.pt\/?page_id=1172","title":{"rendered":"I Festival de Talentos Locais"},"content":{"rendered":"<h4 align=\"center\"><strong>\u00a0Par\u00f3quias dos Canhas, Carvalhal\u00a0e Cristo Rei.<\/strong><\/h4>\n<p><strong>\u201cAlegrai-vos sempre no Senhor\u201d (Fl 4, 4) <\/strong><\/p>\n<p style=\"text-align: justify;\"><strong>O I FESTIVAL DE TALENTOS LOCAIS \u00e9 um concurso que tem por objectivos:<\/strong><\/p>\n<p style=\"text-align: justify;\"><strong>&#8211;\u00a0 a dinamiza\u00e7\u00e3o da pastoral das crian\u00e7as e jovens; <\/strong><\/p>\n<p style=\"text-align: justify;\"><strong>&#8211; incentivar a cria\u00e7\u00e3o po\u00e9tico-musical partindo dos valores da cidadania e humano-crist\u00e3os; <\/strong><\/p>\n<p style=\"text-align: justify;\"><strong>&#8211; promover a can\u00e7\u00e3o mensagem como forma de linguagem musical e evangelizadora;<\/strong><\/p>\n<p style=\"text-align: justify;\"><strong>&#8211; possibilitar a comunica\u00e7\u00e3o, o conv\u00edvio entre os jovens das Par\u00f3quias dos Canhas, Carvalhal e Cristo Rei, dos diferentes Grupos e Movimentos, no \u00e2mbito do Conselho Pastoral Catequ\u00e9tica Juvenil. <\/strong><\/p>\n<p><strong>Regulamento <\/strong><strong><\/strong><\/p>\n<p><strong>I \u2013 Organiza\u00e7\u00e3o <\/strong><strong><\/strong><\/p>\n<p><strong>1. Todo o festival \u00e9 da responsabilidade do Conselho Pastoral Catequ\u00e9tica Juvenil.<\/strong><\/p>\n<p><strong>II \u2013 Participantes <\/strong><strong><\/strong><\/p>\n<p><strong>1. Os interessados dever\u00e3o fazer uma pr\u00e9-inscri\u00e7\u00e3o at\u00e9 ao\u00a0dia 20 de Maio de 2012. <\/strong><\/p>\n<p style=\"text-align: justify;\"><strong>2. Dever\u00e1 ser entregue at\u00e9 ao dia 20 de Maio de 2012 <\/strong><\/p>\n<p style=\"text-align: justify;\"><strong>.\u00a0 um exemplar dactilografado da letra e outro com letra e m\u00fasica, em folha de formato A4, com identifica\u00e7\u00e3o no canto superior direito, do(s) seu(s) autor(es); <\/strong><\/p>\n<p style=\"text-align: justify;\"><strong>. uma grava\u00e7\u00e3o original da can\u00e7\u00e3o em CD devidamente identificada com condi\u00e7\u00f5es m\u00ednimas de audi\u00e7\u00e3o; <\/strong><\/p>\n<p style=\"text-align: justify;\"><strong>. uma folha de formato A4 com os nomes, idades, moradas completas, n\u00fameros de telem\u00f3vel e e-mail dos int\u00e9rpretes; <\/strong><\/p>\n<p style=\"text-align: justify;\"><strong>. c\u00f3pias dos documentos de identifica\u00e7\u00e3o dos elementos participantes (ex: B.I. ou Cart\u00e3o do Cidad\u00e3o). <\/strong><\/p>\n<p style=\"text-align: justify;\"><strong>3. Podem participar as can\u00e7\u00f5es pr\u00e9-inscritas em que os autores e int\u00e9rpretes, individuais (entre os 15 e os 30 anos de idade, completos at\u00e9 31 de Dezembro de 2012) ou em grupo (com o m\u00e1ximo de sete elementos), incluindo vocalistas, coros e instrumentistas, em que pelo menos cinco dos elementos tenham as idades compreendidas no\u00a0anteriormente citado. <\/strong><\/p>\n<p style=\"text-align: justify;\"><strong>4. Os participantes devem respeitar os objectivos do festival e apresentar os trabalhos segundo o tema (geral ou parcial) de mensagem crist\u00e3 subjacente \u00e0 Mensagem do Santo Padre para a Jornada Diocesana do dia Mundial da Juventude \u2013 \u201cAlegrai-vos sempre no Senhor\u201d (Fl 4, 4). <\/strong><\/p>\n<p style=\"text-align: justify;\"><strong>5. Cada can\u00e7\u00e3o ou grupo concorrente deve designar um coordenador de can\u00e7\u00e3o para assumir toda a responsabilidade da can\u00e7\u00e3o\/grupo nas reuni\u00f5es e comunica\u00e7\u00e3o com a organiza\u00e7\u00e3o. <\/strong><\/p>\n<p><strong>III \u2013 Can\u00e7\u00f5es concorrentes <\/strong><strong><\/strong><\/p>\n<p><strong>1. As can\u00e7\u00f5es e letras dever\u00e3o ser originais ou n\u00e3o.<\/strong><\/p>\n<p><strong>2. A<\/strong><strong> dura\u00e7\u00e3o da execu\u00e7\u00e3o de cada can\u00e7\u00e3o n\u00e3o poder\u00e1 ultrapassar os quatro minutos. <\/strong><\/p>\n<p><strong>3. Cada int\u00e9rprete (vocal) s\u00f3 poder\u00e1 executar uma can\u00e7\u00e3o. <\/strong><\/p>\n<p style=\"text-align: justify;\"><strong>4. \u00c9 permitido playback parcial da orquestra\u00e7\u00e3o ou acompanhamento musical. <\/strong><\/p>\n<p style=\"text-align: justify;\"><strong>5. Qualquer mudan\u00e7a ou substitui\u00e7\u00e3o dos participantes s\u00f3 ser\u00e1 aceite por raz\u00f5es de for\u00e7a maior, depois de analisadas pela Comiss\u00e3o Organizadora. <\/strong><\/p>\n<p style=\"text-align: justify;\"><strong>6. Caso existam mais de dez pr\u00e9-inscri\u00e7\u00f5es a Comiss\u00e3o Organizadora reserva o direito de realizar uma selec\u00e7\u00e3o das m\u00fasicas. <\/strong><\/p>\n<p><strong>IV \u2013 Realiza\u00e7\u00e3o do Festival <\/strong><strong><\/strong><\/p>\n<ol>\n<li><strong>Ensaios\/Conv\u00edvio: Sexta-Feira, dia 18 de Maio de 2012, com hora a designar. \u00a0<\/strong><\/li>\n<\/ol>\n<p><strong>A n\u00e3o compar\u00eancia ao ensaio exclui automaticamente a inscri\u00e7\u00e3o e participa\u00e7\u00e3o no festival. <\/strong><\/p>\n<p><strong>V \u2013 Pr\u00e9mios <\/strong><strong><\/strong><\/p>\n<p><strong>1. Ser\u00e3o entregues certificados de participa\u00e7\u00e3o. <\/strong><\/p>\n<p><strong>2. Men\u00e7\u00f5es especiais <\/strong><\/p>\n<p><strong>a) Can\u00e7\u00e3o vencedora &#8211; Participa\u00e7\u00e3o no Festival Diocesano <\/strong><\/p>\n<p><strong>b) Melhor texto mensagem<\/strong><\/p>\n<p><strong>c) Melhor interpreta\u00e7\u00e3o <\/strong><\/p>\n<p><strong>VII \u2013 Contactos <\/strong><strong><\/strong><\/p>\n<p><strong>1. Para pr\u00e9-inscri\u00e7\u00f5es e inscri\u00e7\u00f5es entrar em contacto com: <\/strong><\/p>\n<p><strong>George \u2013 967535618<\/strong><\/p>\n<p><strong>Todos os casos omissos neste regulamento ser\u00e3o resolvidos pela Comiss\u00e3o <\/strong><strong>Organizadora do Festival<\/strong><strong><\/strong><\/p>\n","protected":false},"excerpt":{"rendered":"<p>\u00a0Par\u00f3quias dos Canhas, Carvalhal\u00a0e Cristo Rei. \u201cAlegrai-vos sempre no Senhor\u201d (Fl 4, 4) O I FESTIVAL DE TALENTOS LOCAIS \u00e9 um concurso que tem por objectivos: &#8211;\u00a0 a dinamiza\u00e7\u00e3o da pastoral das crian\u00e7as e jovens; &#8211; incentivar a cria\u00e7\u00e3o po\u00e9tico-musical &hellip; <a href=\"http:\/\/www.paroquiadoscanhas.pt\/?page_id=1172\">Continue reading <span class=\"meta-nav\">&rarr;<\/span><\/a><\/p>\n","protected":false},"author":1,"featured_media":0,"parent":0,"menu_order":0,"comment_status":"closed","ping_status":"open","template":"","meta":{"footnotes":""},"class_list":["post-1172","page","type-page","status-publish","hentry"],"_links":{"self":[{"href":"http:\/\/www.paroquiadoscanhas.pt\/index.php?rest_route=\/wp\/v2\/pages\/1172","targetHints":{"allow":["GET"]}}],"collection":[{"href":"http:\/\/www.paroquiadoscanhas.pt\/index.php?rest_route=\/wp\/v2\/pages"}],"about":[{"href":"http:\/\/www.paroquiadoscanhas.pt\/index.php?rest_route=\/wp\/v2\/types\/page"}],"author":[{"embeddable":true,"href":"http:\/\/www.paroquiadoscanhas.pt\/index.php?rest_route=\/wp\/v2\/users\/1"}],"replies":[{"embeddable":true,"href":"http:\/\/www.paroquiadoscanhas.pt\/index.php?rest_route=%2Fwp%2Fv2%2Fcomments&post=1172"}],"version-history":[{"count":3,"href":"http:\/\/www.paroquiadoscanhas.pt\/index.php?rest_route=\/wp\/v2\/pages\/1172\/revisions"}],"predecessor-version":[{"id":1179,"href":"http:\/\/www.paroquiadoscanhas.pt\/index.php?rest_route=\/wp\/v2\/pages\/1172\/revisions\/1179"}],"wp:attachment":[{"href":"http:\/\/www.paroquiadoscanhas.pt\/index.php?rest_route=%2Fwp%2Fv2%2Fmedia&parent=1172"}],"curies":[{"name":"wp","href":"https:\/\/api.w.org\/{rel}","templated":true}]}}